{"id":931,"date":"2016-12-16T09:36:20","date_gmt":"2016-12-16T08:36:20","guid":{"rendered":"http:\/\/brasserieduclocher.be\/philomene\/?page_id=931"},"modified":"2018-12-30T19:10:09","modified_gmt":"2018-12-30T17:10:09","slug":"produits-derives","status":"publish","type":"page","link":"https:\/\/brasserieduclocher.be\/philomene\/produits-derives\/","title":{"rendered":"Produits d\u00e9riv\u00e9s"},"content":{"rendered":"<p>Toute une s\u00e9rie de produits d\u00e9riv\u00e9s se sont d\u00e9velopp\u00e9s autour de nos bi\u00e8res.<\/p>\n<p>Ils sont pour la plupart disponibles \u00e0 la brasserie mais certains d&#8217;entre eux ne le sont que chez leur artisan producteur.<\/p>\n<h5>Disponibles \u00e0 la brasserie :<\/h5>\n<table style=\"border: 0px;\">\n<tbody>\n<tr style=\"border: 0px solid black;\">\n<td style=\"border: 0px solid black;\"><img loading=\"lazy\" decoding=\"async\" class=\"alignnone size-large wp-image-656\" src=\"http:\/\/brasserieduclocher.be\/philomene\/wp-content\/uploads\/2016\/06\/IMG_7841-300x200.jpg\" alt=\"IMG_7841\" width=\"900\" height=\"400\"><\/td>\n<td style=\"border: 0px solid black;\"><img loading=\"lazy\" decoding=\"async\" class=\"alignnone size-large wp-image-925\" src=\"http:\/\/brasserieduclocher.be\/philomene\/wp-content\/uploads\/2016\/06\/d\u00e9capsuleur-1024x575.jpg\" width=\"1024\" height=\"400\"><\/td>\n<td style=\"border: 0px solid black;\"><img loading=\"lazy\" decoding=\"async\" class=\"alignnone size-large wp-image-936\" src=\"http:\/\/brasserieduclocher.be\/philomene\/wp-content\/uploads\/2016\/06\/IMG_20161118_134600.jpg\" alt=\"Coffret cadeau\" width=\"1024\" height=\"400\"><\/td>\n<\/tr>\n<tr>\n<td>Verres (galopin &#8211; 25cl -33cl )<\/td>\n<td>D\u00e9capsuleur souvenir<\/td>\n<td>coffret cadeau &#8220;clocher&#8221;<\/td>\n<\/tr>\n<\/tbody>\n<\/table>\n<p>&nbsp;<\/p>\n<h5>En vente \u00e0 la Boucherie De Coster (Malpas \/ Malonne) &#8211; <a href=\"https:\/\/www.google.be\/maps\/place\/Boucherie+Charcuterie+Traiteur+De+Coster+et+Fils\/@50.4268773,4.7982485,17z\/data=!4m12!1m6!3m5!1s0x47c19a65637ec04b:0xf1af988e3e59d102!2sBoucherie+Charcuterie+Traiteur+De+Coster+et+Fils!8m2!3d50.42685!4d4.80092!3m4!1s0x47c19a65637ec04b:0xf1af988e3e59d102!8m2!3d50.42685!4d4.80092?hl=fr\" target=\"_blank\" rel=\"noopener\">carte<\/a><\/h5>\n<p>&nbsp;<\/p>\n<table style=\"width: 788px; height: 371px; border: 0px;\">\n<tbody>\n<tr style=\"border: 0px solid black;\">\n<td style=\"border: 0px solid black;\"><img loading=\"lazy\" decoding=\"async\" class=\"alignnone size-medium wp-image-935\" src=\"http:\/\/brasserieduclocher.be\/philomene\/wp-content\/uploads\/2016\/12\/p\u00e2t\u00e9-225x300.jpg\" alt=\"pate\" width=\"225\" height=\"300\" srcset=\"https:\/\/brasserieduclocher.be\/philomene\/wp-content\/uploads\/2016\/12\/p\u00e2t\u00e9-225x300.jpg 225w, https:\/\/brasserieduclocher.be\/philomene\/wp-content\/uploads\/2016\/12\/p\u00e2t\u00e9-195x260.jpg 195w, https:\/\/brasserieduclocher.be\/philomene\/wp-content\/uploads\/2016\/12\/p\u00e2t\u00e9-576x768.jpg 576w, https:\/\/brasserieduclocher.be\/philomene\/wp-content\/uploads\/2016\/12\/p\u00e2t\u00e9-311x414.jpg 311w, https:\/\/brasserieduclocher.be\/philomene\/wp-content\/uploads\/2016\/12\/p\u00e2t\u00e9-414x552.jpg 414w, https:\/\/brasserieduclocher.be\/philomene\/wp-content\/uploads\/2016\/12\/p\u00e2t\u00e9.jpg 720w\" sizes=\"(max-width: 225px) 100vw, 225px\" \/><\/td>\n<td style=\"border: 0px solid black;\"><img loading=\"lazy\" decoding=\"async\" class=\"alignnone size-medium wp-image-936\" src=\"http:\/\/brasserieduclocher.be\/philomene\/wp-content\/uploads\/2016\/12\/saucisse-300x300.jpg\" alt=\"saucisse\" width=\"300\" height=\"300\" srcset=\"https:\/\/brasserieduclocher.be\/philomene\/wp-content\/uploads\/2016\/12\/saucisse-300x300.jpg 300w, https:\/\/brasserieduclocher.be\/philomene\/wp-content\/uploads\/2016\/12\/saucisse-150x150.jpg 150w, https:\/\/brasserieduclocher.be\/philomene\/wp-content\/uploads\/2016\/12\/saucisse-768x768.jpg 768w, https:\/\/brasserieduclocher.be\/philomene\/wp-content\/uploads\/2016\/12\/saucisse-250x250.jpg 250w, https:\/\/brasserieduclocher.be\/philomene\/wp-content\/uploads\/2016\/12\/saucisse-550x550.jpg 550w, https:\/\/brasserieduclocher.be\/philomene\/wp-content\/uploads\/2016\/12\/saucisse-500x500.jpg 500w, https:\/\/brasserieduclocher.be\/philomene\/wp-content\/uploads\/2016\/12\/saucisse-225x225.jpg 225w, https:\/\/brasserieduclocher.be\/philomene\/wp-content\/uploads\/2016\/12\/saucisse-200x200.jpg 200w, https:\/\/brasserieduclocher.be\/philomene\/wp-content\/uploads\/2016\/12\/saucisse-400x400.jpg 400w, https:\/\/brasserieduclocher.be\/philomene\/wp-content\/uploads\/2016\/12\/saucisse-260x260.jpg 260w, https:\/\/brasserieduclocher.be\/philomene\/wp-content\/uploads\/2016\/12\/saucisse-600x600.jpg 600w, https:\/\/brasserieduclocher.be\/philomene\/wp-content\/uploads\/2016\/12\/saucisse-414x414.jpg 414w, https:\/\/brasserieduclocher.be\/philomene\/wp-content\/uploads\/2016\/12\/saucisse-60x60.jpg 60w, https:\/\/brasserieduclocher.be\/philomene\/wp-content\/uploads\/2016\/12\/saucisse.jpg 960w\" sizes=\"(max-width: 300px) 100vw, 300px\" \/><\/td>\n<td style=\"border: 0px solid black;\"><a href=\"http:\/\/brasserieduclocher.be\/philomene\/wp-content\/uploads\/2018\/12\/joues-cointessence.png\" target=\"_blank\" rel=\"noopener\"><img loading=\"lazy\" decoding=\"async\" class=\"aligncenter wp-image-1547 size-medium\" src=\"http:\/\/brasserieduclocher.be\/philomene\/wp-content\/uploads\/2018\/12\/joues-cointessence-169x300.png\" alt=\"\" width=\"169\" height=\"300\" srcset=\"https:\/\/brasserieduclocher.be\/philomene\/wp-content\/uploads\/2018\/12\/joues-cointessence-169x300.png 169w, https:\/\/brasserieduclocher.be\/philomene\/wp-content\/uploads\/2018\/12\/joues-cointessence.png 360w\" sizes=\"(max-width: 169px) 100vw, 169px\" \/><\/a><\/td>\n<\/tr>\n<tr>\n<td style=\"text-align: center;\">P\u00e2t\u00e9 \u00e0 la Philom\u00e8ne Florale<\/td>\n<td style=\"text-align: center;\">Saucisses s\u00e8ches \u00e0 la&nbsp;Philom\u00e8ne Florale<\/td>\n<td style=\"text-align: center;\">Joues de porc en gel\u00e9e&nbsp;<br \/>\n\u00e0 la&nbsp;Philom\u00e8ne Cointessence<\/td>\n<\/tr>\n<\/tbody>\n<\/table>\n<h5>En vente \u00e0 la Ferme de la Grosse Haie <a href=\"https:\/\/www.google.be\/maps\/place\/Ferme+de+la+Grosse+Haie\/@50.417826,4.659496,520m\/data=!3m2!1e3!4b1!4m13!1m7!3m6!1s0x47c185f774e9f88d:0xfac00bd633c54185!2sRue+Fosses+aux+Ch%C3%AAnes,+Sambreville!3b1!8m2!3d50.4221865!4d4.6544242!3m4!1s0x47c185f8410eee9b:0x5e678564a36965ab!8m2!3d50.417826!4d4.6616847?hl=fr\" target=\"_blank\" rel=\"noopener\"> &#8211; carte &#8211;<\/a> et \u00e0 la brasserie<\/h5>\n<table style=\"width: 594px; height: 220px; border: 0px;\">\n<tbody>\n<tr style=\"border: 0px solid black;\">\n<td style=\"border: 0px solid black;\"><img loading=\"lazy\" decoding=\"async\" class=\"alignnone wp-image-1297 size-full\" src=\"http:\/\/brasserieduclocher.be\/philomene\/wp-content\/uploads\/2016\/12\/geleeHoptimale.jpg\" alt=\"\" width=\"960\" height=\"540\" srcset=\"https:\/\/brasserieduclocher.be\/philomene\/wp-content\/uploads\/2016\/12\/geleeHoptimale.jpg 960w, https:\/\/brasserieduclocher.be\/philomene\/wp-content\/uploads\/2016\/12\/geleeHoptimale-300x169.jpg 300w, https:\/\/brasserieduclocher.be\/philomene\/wp-content\/uploads\/2016\/12\/geleeHoptimale-768x432.jpg 768w, https:\/\/brasserieduclocher.be\/philomene\/wp-content\/uploads\/2016\/12\/geleeHoptimale-330x186.jpg 330w, https:\/\/brasserieduclocher.be\/philomene\/wp-content\/uploads\/2016\/12\/geleeHoptimale-736x414.jpg 736w, https:\/\/brasserieduclocher.be\/philomene\/wp-content\/uploads\/2016\/12\/geleeHoptimale-414x233.jpg 414w\" sizes=\"(max-width: 960px) 100vw, 960px\" \/><\/td>\n<td style=\"border: 0px solid black;\"><a href=\"http:\/\/brasserieduclocher.be\/philomene\/wp-content\/uploads\/2016\/12\/gel%C3%A9%C3%A9.gif\" target=\"_blank\" rel=\"noopener\"><img loading=\"lazy\" decoding=\"async\" class=\"alignnone wp-image-1301 size-large\" src=\"http:\/\/brasserieduclocher.be\/philomene\/wp-content\/uploads\/2016\/12\/gel\u00e9\u00e9-1024x603.gif\" alt=\"\" width=\"1024\" height=\"603\" srcset=\"https:\/\/brasserieduclocher.be\/philomene\/wp-content\/uploads\/2016\/12\/gel\u00e9\u00e9-1024x603.gif 1024w, https:\/\/brasserieduclocher.be\/philomene\/wp-content\/uploads\/2016\/12\/gel\u00e9\u00e9-300x177.gif 300w, https:\/\/brasserieduclocher.be\/philomene\/wp-content\/uploads\/2016\/12\/gel\u00e9\u00e9-768x453.gif 768w, https:\/\/brasserieduclocher.be\/philomene\/wp-content\/uploads\/2016\/12\/gel\u00e9\u00e9-330x194.gif 330w, https:\/\/brasserieduclocher.be\/philomene\/wp-content\/uploads\/2016\/12\/gel\u00e9\u00e9-1920x1131.gif 1920w, https:\/\/brasserieduclocher.be\/philomene\/wp-content\/uploads\/2016\/12\/gel\u00e9\u00e9-703x414.gif 703w, https:\/\/brasserieduclocher.be\/philomene\/wp-content\/uploads\/2016\/12\/gel\u00e9\u00e9-1280x754.gif 1280w, https:\/\/brasserieduclocher.be\/philomene\/wp-content\/uploads\/2016\/12\/gel\u00e9\u00e9-414x244.gif 414w\" sizes=\"(max-width: 1024px) 100vw, 1024px\" \/><\/a><\/td>\n<\/tr>\n<tr>\n<td>Gel\u00e9e de Philom\u00e8ne HoptimAle<\/td>\n<td>&nbsp;<\/td>\n<\/tr>\n<\/tbody>\n<\/table>\n","protected":false},"excerpt":{"rendered":"<p>Toute une s\u00e9rie de produits d\u00e9riv\u00e9s se sont d\u00e9velopp\u00e9s autour de nos bi\u00e8res. Ils sont pour la plupart disponibles \u00e0 la brasserie mais certains d&#8217;entre eux ne le sont que chez leur artisan producteur. Disponibles \u00e0 la brasserie : Verres (galopin &#8211; 25cl -33cl ) D\u00e9capsuleur souvenir coffret cadeau &#8220;clocher&#8221; &nbsp; En vente \u00e0 la [&hellip;]<\/p>\n","protected":false},"author":1,"featured_media":0,"parent":0,"menu_order":0,"comment_status":"closed","ping_status":"closed","template":"","meta":{"ngg_post_thumbnail":0,"footnotes":""},"_links":{"self":[{"href":"https:\/\/brasserieduclocher.be\/philomene\/wp-json\/wp\/v2\/pages\/931"}],"collection":[{"href":"https:\/\/brasserieduclocher.be\/philomene\/wp-json\/wp\/v2\/pages"}],"about":[{"href":"https:\/\/brasserieduclocher.be\/philomene\/wp-json\/wp\/v2\/types\/page"}],"author":[{"embeddable":true,"href":"https:\/\/brasserieduclocher.be\/philomene\/wp-json\/wp\/v2\/users\/1"}],"replies":[{"embeddable":true,"href":"https:\/\/brasserieduclocher.be\/philomene\/wp-json\/wp\/v2\/comments?post=931"}],"version-history":[{"count":38,"href":"https:\/\/brasserieduclocher.be\/philomene\/wp-json\/wp\/v2\/pages\/931\/revisions"}],"predecessor-version":[{"id":988,"href":"https:\/\/brasserieduclocher.be\/philomene\/wp-json\/wp\/v2\/pages\/931\/revisions\/988"}],"wp:attachment":[{"href":"https:\/\/brasserieduclocher.be\/philomene\/wp-json\/wp\/v2\/media?parent=931"}],"curies":[{"name":"wp","href":"https:\/\/api.w.org\/{rel}","templated":true}]}}