{"id":653,"date":"2016-06-01T14:34:20","date_gmt":"2016-06-01T14:34:20","guid":{"rendered":"http:\/\/waregne.be\/philomene\/?page_id=653"},"modified":"2020-12-06T23:55:50","modified_gmt":"2020-12-06T21:55:50","slug":"comptoir-de-vente","status":"publish","type":"page","link":"https:\/\/brasserieduclocher.be\/philomene\/la-brasserie\/comptoir-de-vente\/","title":{"rendered":"Comptoir de vente"},"content":{"rendered":"<p>Nous organisons une permanence de vente tous les samedis matin de 10h00 \u00e0 12h30 \u00e0 la Brasserie.<\/p>\n<p>Il s\u2019agit d\u2019un comptoir de vente o\u00f9 vous pouvez acheter la bi\u00e8re \u00e0 emporter ainsi que les verres qui vont avec. Paiement \u00e9lectronique disponible.<br \/>\nAttention, il n&#8217;est pas possible de visiter la brasserie \u00e0 ce moment. Pour les visites, veuillez consulter les horaires sur la page \u00ab <a href=\"https:\/\/brasserieduclocher.be\/philomene\/index.php\/visites\/\" target=\"_blank\" rel=\"noopener noreferrer\">Visites<\/a>\u00bb.<\/p>\n<p><img loading=\"lazy\" decoding=\"async\" class=\" wp-image-656 alignright\" src=\"http:\/\/waregne.be\/philomene\/wp-content\/uploads\/2016\/06\/IMG_7841-1024x683.jpg\" alt=\"IMG_7841\" width=\"488\" height=\"326\" srcset=\"https:\/\/brasserieduclocher.be\/philomene\/wp-content\/uploads\/2016\/06\/IMG_7841-1024x683.jpg 1024w, https:\/\/brasserieduclocher.be\/philomene\/wp-content\/uploads\/2016\/06\/IMG_7841-300x200.jpg 300w, https:\/\/brasserieduclocher.be\/philomene\/wp-content\/uploads\/2016\/06\/IMG_7841-768x512.jpg 768w, https:\/\/brasserieduclocher.be\/philomene\/wp-content\/uploads\/2016\/06\/IMG_7841-150x100.jpg 150w, https:\/\/brasserieduclocher.be\/philomene\/wp-content\/uploads\/2016\/06\/IMG_7841-330x220.jpg 330w, https:\/\/brasserieduclocher.be\/philomene\/wp-content\/uploads\/2016\/06\/IMG_7841-900x600.jpg 900w, https:\/\/brasserieduclocher.be\/philomene\/wp-content\/uploads\/2016\/06\/IMG_7841-1800x1200.jpg 1800w, https:\/\/brasserieduclocher.be\/philomene\/wp-content\/uploads\/2016\/06\/IMG_7841-736x490.jpg 736w, https:\/\/brasserieduclocher.be\/philomene\/wp-content\/uploads\/2016\/06\/IMG_7841-1920x1280.jpg 1920w, https:\/\/brasserieduclocher.be\/philomene\/wp-content\/uploads\/2016\/06\/IMG_7841-621x414.jpg 621w, https:\/\/brasserieduclocher.be\/philomene\/wp-content\/uploads\/2016\/06\/IMG_7841-1280x853.jpg 1280w, https:\/\/brasserieduclocher.be\/philomene\/wp-content\/uploads\/2016\/06\/IMG_7841-414x276.jpg 414w\" sizes=\"(max-width: 488px) 100vw, 488px\" \/><\/p>\n<p>Les articles suivants sont mis en vente (selon disponibilit\u00e9s) :<\/p>\n<ul style=\"line-height: 2;\">\n<li>Nos bi\u00e8res Philom\u00e8ne en bouteille de 33cl : 2 eur\/bouteille ; 45 eur pour la caisse de 24 bouteilles<\/li>\n<li>Nos bi\u00e8res Philom\u00e8ne en bouteille de 75cl : 5 eur\/bouteille ; 56 eur pour la caisse de 12 bouteilles<\/li>\n<li>Le verre officiel Philomene :\n<ul style=\"line-height: 3;\">\n<li>Verre Galopin : 4 eur<\/li>\n<li>Verre de service (25cl) : 5 eur<\/li>\n<li>Verre prestige (33cl) : 5 eur<\/li>\n<\/ul>\n<\/li>\n<li>Le d\u00e9capsuleur souvenir<\/li>\n<\/ul>\n<p><a href=\"http:\/\/brasserieduclocher.be\/philomene\/wp-content\/uploads\/2016\/06\/d\u00e9capsuleur.jpg\" target=\"_blank\" rel=\"noopener noreferrer\"><img loading=\"lazy\" decoding=\"async\" class=\"alignnone wp-image-925 size-medium\" src=\"http:\/\/brasserieduclocher.be\/philomene\/wp-content\/uploads\/2016\/06\/d\u00e9capsuleur-300x168.jpg\" alt=\"decapsuleur\" width=\"300\" height=\"168\" srcset=\"https:\/\/brasserieduclocher.be\/philomene\/wp-content\/uploads\/2016\/06\/d\u00e9capsuleur-300x168.jpg 300w, https:\/\/brasserieduclocher.be\/philomene\/wp-content\/uploads\/2016\/06\/d\u00e9capsuleur-768x431.jpg 768w, https:\/\/brasserieduclocher.be\/philomene\/wp-content\/uploads\/2016\/06\/d\u00e9capsuleur-1024x575.jpg 1024w, https:\/\/brasserieduclocher.be\/philomene\/wp-content\/uploads\/2016\/06\/d\u00e9capsuleur-330x185.jpg 330w, https:\/\/brasserieduclocher.be\/philomene\/wp-content\/uploads\/2016\/06\/d\u00e9capsuleur-1920x1078.jpg 1920w, https:\/\/brasserieduclocher.be\/philomene\/wp-content\/uploads\/2016\/06\/d\u00e9capsuleur-736x414.jpg 736w, https:\/\/brasserieduclocher.be\/philomene\/wp-content\/uploads\/2016\/06\/d\u00e9capsuleur-1280x719.jpg 1280w, https:\/\/brasserieduclocher.be\/philomene\/wp-content\/uploads\/2016\/06\/d\u00e9capsuleur-414x232.jpg 414w, https:\/\/brasserieduclocher.be\/philomene\/wp-content\/uploads\/2016\/06\/d\u00e9capsuleur.jpg 2048w\" sizes=\"(max-width: 300px) 100vw, 300px\" \/><br \/>\n<\/a><\/p>\n<ul style=\"line-height: 2;\">\n<li>Le coffret cadeau &#8220;Clocher&#8221; comprenant une bouteille 75cl, deux verres de 25cl et le d\u00e9capsuleur souvenir;<br \/>\nle tout dans une boite originale \u00e0 la silhouette de notre brasserie.<\/li>\n<\/ul>\n<p><a href=\"http:\/\/brasserieduclocher.be\/philomene\/wp-content\/uploads\/2016\/06\/IMG_20161118_134600.jpg\" target=\"_blank\" rel=\"noopener noreferrer\"><img loading=\"lazy\" decoding=\"async\" class=\"aligncenter wp-image-924 size-large\" src=\"http:\/\/brasserieduclocher.be\/philomene\/wp-content\/uploads\/2016\/06\/IMG_20161118_134600-1024x575.jpg\" alt=\"img_20161118_134600\" width=\"1024\" height=\"575\" srcset=\"https:\/\/brasserieduclocher.be\/philomene\/wp-content\/uploads\/2016\/06\/IMG_20161118_134600-1024x575.jpg 1024w, https:\/\/brasserieduclocher.be\/philomene\/wp-content\/uploads\/2016\/06\/IMG_20161118_134600-300x168.jpg 300w, https:\/\/brasserieduclocher.be\/philomene\/wp-content\/uploads\/2016\/06\/IMG_20161118_134600-768x431.jpg 768w, https:\/\/brasserieduclocher.be\/philomene\/wp-content\/uploads\/2016\/06\/IMG_20161118_134600-330x185.jpg 330w, https:\/\/brasserieduclocher.be\/philomene\/wp-content\/uploads\/2016\/06\/IMG_20161118_134600-1920x1078.jpg 1920w, https:\/\/brasserieduclocher.be\/philomene\/wp-content\/uploads\/2016\/06\/IMG_20161118_134600-736x414.jpg 736w, https:\/\/brasserieduclocher.be\/philomene\/wp-content\/uploads\/2016\/06\/IMG_20161118_134600-1280x719.jpg 1280w, https:\/\/brasserieduclocher.be\/philomene\/wp-content\/uploads\/2016\/06\/IMG_20161118_134600-414x232.jpg 414w\" sizes=\"(max-width: 1024px) 100vw, 1024px\" \/><\/a><\/p>\n","protected":false},"excerpt":{"rendered":"<p>Nous organisons une permanence de vente tous les samedis matin de 10h00 \u00e0 12h30 \u00e0 la Brasserie. Il s\u2019agit d\u2019un comptoir de vente o\u00f9 vous pouvez acheter la bi\u00e8re \u00e0 emporter ainsi que les verres qui vont avec. Paiement \u00e9lectronique disponible. Attention, il n&#8217;est pas possible de visiter la brasserie \u00e0 ce moment. Pour les [&hellip;]<\/p>\n","protected":false},"author":1,"featured_media":0,"parent":145,"menu_order":0,"comment_status":"closed","ping_status":"closed","template":"","meta":{"ngg_post_thumbnail":0,"footnotes":""},"_links":{"self":[{"href":"https:\/\/brasserieduclocher.be\/philomene\/wp-json\/wp\/v2\/pages\/653"}],"collection":[{"href":"https:\/\/brasserieduclocher.be\/philomene\/wp-json\/wp\/v2\/pages"}],"about":[{"href":"https:\/\/brasserieduclocher.be\/philomene\/wp-json\/wp\/v2\/types\/page"}],"author":[{"embeddable":true,"href":"https:\/\/brasserieduclocher.be\/philomene\/wp-json\/wp\/v2\/users\/1"}],"replies":[{"embeddable":true,"href":"https:\/\/brasserieduclocher.be\/philomene\/wp-json\/wp\/v2\/comments?post=653"}],"version-history":[{"count":10,"href":"https:\/\/brasserieduclocher.be\/philomene\/wp-json\/wp\/v2\/pages\/653\/revisions"}],"predecessor-version":[{"id":2119,"href":"https:\/\/brasserieduclocher.be\/philomene\/wp-json\/wp\/v2\/pages\/653\/revisions\/2119"}],"up":[{"embeddable":true,"href":"https:\/\/brasserieduclocher.be\/philomene\/wp-json\/wp\/v2\/pages\/145"}],"wp:attachment":[{"href":"https:\/\/brasserieduclocher.be\/philomene\/wp-json\/wp\/v2\/media?parent=653"}],"curies":[{"name":"wp","href":"https:\/\/api.w.org\/{rel}","templated":true}]}}