{"id":422,"date":"2016-02-24T09:06:52","date_gmt":"2016-02-24T09:06:52","guid":{"rendered":"http:\/\/waregne.be\/philomene\/?page_id=422"},"modified":"2017-11-10T20:26:23","modified_gmt":"2017-11-10T19:26:23","slug":"le-batiment-et-sa-cloche","status":"publish","type":"page","link":"https:\/\/brasserieduclocher.be\/philomene\/la-brasserie\/le-batiment-et-sa-cloche\/","title":{"rendered":"Le b\u00e2timent et sa cloche"},"content":{"rendered":"<p><strong><img loading=\"lazy\" decoding=\"async\" class=\"wp-image-837 alignright\" src=\"http:\/\/brasserieduclocher.be\/philomene\/wp-content\/uploads\/2016\/10\/IMG_8617-300x200.jpg\" alt=\"img_8617\" width=\"389\" height=\"259\" srcset=\"https:\/\/brasserieduclocher.be\/philomene\/wp-content\/uploads\/2016\/10\/IMG_8617-300x200.jpg 300w, https:\/\/brasserieduclocher.be\/philomene\/wp-content\/uploads\/2016\/10\/IMG_8617-768x512.jpg 768w, https:\/\/brasserieduclocher.be\/philomene\/wp-content\/uploads\/2016\/10\/IMG_8617-1024x683.jpg 1024w, https:\/\/brasserieduclocher.be\/philomene\/wp-content\/uploads\/2016\/10\/IMG_8617-150x100.jpg 150w, https:\/\/brasserieduclocher.be\/philomene\/wp-content\/uploads\/2016\/10\/IMG_8617-330x220.jpg 330w, https:\/\/brasserieduclocher.be\/philomene\/wp-content\/uploads\/2016\/10\/IMG_8617-900x600.jpg 900w, https:\/\/brasserieduclocher.be\/philomene\/wp-content\/uploads\/2016\/10\/IMG_8617-1800x1200.jpg 1800w, https:\/\/brasserieduclocher.be\/philomene\/wp-content\/uploads\/2016\/10\/IMG_8617-736x490.jpg 736w, https:\/\/brasserieduclocher.be\/philomene\/wp-content\/uploads\/2016\/10\/IMG_8617-1920x1280.jpg 1920w, https:\/\/brasserieduclocher.be\/philomene\/wp-content\/uploads\/2016\/10\/IMG_8617-621x414.jpg 621w, https:\/\/brasserieduclocher.be\/philomene\/wp-content\/uploads\/2016\/10\/IMG_8617-1280x853.jpg 1280w, https:\/\/brasserieduclocher.be\/philomene\/wp-content\/uploads\/2016\/10\/IMG_8617-414x276.jpg 414w\" sizes=\"(max-width: 389px) 100vw, 389px\" \/>L\u2019histoire de la chapelle<\/strong><\/p>\n<p>L\u2019\u00e9glise annexe &#8211; dite Chapelle du Piroy &#8211; d\u00e9di\u00e9e \u00e0 sainte Philom\u00e8ne (comme le mentionne le texte de donation de 1887) est inscrite \u00e0 l\u2019inventaire du Patrimoine architectural, mais n\u2019est pas class\u00e9e.<\/p>\n<p>Elle n\u2019est plus utilis\u00e9e pour les usages de la Paroisse de Malonne depuis 2009 (6 ans avant le d\u00e9but de notre projet). Elle est aujourd\u2019hui d\u00e9sacralis\u00e9e. Peu \u00e0 peu laiss\u00e9e \u00e0 l\u2019abandon et priv\u00e9e de chauffage, elle s\u2019est d\u00e9grad\u00e9e au point que le clocher mena\u00e7ait de s\u2019\u00e9crouler, rendant sa r\u00e9novation rapide indispensable pour garder l\u2019\u00e9difice dans le paysage malonnois.<\/p>\n<p>La sauvegarde de ce patrimoine commun est une des raisons qui nous ont incit\u00e9s \u00e0 l\u2019acqu\u00e9rir pour notre projet. Le mobilier liturgique a \u00e9t\u00e9 remis \u00e0 la fabrique d\u2019\u00e9glise.<\/p>\n<p>C\u2019est donc un b\u00e2timent tout \u00e0 fait assaini qui abrite notre jeune brasserie.<\/p>\n<p>Sur son site web <a href=\"http:\/\/balat.kikirpa.be\/results.php?linkthrough=BA&amp;linkval=Eglise+Sainte-Philom%C3%A8ne%5BLe+Piroy%5D\" target=\"_blank\" rel=\"noopener\">BALaT<\/a>, l&#8217;Institut Royal du Patrimoine Artistique&nbsp;reprend une s\u00e9rie d&#8217;<a href=\"http:\/\/balat.kikirpa.be\/results.php?linkthrough=BA&amp;linkval=Eglise+Sainte-Philom%C3%A8ne%5BLe+Piroy%5D\">\u00e9l\u00e9ments du patrimoine de la chapelle<\/a> dont une partie avait d\u00e9j\u00e0 disparru en 2015 lorsque nous avons pris possession des lieux.<\/p>\n<p>&nbsp;<\/p>\n<p>&nbsp;<\/p>\n<p><strong>L\u2019histoire de la cloche<img loading=\"lazy\" decoding=\"async\" class=\"wp-image-835 alignleft\" src=\"http:\/\/brasserieduclocher.be\/philomene\/wp-content\/uploads\/2016\/10\/IMG_3590-200x300.jpg\" alt=\"img_3590\" width=\"121\" height=\"182\" srcset=\"https:\/\/brasserieduclocher.be\/philomene\/wp-content\/uploads\/2016\/10\/IMG_3590-200x300.jpg 200w, https:\/\/brasserieduclocher.be\/philomene\/wp-content\/uploads\/2016\/10\/IMG_3590-768x1152.jpg 768w, https:\/\/brasserieduclocher.be\/philomene\/wp-content\/uploads\/2016\/10\/IMG_3590-683x1024.jpg 683w, https:\/\/brasserieduclocher.be\/philomene\/wp-content\/uploads\/2016\/10\/IMG_3590-173x260.jpg 173w, https:\/\/brasserieduclocher.be\/philomene\/wp-content\/uploads\/2016\/10\/IMG_3590-854x1280.jpg 854w, https:\/\/brasserieduclocher.be\/philomene\/wp-content\/uploads\/2016\/10\/IMG_3590-512x768.jpg 512w, https:\/\/brasserieduclocher.be\/philomene\/wp-content\/uploads\/2016\/10\/IMG_3590-276x414.jpg 276w, https:\/\/brasserieduclocher.be\/philomene\/wp-content\/uploads\/2016\/10\/IMG_3590-1280x1920.jpg 1280w, https:\/\/brasserieduclocher.be\/philomene\/wp-content\/uploads\/2016\/10\/IMG_3590-414x621.jpg 414w, https:\/\/brasserieduclocher.be\/philomene\/wp-content\/uploads\/2016\/10\/IMG_3590.jpg 1667w\" sizes=\"(max-width: 121px) 100vw, 121px\" \/> <\/strong><\/p>\n<p>&nbsp;<\/p>\n<p>Fabriqu\u00e9e par l\u2019entreprise Firmin &amp; Adrien Causard en 1880, elle p\u00e8se 367 kg et sonne un Si.<\/p>\n<p>Elle se caract\u00e9rise par sa forme \u00e0 t\u00eate plate. Elle n\u2019a pas d\u2019anse, ce qui \u00e9tait \u00e0 la mode \u00e0 une certaine \u00e9poque et pr\u00e9sentait l\u2019avantage d\u2019\u00eatre moins on\u00e9reux.&nbsp;Elle est d\u00e9di\u00e9e \u00e0 sainte Philom\u00e8ne et sa d\u00e9coration est consid\u00e9r\u00e9e par les sp\u00e9cialistes comme tr\u00e8s int\u00e9ressante.<\/p>\n<p><img loading=\"lazy\" decoding=\"async\" class=\"alignnone wp-image-907 size-medium\" src=\"http:\/\/brasserieduclocher.be\/philomene\/wp-content\/uploads\/2016\/02\/piroy-634-300x200.jpg\" width=\"300\" height=\"200\" srcset=\"https:\/\/brasserieduclocher.be\/philomene\/wp-content\/uploads\/2016\/02\/piroy-634-300x200.jpg 300w, https:\/\/brasserieduclocher.be\/philomene\/wp-content\/uploads\/2016\/02\/piroy-634-150x100.jpg 150w, https:\/\/brasserieduclocher.be\/philomene\/wp-content\/uploads\/2016\/02\/piroy-634-330x220.jpg 330w, https:\/\/brasserieduclocher.be\/philomene\/wp-content\/uploads\/2016\/02\/piroy-634-600x402.jpg 600w, https:\/\/brasserieduclocher.be\/philomene\/wp-content\/uploads\/2016\/02\/piroy-634-414x276.jpg 414w, https:\/\/brasserieduclocher.be\/philomene\/wp-content\/uploads\/2016\/02\/piroy-634.jpg 602w\" sizes=\"(max-width: 300px) 100vw, 300px\" \/><img loading=\"lazy\" decoding=\"async\" class=\"alignnone size-medium wp-image-908\" src=\"http:\/\/brasserieduclocher.be\/philomene\/wp-content\/uploads\/2016\/02\/piroy-640-300x200.jpg\" alt=\"piroy-640\" width=\"300\" height=\"200\" srcset=\"https:\/\/brasserieduclocher.be\/philomene\/wp-content\/uploads\/2016\/02\/piroy-640-300x200.jpg 300w, https:\/\/brasserieduclocher.be\/philomene\/wp-content\/uploads\/2016\/02\/piroy-640-150x100.jpg 150w, https:\/\/brasserieduclocher.be\/philomene\/wp-content\/uploads\/2016\/02\/piroy-640-330x220.jpg 330w, https:\/\/brasserieduclocher.be\/philomene\/wp-content\/uploads\/2016\/02\/piroy-640-600x402.jpg 600w, https:\/\/brasserieduclocher.be\/philomene\/wp-content\/uploads\/2016\/02\/piroy-640-414x276.jpg 414w, https:\/\/brasserieduclocher.be\/philomene\/wp-content\/uploads\/2016\/02\/piroy-640.jpg 602w\" sizes=\"(max-width: 300px) 100vw, 300px\" \/><img loading=\"lazy\" decoding=\"async\" class=\"alignnone size-medium wp-image-909\" src=\"http:\/\/brasserieduclocher.be\/philomene\/wp-content\/uploads\/2016\/02\/piroy-674-300x200.jpg\" alt=\"piroy-674\" width=\"300\" height=\"200\" srcset=\"https:\/\/brasserieduclocher.be\/philomene\/wp-content\/uploads\/2016\/02\/piroy-674-300x200.jpg 300w, https:\/\/brasserieduclocher.be\/philomene\/wp-content\/uploads\/2016\/02\/piroy-674-150x100.jpg 150w, https:\/\/brasserieduclocher.be\/philomene\/wp-content\/uploads\/2016\/02\/piroy-674-330x220.jpg 330w, https:\/\/brasserieduclocher.be\/philomene\/wp-content\/uploads\/2016\/02\/piroy-674-600x402.jpg 600w, https:\/\/brasserieduclocher.be\/philomene\/wp-content\/uploads\/2016\/02\/piroy-674-414x276.jpg 414w, https:\/\/brasserieduclocher.be\/philomene\/wp-content\/uploads\/2016\/02\/piroy-674.jpg 602w\" sizes=\"(max-width: 300px) 100vw, 300px\" \/><\/p>\n<p>On peut&nbsp; y lire les inscriptions suivantes&nbsp;:<strong><em>&nbsp;<\/em><\/strong><em>&#8220;D\u00e9di\u00e9e \u00e0 Ste Philom\u00e8ne\u2019<br \/>\n<\/em>et la signature des&nbsp;fondeurs&nbsp;:<em> \u2018Fonderie Firmin &amp; Adrien Causard \u00e0 Tellin Belgique, 1880&#8243;<\/em><\/p>\n<p>&nbsp;<\/p>\n<p>&nbsp;<\/p>\n<p>&nbsp;<\/p>\n<p>Lors de la reprise du b\u00e2timent pour notre projet de brasserie, la cloche n&#8217;\u00e9tait d\u00e9j\u00e0 plus en \u00e9tat de sonner. En effet, le balancier en avait \u00e9t\u00e9 bloqu\u00e9 car elle \u00e9tait soup\u00e7onn\u00e9e de transmettre des vibrations au b\u00e2timent et d&#8217;ainsi en accentuer la d\u00e9gradation du clocher.<\/p>\n<p>Lors des travaux, nous l&#8217;avons d\u00e9pendue pour faciliter l&#8217;acc\u00e8s de&nbsp;l&#8217;entrepreneur au clocher pour entreprendre sa r\u00e9novation et aussi pour permettre aux villageois de la contempler. Depuis le fin&nbsp;novembre 2016, elle est&nbsp;expos\u00e9e \u00e0 l\u2019int\u00e9rieur de la brasserie.<\/p>\n<p><a href=\"http:\/\/brasserieduclocher.be\/philomene\/wp-content\/uploads\/2016\/11\/canalC-descente-cloche.mp4\" target=\"_blank\" rel=\"noopener\"><img loading=\"lazy\" decoding=\"async\" class=\"wp-image-834 alignleft\" src=\"http:\/\/brasserieduclocher.be\/philomene\/wp-content\/uploads\/2016\/10\/IMG_3579-300x200.jpg\" alt=\"img_3579\" width=\"413\" height=\"275\" srcset=\"https:\/\/brasserieduclocher.be\/philomene\/wp-content\/uploads\/2016\/10\/IMG_3579-300x200.jpg 300w, https:\/\/brasserieduclocher.be\/philomene\/wp-content\/uploads\/2016\/10\/IMG_3579-768x512.jpg 768w, https:\/\/brasserieduclocher.be\/philomene\/wp-content\/uploads\/2016\/10\/IMG_3579-1024x683.jpg 1024w, https:\/\/brasserieduclocher.be\/philomene\/wp-content\/uploads\/2016\/10\/IMG_3579-150x100.jpg 150w, https:\/\/brasserieduclocher.be\/philomene\/wp-content\/uploads\/2016\/10\/IMG_3579-330x220.jpg 330w, https:\/\/brasserieduclocher.be\/philomene\/wp-content\/uploads\/2016\/10\/IMG_3579-900x600.jpg 900w, https:\/\/brasserieduclocher.be\/philomene\/wp-content\/uploads\/2016\/10\/IMG_3579-1800x1200.jpg 1800w, https:\/\/brasserieduclocher.be\/philomene\/wp-content\/uploads\/2016\/10\/IMG_3579-736x490.jpg 736w, https:\/\/brasserieduclocher.be\/philomene\/wp-content\/uploads\/2016\/10\/IMG_3579-1920x1280.jpg 1920w, https:\/\/brasserieduclocher.be\/philomene\/wp-content\/uploads\/2016\/10\/IMG_3579-621x414.jpg 621w, https:\/\/brasserieduclocher.be\/philomene\/wp-content\/uploads\/2016\/10\/IMG_3579-1280x854.jpg 1280w, https:\/\/brasserieduclocher.be\/philomene\/wp-content\/uploads\/2016\/10\/IMG_3579-414x276.jpg 414w\" sizes=\"(max-width: 413px) 100vw, 413px\" \/><\/a><\/p>\n<p>&nbsp;<\/p>\n<p>&nbsp;<\/p>\n<p>&nbsp;<\/p>\n<p>Cliquez sur la photo pour voir le reportage vid\u00e9o de Canal C couvrant l&#8217;\u00e9v\u00e9nement<\/p>\n<p>&nbsp;<\/p>\n<p>&nbsp;<\/p>\n<p>&nbsp;<\/p>\n<p>&nbsp;<\/p>\n<p><strong>Les travaux <\/strong><em>[ en construction, un peu de patience]<\/em><\/p>\n<p>Afin de remettre le b\u00e2timent en \u00e9tat de salubrit\u00e9 et garantir la s\u00e9curit\u00e9 publique \u00e0 ses abords, d\u2019importants travaux ont \u00e9t\u00e9 r\u00e9alis\u00e9s afin de stopper la d\u00e9gradation de l\u2019ensemble et surtout d\u2019emp\u00eacher la chute du clocher qui mena\u00e7ait s\u00e9rieusement de tomber et aurait men\u00e9 le b\u00e2timent \u00e0 l\u2019\u00e9tat de ruine.<\/p>\n<p>Une soixantaine de b\u00e9n\u00e9voles se sont relay\u00e9s pendant les 3 mois et demi de travaux pour aider \u00e0 d\u00e9blayer, d\u00e9broussailler, nettoyer, d\u00e9monter, pr\u00e9parer tout ce qui devait l&#8217;\u00eatre pour permettre aux travaux d&#8217;avancer. Certains ont m\u00eame pris part aux travaux d&#8217;installation et d&#8217;am\u00e9nagement. Les travaux lourds ou requ\u00e9rant une expertise particuli\u00e8re ont \u00e9t\u00e9 r\u00e9alis\u00e9s par des entreprises de la r\u00e9gion. Nous vous les recommandons chaudement; vous en trouverez la liste <a href=\"http:\/\/brasserieduclocher.be\/philomene\/nous-leur-avons-fait-confiance\/\" target=\"_blank\" rel=\"noopener\">ici<\/a>.<\/p>\n<p>A l\u2019ext\u00e9rieur, les corniches et descentes de toit ont \u00e9t\u00e9 remplac\u00e9es pour stopper la progression de l\u2019humidit\u00e9 dans les murs, les murs du clocher et son toit ont \u00e9t\u00e9 r\u00e9par\u00e9s et consolid\u00e9s pour pr\u00e9server l\u2019aspect ext\u00e9rieur et la structure du b\u00e2timent.<\/p>\n<p>A l\u2019int\u00e9rieur, de nombreux am\u00e9nagements ont \u00e9galement \u00e9t\u00e9 r\u00e9alis\u00e9s&nbsp;pour remettre l\u2019ensemble en \u00e9tat : d\u00e9montage et restitution \u00e0 la Fabrique d\u2019Eglise des deux ma\u00eetres h\u00f4tels, remplacement de tous les ch\u00e2ssis, installation d\u2019un nouveau syst\u00e8me de chauffage, pose d\u2019un nouveau rev\u00eatement de sol, plafonnage et peinture. Sans compter les arriv\u00e9es d\u2019eau et les \u00e9vacuations, l\u2019\u00e9lectricit\u00e9 et l\u2019installation de sanitaires.<\/p>\n<p>C\u2019est donc un b\u00e2timent tout \u00e0 fait assaini que abrite cette jeune brasserie.<\/p>\n<p><img loading=\"lazy\" decoding=\"async\" class=\" wp-image-306 alignleft\" src=\"http:\/\/waregne.be\/philomene\/wp-content\/uploads\/2016\/01\/Capture_2-1450190127.png\" alt=\"Capture_2-1450190127\" width=\"492\" height=\"216\" srcset=\"https:\/\/brasserieduclocher.be\/philomene\/wp-content\/uploads\/2016\/01\/Capture_2-1450190127.png 540w, https:\/\/brasserieduclocher.be\/philomene\/wp-content\/uploads\/2016\/01\/Capture_2-1450190127-330x145.png 330w, https:\/\/brasserieduclocher.be\/philomene\/wp-content\/uploads\/2016\/01\/Capture_2-1450190127-414x182.png 414w\" sizes=\"(max-width: 492px) 100vw, 492px\" \/><\/p>\n<p>&nbsp;<\/p>\n<p>&nbsp;<\/p>\n<p>&nbsp;<\/p>\n<p>&nbsp;<\/p>\n<p>&nbsp;<\/p>\n<p>&nbsp;<\/p>\n<p>&nbsp;<\/p>\n","protected":false},"excerpt":{"rendered":"<p>L\u2019histoire de la chapelle L\u2019\u00e9glise annexe &#8211; dite Chapelle du Piroy &#8211; d\u00e9di\u00e9e \u00e0 sainte Philom\u00e8ne (comme le mentionne le texte de donation de 1887) est inscrite \u00e0 l\u2019inventaire du Patrimoine architectural, mais n\u2019est pas class\u00e9e. Elle n\u2019est plus utilis\u00e9e pour les usages de la Paroisse de Malonne depuis 2009 (6 ans avant le d\u00e9but [&hellip;]<\/p>\n","protected":false},"author":1,"featured_media":0,"parent":145,"menu_order":0,"comment_status":"closed","ping_status":"closed","template":"","meta":{"ngg_post_thumbnail":0,"footnotes":""},"_links":{"self":[{"href":"https:\/\/brasserieduclocher.be\/philomene\/wp-json\/wp\/v2\/pages\/422"}],"collection":[{"href":"https:\/\/brasserieduclocher.be\/philomene\/wp-json\/wp\/v2\/pages"}],"about":[{"href":"https:\/\/brasserieduclocher.be\/philomene\/wp-json\/wp\/v2\/types\/page"}],"author":[{"embeddable":true,"href":"https:\/\/brasserieduclocher.be\/philomene\/wp-json\/wp\/v2\/users\/1"}],"replies":[{"embeddable":true,"href":"https:\/\/brasserieduclocher.be\/philomene\/wp-json\/wp\/v2\/comments?post=422"}],"version-history":[{"count":21,"href":"https:\/\/brasserieduclocher.be\/philomene\/wp-json\/wp\/v2\/pages\/422\/revisions"}],"predecessor-version":[{"id":1307,"href":"https:\/\/brasserieduclocher.be\/philomene\/wp-json\/wp\/v2\/pages\/422\/revisions\/1307"}],"up":[{"embeddable":true,"href":"https:\/\/brasserieduclocher.be\/philomene\/wp-json\/wp\/v2\/pages\/145"}],"wp:attachment":[{"href":"https:\/\/brasserieduclocher.be\/philomene\/wp-json\/wp\/v2\/media?parent=422"}],"curies":[{"name":"wp","href":"https:\/\/api.w.org\/{rel}","templated":true}]}}