{"id":356,"date":"2016-01-21T10:00:10","date_gmt":"2016-01-21T10:00:10","guid":{"rendered":"http:\/\/waregne.be\/philomene\/?page_id=356"},"modified":"2020-12-06T23:53:08","modified_gmt":"2020-12-06T21:53:08","slug":"historique","status":"publish","type":"page","link":"https:\/\/brasserieduclocher.be\/philomene\/la-brasserie\/historique\/","title":{"rendered":"Pr\u00e9sentation du projet"},"content":{"rendered":"<p style=\"text-align: center;\"><strong><em><img loading=\"lazy\" decoding=\"async\" class=\"wp-image-411 aligncenter\" src=\"http:\/\/waregne.be\/philomene\/wp-content\/uploads\/2015\/03\/slide3-1024x375.jpg\" alt=\"slide3\" width=\"1092\" height=\"400\" srcset=\"https:\/\/brasserieduclocher.be\/philomene\/wp-content\/uploads\/2015\/03\/slide3-1024x375.jpg 1024w, https:\/\/brasserieduclocher.be\/philomene\/wp-content\/uploads\/2015\/03\/slide3-300x110.jpg 300w, https:\/\/brasserieduclocher.be\/philomene\/wp-content\/uploads\/2015\/03\/slide3-768x281.jpg 768w, https:\/\/brasserieduclocher.be\/philomene\/wp-content\/uploads\/2015\/03\/slide3-330x121.jpg 330w, https:\/\/brasserieduclocher.be\/philomene\/wp-content\/uploads\/2015\/03\/slide3-736x269.jpg 736w, https:\/\/brasserieduclocher.be\/philomene\/wp-content\/uploads\/2015\/03\/slide3-414x152.jpg 414w, https:\/\/brasserieduclocher.be\/philomene\/wp-content\/uploads\/2015\/03\/slide3.jpg 1093w\" sizes=\"(max-width: 1092px) 100vw, 1092px\" \/><\/em><\/strong><em>\u00ab&nbsp;Nous voulons promouvoir la&nbsp;bi\u00e8re comme une boisson noble, au m\u00eame titre que le vin ou le champagne.<br \/>\nLui rendre ses lettres de noblesse et apprendre \u00e0 ceux qui le souhaitent \u00e0 mieux l&#8217;appr\u00e9hender et \u00e0 en savourer pleinement la richesse et la vari\u00e9t\u00e9 \u00bb<\/em><strong><br \/>\n<\/strong><\/p>\n<p>&nbsp;<\/p>\n<p><strong>La Brasserie,&nbsp;<\/strong><strong>un projet passion, un projet participatif<\/strong><\/p>\n<p>\u00ab&nbsp;Dans un an, on aura brass\u00e9 \u00e0 Malonne ! \u00bb&nbsp;: le pari fou lanc\u00e9 fin 2014 est devenu r\u00e9alit\u00e9. En quelques mois, la <a href=\"https:\/\/brasserieduclocher.be\/philomene\/la-brasserie\/la-batiment-et-sa-cloche\/\">chapelle du Piroy<\/a> sur les hauteurs de Malonne est devenue une brasserie.<\/p>\n<p>&nbsp;<\/p>\n<p><strong>Les grandes \u00e9tapes<\/strong><\/p>\n<p>Ao\u00fbt 2015&nbsp;: les b\u00e9n\u00e9voles de la premi\u00e8re heure nous aident \u00e0 d\u00e9gager les mauvaises herbes devant l\u2019\u00e9glise.<\/p>\n<p>Septembre 2015, les travaux d\u00e9butent. Gr\u00e2ce \u00e0 l\u2019aide d\u2019une bonne bande de copains, d\u2019un moral d\u2019acier et de l&#8217;expertise d&#8217;entrepreneurs locaux, le clocher, les corniches, l\u2019\u00e9lectricit\u00e9, le plafonnage, les ch\u00e2ssis, les fondations sont remis \u00e0 neuf.<\/p>\n<p>Dans un m\u00eame temps, plusieurs brassins d\u2019essai sont r\u00e9alis\u00e9s avec des collaborateurs b\u00e9n\u00e9voles, amateurs de bi\u00e8re, afin d\u2019affiner les recettes.<\/p>\n<p>Ensemble, nous choisissons le nom de notre bi\u00e8re en hommage \u00e0 sainte Philom\u00e8ne \u00e0 qui fut d\u00e9di\u00e9e la Chapelle du Piroy au XIX<sup>\u00e8me<\/sup> si\u00e8cle. Ensemble aussi nous choisissons l\u2019\u00e9tiquette, le logo et les visuels de notre brasserie.<\/p>\n<p>Le 16 d\u00e9cembre 2015, le mat\u00e9riel de la brasserie est install\u00e9 dans le ch\u0153ur remis \u00e0 neuf, le 20 un brassin d\u2019eau est r\u00e9alis\u00e9, le 22 la 1<sup>\u00e8re<\/sup> <a href=\"https:\/\/brasserieduclocher.be\/philomene\/philoflorale\/\">Philom\u00e8ne florale<\/a> est brass\u00e9e, disponible \u00e0 la vente d\u00e8s f\u00e9vrier 2016.<\/p>\n<p>Alors que le b\u00e2timent est presque pr\u00eat, nous lan\u00e7ons une formule de financement participatif (crowdfunding) pour finaliser l\u2019achat de mat\u00e9riel. Un grand succ\u00e8s, preuve suppl\u00e9mentaire de l\u2019attachement du public \u00e0 notre projet.<\/p>\n<p>&nbsp;<\/p>\n<p><strong>Fabriquer et promouvoir la bi\u00e8re<\/strong><\/p>\n<p>La Brasserie du Clocher est une micro-brasserie artisanale qui a pour objet de fabriquer de la bi\u00e8re et de la promouvoir comme une boisson noble, qui a sa place \u00e0 table, tout autant que le vin.<\/p>\n<p>Depuis d\u00e9cembre 2015, les cuves de brassage tr\u00f4nent dans le choeur de la chapelle et les cuves de fermentation dans les all\u00e9es lat\u00e9rales. Une cha\u00eene d\u2019embouteillage devrait prochainement compl\u00e9ter l\u2019installation.<\/p>\n<p>Deux \u00e0 trois brassins de 1200 litres &nbsp;sont r\u00e9alis\u00e9s par mois. Antoine, notre tout premier collaborateur a rejoint l&#8217;\u00e9quipe depuis le 1<sup>er<\/sup> septembre 2016. Il est en charge des op\u00e9rations de production.<\/p>\n<p>Lieu de fabrication, d\u2019abord, la Brasserie du Clocher est aussi un lieu de valorisation du terroir. Outre des visites guid\u00e9es et des s\u00e9ances d\u2019initiation \u00e0 la d\u00e9gustation et au brassage, des \u00e9v\u00e9nements ponctuels de promotion du patrimoine local comme l\u2019ouverture de l\u2019espace aux artistes dans le cadre de Chambres avec Vues 2016 y seront accueillis.<\/p>\n<p align=\"justify\">Un lieu de convivialit\u00e9, donc, un lieu de partage de notre passion&nbsp;!<\/p>\n","protected":false},"excerpt":{"rendered":"<p>\u00ab&nbsp;Nous voulons promouvoir la&nbsp;bi\u00e8re comme une boisson noble, au m\u00eame titre que le vin ou le champagne. Lui rendre ses lettres de noblesse et apprendre \u00e0 ceux qui le souhaitent \u00e0 mieux l&#8217;appr\u00e9hender et \u00e0 en savourer pleinement la richesse et la vari\u00e9t\u00e9 \u00bb &nbsp; La Brasserie,&nbsp;un projet passion, un projet participatif \u00ab&nbsp;Dans un an, [&hellip;]<\/p>\n","protected":false},"author":1,"featured_media":0,"parent":145,"menu_order":0,"comment_status":"closed","ping_status":"closed","template":"","meta":{"ngg_post_thumbnail":0,"footnotes":""},"_links":{"self":[{"href":"https:\/\/brasserieduclocher.be\/philomene\/wp-json\/wp\/v2\/pages\/356"}],"collection":[{"href":"https:\/\/brasserieduclocher.be\/philomene\/wp-json\/wp\/v2\/pages"}],"about":[{"href":"https:\/\/brasserieduclocher.be\/philomene\/wp-json\/wp\/v2\/types\/page"}],"author":[{"embeddable":true,"href":"https:\/\/brasserieduclocher.be\/philomene\/wp-json\/wp\/v2\/users\/1"}],"replies":[{"embeddable":true,"href":"https:\/\/brasserieduclocher.be\/philomene\/wp-json\/wp\/v2\/comments?post=356"}],"version-history":[{"count":8,"href":"https:\/\/brasserieduclocher.be\/philomene\/wp-json\/wp\/v2\/pages\/356\/revisions"}],"predecessor-version":[{"id":2118,"href":"https:\/\/brasserieduclocher.be\/philomene\/wp-json\/wp\/v2\/pages\/356\/revisions\/2118"}],"up":[{"embeddable":true,"href":"https:\/\/brasserieduclocher.be\/philomene\/wp-json\/wp\/v2\/pages\/145"}],"wp:attachment":[{"href":"https:\/\/brasserieduclocher.be\/philomene\/wp-json\/wp\/v2\/media?parent=356"}],"curies":[{"name":"wp","href":"https:\/\/api.w.org\/{rel}","templated":true}]}}