{"id":332,"date":"2016-01-17T14:25:50","date_gmt":"2016-01-17T14:25:50","guid":{"rendered":"http:\/\/waregne.be\/philomene\/?page_id=332"},"modified":"2021-01-28T09:08:03","modified_gmt":"2021-01-28T07:08:03","slug":"contactez-nous","status":"publish","type":"page","link":"https:\/\/brasserieduclocher.be\/philomene\/contactez-nous\/","title":{"rendered":"Contactez-nous"},"content":{"rendered":"<h3>N&#8217;h\u00e9sitez pas \u00e0 nous joindre via les r\u00e9seaux sociaux ou notre formulaire de contact<\/h3>\n<div id=\"smformcont-721\">\n<form class=\"yui3-cssreset smform smform-labelpostop\" id=\"smform-721\" method=\"POST\" action=\"https:\/\/brasserieduclocher.be\/philomene\/wp-admin\/admin-ajax.php?action=smuzform-storage&method=submit&formId=721&nonce=71f03de2a6\" role=\"form\" enctype=\"multipart\/form-data\" data-formid=\"721\">\n\t\n\t<div class=\"smform-errors-cont\"><\/div>\n\t\n\t\n\t<legend class=\"smform-header\">\n\t\t\n\t\t<h3 class=\"smform-title\"><\/h3>\n\n\t\t<div class=\"smform-description\">\n\t\t\t<p><\/p>\n\t\t<\/div>\n\n\t<\/legend>\n\n\t\n\n\t<div class=\"smform-fieldcont smform-fieldcontsingletext \" id=\"smform-fieldcont7210\" \n\t\tdata-key=\"smform-field7210\" \n\t\tdata-rule=\"disabled\" \n\t\tdata-ruleoperator=\"is\"\n\t\tdata-ruleaction=\"show\"\n\t\tdata-rulecmpvalue=\"\"\n\t\tdata-rulefield=\"\" >\n\n\t\t\t\n\t\t\t\t\n\t\t<label for=\"smform-field7210\" class=\"smform-field-label required \">Nom<\/label>\n\n\t\t<input name=\"smFieldData[wpformfield110034]\" id=\"smform-field7210\"\n\t\t \tvalue=\"\"\n\t\t \tplaceholder=\"votre nom (et pr\u00e9nom)\"\n\t\t   \tclass=\"smform-control smform-controllabelpos required  smform-field-sizemedium\"\n\t\t   \ttype=\"text\" required  date-type=\"text\" \/>\n\n\t\t\n\t\t\n\t\t\n\t\t\n\t\t\n\t\t\n\t\t\n\t\t\n\t\t\n\n\n\n\n\n\n\n\t\t\n\t\t\n\t<\/div>\n\n\t\n\n\t<div class=\"smform-fieldcont smform-fieldcontsingletext \" id=\"smform-fieldcont7211\" \n\t\tdata-key=\"smform-field7211\" \n\t\tdata-rule=\"disabled\" \n\t\tdata-ruleoperator=\"is\"\n\t\tdata-ruleaction=\"show\"\n\t\tdata-rulecmpvalue=\"\"\n\t\tdata-rulefield=\"\" >\n\n\t\t\t\n\t\t\t\t\n\t\t<label for=\"smform-field7211\" class=\"smform-field-label required \">E-mail<\/label>\n\n\t\t<input name=\"smFieldData[wpformfield131589]\" id=\"smform-field7211\"\n\t\t \tvalue=\"\"\n\t\t \tplaceholder=\"nous r\u00e9pondrons \u00e0 cette adresse email, merci de bien la v\u00e9rifier !\"\n\t\t   \tclass=\"smform-control smform-controllabelpos required  smform-field-sizemedium\"\n\t\t   \ttype=\"text\" required  date-type=\"text\" \/>\n\n\t\t\n\t\t\n\t\t\n\t\t\n\t\t\n\t\t\n\t\t\n\t\t\n\t\t\n\n\n\n\n\n\n\n\t\t\n\t\t\n\t<\/div>\n\n\t\n\n\t<div class=\"smform-fieldcont smform-fieldcontsingletext \" id=\"smform-fieldcont7212\" \n\t\tdata-key=\"smform-field7212\" \n\t\tdata-rule=\"disabled\" \n\t\tdata-ruleoperator=\"is\"\n\t\tdata-ruleaction=\"show\"\n\t\tdata-rulecmpvalue=\"\"\n\t\tdata-rulefield=\"\" >\n\n\t\t\t\n\t\t\t\t\n\t\t<label for=\"smform-field7212\" class=\"smform-field-label required \">T\u00e9l\u00e9phone<\/label>\n\n\t\t<input name=\"smFieldData[wpformfield60026]\" id=\"smform-field7212\"\n\t\t \tvalue=\"\"\n\t\t \tplaceholder=\"Votre no de t\u00e9l\u00e9phone, utilis\u00e9 uniquement en cas de probl\u00e8me avec l&#039;email\"\n\t\t   \tclass=\"smform-control smform-controllabelpos required  smform-field-sizemedium\"\n\t\t   \ttype=\"text\" required  date-type=\"text\" \/>\n\n\t\t\n\t\t\n\t\t\n\t\t\n\t\t\n\t\t\n\t\t\n\t\t\n\t\t\n\n\n\n\n\n\n\n\t\t\n\t\t\n\t<\/div>\n\n\t\n\n\t<div class=\"smform-fieldcont smform-fieldconttextarea \" id=\"smform-fieldcont7213\" \n\t\tdata-key=\"smform-field7213\" \n\t\tdata-rule=\"disabled\" \n\t\tdata-ruleoperator=\"is\"\n\t\tdata-ruleaction=\"show\"\n\t\tdata-rulecmpvalue=\"\"\n\t\tdata-rulefield=\"\" >\n\n\t\t\t\n\t\t\n\t\t\n\t\t\t\t\n\t\t<label for=\"smform-field7213\" class=\"smform-field-label required \">Message<\/label>\n\n\t\t<textarea name=\"smFieldData[wpformfield141020]\" id=\"smform-field7213\" \n\t\t\tplaceholder=\"Laissez nous un message ici ... ou votre question\" \n\t\t\tclass=\"smform-control smform-controllabelpos required  smform-field-sizelarge smform-control smform-controllabelpostextarea\" \n\t\t\trequired  \n\t\t\tdata-type=\"textarea\" \n\t\t\t><\/textarea>\n\n\t\t\n\t\t\n\t\t\n\t\t\n\t\t\n\t\t\n\t\t\n\n\n\n\n\n\n\n\t\t\n\t\t\n\t<\/div>\n\n\t\n\n\t<div class=\"smform-fieldcont smform-fieldcontcheckbox \" id=\"smform-fieldcont7214\" \n\t\tdata-key=\"smform-field7214\" \n\t\tdata-rule=\"disabled\" \n\t\tdata-ruleoperator=\"is\"\n\t\tdata-ruleaction=\"show\"\n\t\tdata-rulecmpvalue=\"\"\n\t\tdata-rulefield=\"\" >\n\n\t\t\t\n\t\t\n\t\t\n\t\t\n\t\t\n\t\t\n\t\t\t\t\n\t\t<label for=\"smform-field7214\" class=\"smform-field-label \">Rester en contact<\/label>\n\t\t\t\n\t\t\t<div class=\"smform-checkbox-cont\">\n\t\t\t\t\t\t\n\t\t\t<div class=\"smform-control smform-controllabelpos-radio checkbox\">\n\t\t\t\t<label><input name=\"smFieldData[wpformfield188927][checkbox][]\" type=\"checkbox\"  value=\"Je souhaite \u00eatre tenu au courant des activit\u00e9s de la brasserie (repas, d\u00e9gustations, \u00e9v\u00e9nements, ...)\"  data-type=\"checkbox\" \/> Je souhaite \u00eatre tenu au courant des activit\u00e9s de la brasserie (repas, d\u00e9gustations, \u00e9v\u00e9nements, ...)<\/label>\n\t\t\t<\/div>\n\t\t\n\t\t\t\t\t\t<\/div>\n\n\t\t\n\t\t\n\t\t\n\t\t\n\n\n\n\n\n\n\n\t\t\n\t\t\n\t<\/div>\n\n\t\n\n\t<div class=\"smform-fieldcont smform-fieldcontcheckbox \" id=\"smform-fieldcont7215\" \n\t\tdata-key=\"smform-field7215\" \n\t\tdata-rule=\"disabled\" \n\t\tdata-ruleoperator=\"is\"\n\t\tdata-ruleaction=\"show\"\n\t\tdata-rulecmpvalue=\"\"\n\t\tdata-rulefield=\"\" >\n\n\t\t\t\n\t\t\n\t\t\n\t\t\n\t\t\n\t\t\n\t\t\t\t\n\t\t<label for=\"smform-field7215\" class=\"smform-field-label smform-labelhidden\">Aide<\/label>\n\t\t\t\n\t\t\t<div class=\"smform-checkbox-cont\">\n\t\t\t\t\t\t\n\t\t\t<div class=\"smform-control smform-controllabelpos-radio checkbox\">\n\t\t\t\t<label><input name=\"smFieldData[wpformfield115612][checkbox][]\" type=\"checkbox\"  value=\"Je souhaite aider la brasserie b\u00e9n\u00e9volement de mani\u00e8re ponctuelle (embouteillages, aide au service lors de festivit\u00e9s, ...)\"  data-type=\"checkbox\" \/> Je souhaite aider la brasserie b\u00e9n\u00e9volement de mani\u00e8re ponctuelle (embouteillages, aide au service lors de festivit\u00e9s, ...)<\/label>\n\t\t\t<\/div>\n\t\t\n\t\t\t\t\t\t<\/div>\n\n\t\t\n\t\t\n\t\t\n\t\t\n\n\n\n\n\n\n\n\t\t\n\t\t\n\t<\/div>\n\n\t\n\t\n\t<div id=\"smuzform-robot\" style=\"display: none\">\n\t\t<label>If you're not a fish leave this field blank:<\/label>\n\t\t<input name=\"smuztrapfish\" type=\"text\" style=\"display: none\" \/>\n\t<\/div>\n\n\t\n\t<div class=\"smform-fieldcont smform-fieldcontcaptcha\" id=\"smform-fieldcont1095047443\" \n\t\tdata-key=\"\" \n\t\tdata-rule=\"disabled\" \n\t\tdata-ruleoperator=\"\"\n\t\tdata-ruleaction=\"\"\n\t\tdata-rulecmpvalue=\"\"\n\t\tdata-rulefield=\"\" >\n\n<div id=\"g-recaptcha721\" class=\"g-recaptcha\" data-sitekey=\"6Ldf7IQUAAAAAPXKxEe4SFEbRu04qf1QKqDCf7VE\" data-theme=\"dark\"><\/div>\n\n<\/div>\n\n<script>\n(function($) {\n\n\t$( document ).on( 'smuzFormSubmitError', function( event, form, response ) {\n\t\tgrecaptcha.reset();\n\t});\n\n})(jQuery);\n<\/script>\n\t<div class=\"smform-submitbtn-cont\">\n\t\t<input type=\"submit\" value=\"Envoyer\" name=\"submitForm\" class=\"smform-submit\" \/>\n\t\t<div class=\"smform-ajax-spinner\">\n\t\t\t<div class=\"sk-circle\">\n\t\t        <div class=\"sk-circle1 sk-child\"><\/div>\n\t\t        <div class=\"sk-circle2 sk-child\"><\/div>\n\t\t        <div class=\"sk-circle3 sk-child\"><\/div>\n\t\t        <div class=\"sk-circle4 sk-child\"><\/div>\n\t\t        <div class=\"sk-circle5 sk-child\"><\/div>\n\t\t        <div class=\"sk-circle6 sk-child\"><\/div>\n\t\t        <div class=\"sk-circle7 sk-child\"><\/div>\n\t\t        <div class=\"sk-circle8 sk-child\"><\/div>\n\t\t        <div class=\"sk-circle9 sk-child\"><\/div>\n\t\t        <div class=\"sk-circle10 sk-child\"><\/div>\n\t\t        <div class=\"sk-circle11 sk-child\"><\/div>\n\t\t        <div class=\"sk-circle12 sk-child\"><\/div>\n\t\t     <\/div>\n\t\t<\/div>\n\t<\/div>\n\n\t<div class=\"smform-ajax-msg\"><p class=\"smform-ajax-msg-p\"><\/p><\/div>\n\n\t<input type=\"hidden\" name=\"_formId\" value=\"721\" \/>\n\t<input type=\"hidden\" name=\"_returnLink\" value=\"https:\/\/brasserieduclocher.be\/philomene\/contactez-nous\/\" \/>\n\n\t<input type=\"hidden\" data-formid=\"721\" value='{\"enabled\":false,\"formCont\":{\"font\":\"\",\"fontSize\":14,\"color\":\"#000000\",\"bgColor\":\"#ffffff\",\"margin\":\"\",\"padding\":\"\",\"bgImg\":\"\",\"hideHeadingSection\":false,\"errorMsgColor\":\"#a94442\",\"successMsgColor\":\"#3c763d\",\"successMsgFontSize\":14,\"hideFormOnSuccessForSuccessMsg\":false,\"bgImageUrl\":\"\"},\"formHeading\":{\"font\":\"\",\"fontSize\":\"24\",\"color\":\"\",\"bgColor\":\"\",\"padding\":\"\",\"margin\":\"\"},\"formDescription\":{\"font\":\"\",\"fontSize\":\"13\",\"color\":\"\",\"bgColor\":\"\",\"padding\":\"\",\"margin\":\"\"},\"fieldLabel\":{\"font\":\"\",\"fontSize\":\"14\",\"color\":\"\",\"bgColor\":\"\",\"paddingLeft\":\"\",\"paddingRight\":\"\",\"paddingTop\":\"\",\"paddingBottom\":\"\",\"marginLeft\":\"\",\"marginRight\":\"\",\"marginTop\":\"\",\"marginBottom\":\"\",\"fontWeight\":\"bold\",\"borderColor\":\"#ccc\",\"borderSize\":\"0\",\"borderStyle\":\"solid\",\"borderRadius\":\"0\",\"advancedColor\":\"\"},\"fieldInput\":{\"font\":\"\",\"fontSize\":\"14\",\"color\":\"\",\"bgColor\":\"\",\"paddingLeft\":\"12\",\"paddingRight\":\"12\",\"paddingTop\":\"6\",\"paddingBottom\":\"6\",\"marginLeft\":\"0\",\"marginRight\":\"0\",\"marginTop\":\"0\",\"marginBottom\":\"0\",\"fontWeight\":\"bold\",\"borderColor\":\"#ccc\",\"borderSize\":\"1\",\"borderStyle\":\"solid\",\"borderRadius\":\"4\"},\"submitBtn\":{\"font\":\"\",\"fontSize\":\"16\",\"color\":\"#ffffff\",\"bgColor\":\"#333\",\"paddingLeft\":26,\"paddingRight\":26,\"paddingBottom\":13,\"paddingTop\":13,\"margin\":\"\",\"fontWeight\":\"bold\",\"hoverBgColor\":\"\",\"borderColor\":\"#ccc\",\"borderSize\":\"0\",\"borderStyle\":\"solid\",\"borderRadius\":\"0\",\"alignCenter\":false},\"extraData\":[]}' id=\"smformstyle-721\" class=\"smformstylehidden\" \/>\n\n\t\t\n<\/form>\n<\/div>\n","protected":false},"excerpt":{"rendered":"<p>N&#8217;h\u00e9sitez pas \u00e0 nous joindre via les r\u00e9seaux sociaux ou notre formulaire de contact<\/p>\n","protected":false},"author":1,"featured_media":0,"parent":0,"menu_order":0,"comment_status":"closed","ping_status":"closed","template":"","meta":{"ngg_post_thumbnail":0,"footnotes":""},"_links":{"self":[{"href":"https:\/\/brasserieduclocher.be\/philomene\/wp-json\/wp\/v2\/pages\/332"}],"collection":[{"href":"https:\/\/brasserieduclocher.be\/philomene\/wp-json\/wp\/v2\/pages"}],"about":[{"href":"https:\/\/brasserieduclocher.be\/philomene\/wp-json\/wp\/v2\/types\/page"}],"author":[{"embeddable":true,"href":"https:\/\/brasserieduclocher.be\/philomene\/wp-json\/wp\/v2\/users\/1"}],"replies":[{"embeddable":true,"href":"https:\/\/brasserieduclocher.be\/philomene\/wp-json\/wp\/v2\/comments?post=332"}],"version-history":[{"count":3,"href":"https:\/\/brasserieduclocher.be\/philomene\/wp-json\/wp\/v2\/pages\/332\/revisions"}],"predecessor-version":[{"id":2150,"href":"https:\/\/brasserieduclocher.be\/philomene\/wp-json\/wp\/v2\/pages\/332\/revisions\/2150"}],"wp:attachment":[{"href":"https:\/\/brasserieduclocher.be\/philomene\/wp-json\/wp\/v2\/media?parent=332"}],"curies":[{"name":"wp","href":"https:\/\/api.w.org\/{rel}","templated":true}]}}