{"id":2597,"date":"2022-11-01T15:00:51","date_gmt":"2022-11-01T13:00:51","guid":{"rendered":"https:\/\/brasserieduclocher.be\/philomene\/?page_id=2597"},"modified":"2022-12-09T12:17:48","modified_gmt":"2022-12-09T10:17:48","slug":"celeste-pretige22","status":"publish","type":"page","link":"https:\/\/brasserieduclocher.be\/philomene\/celeste-pretige22\/","title":{"rendered":"Philom\u00e8ne C\u00e9leste &#8211; Cuv\u00e9e Prestige 2022"},"content":{"rendered":"[vc_row][vc_column][vc_column_text css=&#8221;.vc_custom_1670581050050{margin-bottom: 0px !important;}&#8221;]\n<h5 style=\"text-align: left;\">Philom\u00e8ne C\u00e9leste &#8220;<em>Cuv\u00e9e Prestige 2022<\/em>&#8221; &#8211; \u00e9dition limit\u00e9e<\/h5>\n<p><span style=\"color: #ffffff;\"><em>Philom\u00e8ne C\u00e9leste &#8220;Cuv\u00e9e Prestige 2022&#8221;: Bi\u00e8re triple dor\u00e9e au go\u00fbt malt\u00e9 bois\u00e9 et aux notes soyeuses de vanille et de fudge au bourbon.<\/em><\/span><\/p>\n<p><span style=\"color: #ffffff;\"><em><span style=\"color: #ffffff;\"><img loading=\"lazy\" decoding=\"async\" class=\"wp-image-2599 size-medium alignright\" src=\"https:\/\/brasserieduclocher.be\/philomene\/wp-content\/uploads\/2022\/11\/face-250x300.png\" alt=\"\" width=\"250\" height=\"300\" srcset=\"https:\/\/brasserieduclocher.be\/philomene\/wp-content\/uploads\/2022\/11\/face-250x300.png 250w, https:\/\/brasserieduclocher.be\/philomene\/wp-content\/uploads\/2022\/11\/face-854x1024.png 854w, https:\/\/brasserieduclocher.be\/philomene\/wp-content\/uploads\/2022\/11\/face-768x921.png 768w, https:\/\/brasserieduclocher.be\/philomene\/wp-content\/uploads\/2022\/11\/face-1281x1536.png 1281w, https:\/\/brasserieduclocher.be\/philomene\/wp-content\/uploads\/2022\/11\/face.png 1477w\" sizes=\"(max-width: 250px) 100vw, 250px\" \/><\/span><\/em><\/span><\/p>\n<p>M\u00fbrie pendant plusieurs mois en f\u00fbts de bourbon <a href=\"https:\/\/www.makersmark.com\/makers-mark\" target=\"_blank\" rel=\"noopener\">Maker&#8217;s Mark\u00ae<\/a>(Loretto, Kentuky) et referment\u00e9e en bouteille,&nbsp; la Philom\u00e8ne C\u00e9leste \u00ab <em>cuv\u00e9e prestige \u2013 \u00e9dition 2022<\/em>\u00bb est une bi\u00e8re de d\u00e9gustation blonde dor\u00e9e \u00e0 la personnalit\u00e9 puissante qui titre 10,5% alc.\/vol.<\/p>\n<p>Le c\u00f4t\u00e9 suave de la Philom\u00e8ne C\u00e9leste avec ses notes de vanille et de ch\u00eane est ici renforc\u00e9 par des saveurs bois\u00e9es et malt\u00e9es de ce bourbon tr\u00e8s particulier dans la recette duquel le seigle a \u00e9t\u00e9 remplac\u00e9 par du froment.&nbsp;<\/p>\n<p>Une bi\u00e8re au go\u00fbt unique et \u00e9quilibr\u00e9, dont les accents caram\u00e9lis\u00e9s et alcoolis\u00e9s de bourbon participent \u00e0 la sensation de chaleur \u00e0 la d\u00e9gustation.<\/p>\n<p>L&#8217;amertume que lui conf\u00e8re le houblon belge \u00ab Golding \u00bb est pr\u00e9sente en arri\u00e8re bouche mais reste toutefois plut\u00f4t mod\u00e9r\u00e9e, bien que persistante.<\/p>\n<p>Un r\u00e9gal r\u00e9confortant \u00e0 boire avec mod\u00e9ration !<\/p>\n<p><span style=\"color: #ffffff;\">&nbsp;<\/span><\/p>\n<p style=\"text-align: left;\"><span style=\"color: #ffffff;\"><img loading=\"lazy\" decoding=\"async\" class=\"alignleft wp-image-2600\" src=\"https:\/\/brasserieduclocher.be\/philomene\/wp-content\/uploads\/2022\/11\/img_20221031_125604_resized_20221031_015956145-768x1024.jpg\" alt=\"\" width=\"450\" height=\"600\" srcset=\"https:\/\/brasserieduclocher.be\/philomene\/wp-content\/uploads\/2022\/11\/img_20221031_125604_resized_20221031_015956145-768x1024.jpg 768w, https:\/\/brasserieduclocher.be\/philomene\/wp-content\/uploads\/2022\/11\/img_20221031_125604_resized_20221031_015956145-225x300.jpg 225w, https:\/\/brasserieduclocher.be\/philomene\/wp-content\/uploads\/2022\/11\/img_20221031_125604_resized_20221031_015956145-1152x1536.jpg 1152w, https:\/\/brasserieduclocher.be\/philomene\/wp-content\/uploads\/2022\/11\/img_20221031_125604_resized_20221031_015956145.jpg 1488w\" sizes=\"(max-width: 450px) 100vw, 450px\" \/>Format<\/span><\/p>\n<p>Elle se pr\u00e9sente en bouteille de 75cl s\u00e9rigraphi\u00e9e, ferm\u00e9e par un bouchon-muselet couleur or.<br \/>\nLe format id\u00e9al pour partager avec un ami ou offrir comme cadeau d&#8217;exception.<\/p>\n<p><span style=\"color: #ffffff;\">Edition limit\u00e9e <\/span><\/p>\n<p>Seules 2600 bouteilles de cette \u00e9dition sp\u00e9ciale ont \u00e9t\u00e9 produites. Cette bi\u00e8re d&#8217;exception n&#8217;est disponible qu&#8217;en magasin sp\u00e9cialis\u00e9, chez votre distributeur de boisson et \u00e0 la brasserie.<\/p>\n<p><span style=\"color: #ffffff;\">En cuisine &#8230;<\/span><br \/>\n&#8230;<\/p>\n<p><span style=\"color: #ffffff;\">Informations techniques<\/span><\/p>\n<ul>\n<li style=\"position: relative; left: 20px;\">ABV : 10,5% alc.\/vol.<\/li>\n<li style=\"position: relative; left: 20px;\">Amertume : 20 IBU<\/li>\n<li style=\"position: relative; left: 20px;\">Couleur : 14 EBC<\/li>\n<li style=\"position: relative; left: 20px;\">Densit\u00e9 : 20 \u00b0P<\/li>\n<li style=\"position: relative; left: 20px;\">Houblon : Golding (BEL), Perle (DEU), HBC 472 (USA)<\/li>\n<\/ul>\n<p>&nbsp;<\/p>\n<p><a href=\"https:\/\/brasserieduclocher.be\/philomene\/index.php\/ou-trouver-nos-bieres\/\">O\u00f9 la trouver ?<\/a><\/p>\n<p><a href=\"https:\/\/brasserieduclocher.be\/philomene\/la-brasserie\/comptoir-de-vente\/\">Venez l&#8217;emporter \u00e0 la brasserie<\/a>[\/vc_column_text][\/vc_column][\/vc_row]\n","protected":false},"excerpt":{"rendered":"<p>[vc_row][vc_column][vc_column_text css=&#8221;.vc_custom_1670581050050{margin-bottom: 0px !important;}&#8221;] Philom\u00e8ne C\u00e9leste &#8220;Cuv\u00e9e Prestige 2022&#8221; &#8211; \u00e9dition limit\u00e9e Philom\u00e8ne C\u00e9leste &#8220;Cuv\u00e9e Prestige 2022&#8221;: Bi\u00e8re triple dor\u00e9e au go\u00fbt malt\u00e9 bois\u00e9 et aux notes soyeuses de vanille et de fudge au bourbon. M\u00fbrie pendant plusieurs mois en f\u00fbts de bourbon Maker&#8217;s Mark\u00ae(Loretto, Kentuky) et referment\u00e9e en bouteille,&nbsp; la Philom\u00e8ne C\u00e9leste \u00ab cuv\u00e9e [&hellip;]<\/p>\n","protected":false},"author":4,"featured_media":1784,"parent":0,"menu_order":0,"comment_status":"closed","ping_status":"closed","template":"","meta":{"ngg_post_thumbnail":0,"footnotes":""},"_links":{"self":[{"href":"https:\/\/brasserieduclocher.be\/philomene\/wp-json\/wp\/v2\/pages\/2597"}],"collection":[{"href":"https:\/\/brasserieduclocher.be\/philomene\/wp-json\/wp\/v2\/pages"}],"about":[{"href":"https:\/\/brasserieduclocher.be\/philomene\/wp-json\/wp\/v2\/types\/page"}],"author":[{"embeddable":true,"href":"https:\/\/brasserieduclocher.be\/philomene\/wp-json\/wp\/v2\/users\/4"}],"replies":[{"embeddable":true,"href":"https:\/\/brasserieduclocher.be\/philomene\/wp-json\/wp\/v2\/comments?post=2597"}],"version-history":[{"count":3,"href":"https:\/\/brasserieduclocher.be\/philomene\/wp-json\/wp\/v2\/pages\/2597\/revisions"}],"predecessor-version":[{"id":2603,"href":"https:\/\/brasserieduclocher.be\/philomene\/wp-json\/wp\/v2\/pages\/2597\/revisions\/2603"}],"wp:featuredmedia":[{"embeddable":true,"href":"https:\/\/brasserieduclocher.be\/philomene\/wp-json\/wp\/v2\/media\/1784"}],"wp:attachment":[{"href":"https:\/\/brasserieduclocher.be\/philomene\/wp-json\/wp\/v2\/media?parent=2597"}],"curies":[{"name":"wp","href":"https:\/\/api.w.org\/{rel}","templated":true}]}}