{"id":2591,"date":"2022-10-26T10:34:44","date_gmt":"2022-10-26T08:34:44","guid":{"rendered":"https:\/\/brasserieduclocher.be\/philomene\/?page_id=2591"},"modified":"2022-10-26T11:06:13","modified_gmt":"2022-10-26T09:06:13","slug":"visites-2","status":"publish","type":"page","link":"https:\/\/brasserieduclocher.be\/philomene\/visites-2\/","title":{"rendered":"Visites &#8211; test r\u00e9servation"},"content":{"rendered":"[vc_row][vc_column][vc_column_text css=&#8221;.vc_custom_1666775167518{margin-bottom: 0px !important;}&#8221;]<strong>Envie de d\u00e9couvrir notre brasserie ? venez la visiter !<\/strong><br \/>\n<img loading=\"lazy\" decoding=\"async\" class=\"size-medium wp-image-2125 alignright\" src=\"https:\/\/brasserieduclocher.be\/philomene\/wp-content\/uploads\/2020\/12\/sermon-300x225.jpg\" alt=\"\" width=\"300\" height=\"225\" srcset=\"https:\/\/brasserieduclocher.be\/philomene\/wp-content\/uploads\/2020\/12\/sermon-300x225.jpg 300w, https:\/\/brasserieduclocher.be\/philomene\/wp-content\/uploads\/2020\/12\/sermon-1024x768.jpg 1024w, https:\/\/brasserieduclocher.be\/philomene\/wp-content\/uploads\/2020\/12\/sermon-768x576.jpg 768w, https:\/\/brasserieduclocher.be\/philomene\/wp-content\/uploads\/2020\/12\/sermon.jpg 1080w\" sizes=\"(max-width: 300px) 100vw, 300px\" \/><br \/>\nLa visite comprend l\u2019explication du projet, un bref historique du b\u00e2timent ainsi qu\u2019une visite comment\u00e9e des installations de production. A l&#8217;issue de celle-ci nous vous offrons un verre de d\u00e9gustation d&#8217;une de nos bi\u00e8res, au choix.<\/p>\n<p>La visite guid\u00e9e est faite en Fran\u00e7ais mais peut \u00eatre donn\u00e9e en Anglais ou N\u00e9erlandais, sur demande lors de la r\u00e9servation (sous r\u00e9serve de disponibilit\u00e9 du guide).<\/p>\n<p>A l\u2019issue de la visite il est possible d\u2019acheter des bouteilles de nos bi\u00e8res et les verres pour la servir. Nous proposons \u00e9galement des coffrets et paniers cadeaux ainsi que des articles souvenirs comme notre d\u00e9capsuleur &#8220;cloche&#8221;.<\/p>\n<h4>HORAIRES<\/h4>\n<p>Dans le cadre de la &#8220;<a href=\"https:\/\/brasserieduclocher.be\/philomene\/taverne\/\" target=\"_blank\" rel=\"noopener noreferrer\">Taverne de Philo<\/a>&#8220;, nous organisons, les&nbsp;3\u00e8me dimanches du mois une visite guid\u00e9e \u00e0 11h30 et \u00e0 16h00 pour les particuliers, sans rendez-vous.<\/p>\n<p>En dehors de ces dates, les visites de la brasserie se font <u>uniquement par groupe de minimum&nbsp;8 personnes, sur inscription pr\u00e9alable<\/u> par email \u00e0 visite@brasserieduclocher.be.&nbsp;Toute inscription doit \u00eatre confirm\u00e9e par un email de retour pour \u00eatre prise en compte.&nbsp;<\/p>\n<h4>CONDITIONS<\/h4>\n<p>La visite co\u00fbte 6 eur\/personne et dure environ 45\u2019 \u00e0 60&#8242;; elle se termine par un verre de d\u00e9gustation de l&#8217;une de nos bi\u00e8res, au choix.<br \/>\nSi vous le souhaitez, il est possible de combiner la visite \u00e0 une palette de d\u00e9gustation de toutes nos bi\u00e8res (5 verres de 10cl) pour 10 eur, visite comprise.<br \/>\nC&#8217;est la meilleure mani\u00e8re de go\u00fbter, sans exc\u00e8s, notre gamme de bi\u00e8res !<\/p>\n<p><img loading=\"lazy\" decoding=\"async\" class=\"size-medium wp-image-2587 alignright\" src=\"https:\/\/brasserieduclocher.be\/philomene\/wp-content\/uploads\/2022\/09\/img_1512-300x200.png\" alt=\"\" width=\"300\" height=\"200\" srcset=\"https:\/\/brasserieduclocher.be\/philomene\/wp-content\/uploads\/2022\/09\/img_1512-300x200.png 300w, https:\/\/brasserieduclocher.be\/philomene\/wp-content\/uploads\/2022\/09\/img_1512-1024x683.png 1024w, https:\/\/brasserieduclocher.be\/philomene\/wp-content\/uploads\/2022\/09\/img_1512-768x512.png 768w, https:\/\/brasserieduclocher.be\/philomene\/wp-content\/uploads\/2022\/09\/img_1512-1536x1024.png 1536w, https:\/\/brasserieduclocher.be\/philomene\/wp-content\/uploads\/2022\/09\/img_1512-2048x1365.png 2048w\" sizes=\"(max-width: 300px) 100vw, 300px\" \/>Pour permettre \u00e0 chacun de voir et de poser des questions, le nombre de visiteurs est g\u00e9n\u00e9ralement limit\u00e9 \u00e0 20-25 par session mais il est possible d&#8217;accueillir des groupes plus nombreux (\u00e0 discuter).<\/p>\n<p>La brasserie se r\u00e9serve le droit de regrouper ou annuler exceptionnellement certaines visites et s\u2019engage \u00e0 en pr\u00e9venir les inscrits au plus tard 24h \u00e0 l\u2019avance.<\/p>\n<p>Pour l\u2019instant, la brasserie n\u2019est malheureusement pas encore compl\u00e8tement accessible aux personnes \u00e0 mobilit\u00e9 r\u00e9duite (il est possible d&#8217;y acc\u00e9der de plein pied, sur demande, mais les toilettes ne sont pas adapt\u00e9es).<\/p>\n<div id=\"u_0_12\" class=\"uiScaledImageContainer _4-ep\"><a href=\"https:\/\/brasserie-du-clocher.reservio.com\/booking\" target=\"_blank\" rel=\"noopener\">R\u00e9server une visite<\/a><\/div>\n<h4>ADRESSE<\/h4>\n<p><a href=\"https:\/\/brasserieduclocher.be\/philomene\/rejoindre-la-brasserie\/\" target=\"_blank\" rel=\"noopener noreferrer\">Brasserie du Clocher<\/a> (ancienne Chapelle du Piroy), rue du Petit Babin 156 \u00e0 Malonne.[\/vc_column_text][\/vc_column][\/vc_row][vc_row][vc_column][vc_raw_html]PHA+SSBhbSByYXcgaHRtbCBibG9jay48YnIvPkNsaWNrIGVkaXQgYnV0dG9uIHRvIGNoYW5nZSB0aGlzIGh0bWw8L3A+[\/vc_raw_html][\/vc_column][\/vc_row]\n","protected":false},"excerpt":{"rendered":"<p>[vc_row][vc_column][vc_column_text css=&#8221;.vc_custom_1666775167518{margin-bottom: 0px !important;}&#8221;]Envie de d\u00e9couvrir notre brasserie ? venez la visiter ! La visite comprend l\u2019explication du projet, un bref historique du b\u00e2timent ainsi qu\u2019une visite comment\u00e9e des installations de production. A l&#8217;issue de celle-ci nous vous offrons un verre de d\u00e9gustation d&#8217;une de nos bi\u00e8res, au choix. La visite guid\u00e9e est faite en [&hellip;]<\/p>\n","protected":false},"author":4,"featured_media":0,"parent":0,"menu_order":0,"comment_status":"closed","ping_status":"closed","template":"","meta":{"ngg_post_thumbnail":0,"footnotes":""},"_links":{"self":[{"href":"https:\/\/brasserieduclocher.be\/philomene\/wp-json\/wp\/v2\/pages\/2591"}],"collection":[{"href":"https:\/\/brasserieduclocher.be\/philomene\/wp-json\/wp\/v2\/pages"}],"about":[{"href":"https:\/\/brasserieduclocher.be\/philomene\/wp-json\/wp\/v2\/types\/page"}],"author":[{"embeddable":true,"href":"https:\/\/brasserieduclocher.be\/philomene\/wp-json\/wp\/v2\/users\/4"}],"replies":[{"embeddable":true,"href":"https:\/\/brasserieduclocher.be\/philomene\/wp-json\/wp\/v2\/comments?post=2591"}],"version-history":[{"count":4,"href":"https:\/\/brasserieduclocher.be\/philomene\/wp-json\/wp\/v2\/pages\/2591\/revisions"}],"predecessor-version":[{"id":2595,"href":"https:\/\/brasserieduclocher.be\/philomene\/wp-json\/wp\/v2\/pages\/2591\/revisions\/2595"}],"wp:attachment":[{"href":"https:\/\/brasserieduclocher.be\/philomene\/wp-json\/wp\/v2\/media?parent=2591"}],"curies":[{"name":"wp","href":"https:\/\/api.w.org\/{rel}","templated":true}]}}