{"id":2511,"date":"2022-03-08T23:46:15","date_gmt":"2022-03-08T21:46:15","guid":{"rendered":"https:\/\/brasserieduclocher.be\/philomene\/?page_id=2511"},"modified":"2022-03-08T23:53:51","modified_gmt":"2022-03-08T21:53:51","slug":"tarifs","status":"publish","type":"page","link":"https:\/\/brasserieduclocher.be\/philomene\/tarifs\/","title":{"rendered":"Tarifs"},"content":{"rendered":"[vc_row][vc_column][vc_column_text css=&#8221;.vc_custom_1646776399870{margin-bottom: 0px !important;}&#8221;]<strong>Voici nos tarifs en vigueur (\u00e0 partir du 01 Mars 2022)<\/strong><\/p>\n<p>T\u00e9l\u00e9chargez nos taris au format PDF <a href=\"https:\/\/brasserieduclocher.be\/philomene\/wp-content\/uploads\/2022\/03\/tarifs-2022.pdf\">ici<\/a><\/p>\n<p><img loading=\"lazy\" decoding=\"async\" class=\"alignnone wp-image-2513 size-full\" src=\"https:\/\/brasserieduclocher.be\/philomene\/wp-content\/uploads\/2022\/03\/tarifs2022.png\" alt=\"\" width=\"287\" height=\"934\" srcset=\"https:\/\/brasserieduclocher.be\/philomene\/wp-content\/uploads\/2022\/03\/tarifs2022.png 287w, https:\/\/brasserieduclocher.be\/philomene\/wp-content\/uploads\/2022\/03\/tarifs2022-92x300.png 92w\" sizes=\"(max-width: 287px) 100vw, 287px\" \/>[\/vc_column_text][\/vc_column][\/vc_row]\n","protected":false},"excerpt":{"rendered":"<p>[vc_row][vc_column][vc_column_text css=&#8221;.vc_custom_1646776399870{margin-bottom: 0px !important;}&#8221;]Voici nos tarifs en vigueur (\u00e0 partir du 01 Mars 2022) T\u00e9l\u00e9chargez nos taris au format PDF ici [\/vc_column_text][\/vc_column][\/vc_row]<\/p>\n","protected":false},"author":4,"featured_media":0,"parent":0,"menu_order":0,"comment_status":"closed","ping_status":"closed","template":"","meta":{"ngg_post_thumbnail":0,"footnotes":""},"_links":{"self":[{"href":"https:\/\/brasserieduclocher.be\/philomene\/wp-json\/wp\/v2\/pages\/2511"}],"collection":[{"href":"https:\/\/brasserieduclocher.be\/philomene\/wp-json\/wp\/v2\/pages"}],"about":[{"href":"https:\/\/brasserieduclocher.be\/philomene\/wp-json\/wp\/v2\/types\/page"}],"author":[{"embeddable":true,"href":"https:\/\/brasserieduclocher.be\/philomene\/wp-json\/wp\/v2\/users\/4"}],"replies":[{"embeddable":true,"href":"https:\/\/brasserieduclocher.be\/philomene\/wp-json\/wp\/v2\/comments?post=2511"}],"version-history":[{"count":2,"href":"https:\/\/brasserieduclocher.be\/philomene\/wp-json\/wp\/v2\/pages\/2511\/revisions"}],"predecessor-version":[{"id":2515,"href":"https:\/\/brasserieduclocher.be\/philomene\/wp-json\/wp\/v2\/pages\/2511\/revisions\/2515"}],"wp:attachment":[{"href":"https:\/\/brasserieduclocher.be\/philomene\/wp-json\/wp\/v2\/media?parent=2511"}],"curies":[{"name":"wp","href":"https:\/\/api.w.org\/{rel}","templated":true}]}}