{"id":2372,"date":"2021-11-09T23:11:37","date_gmt":"2021-11-09T21:11:37","guid":{"rendered":"https:\/\/brasserieduclocher.be\/philomene\/?page_id=2372"},"modified":"2021-11-10T10:15:55","modified_gmt":"2021-11-10T08:15:55","slug":"celeste","status":"publish","type":"page","link":"https:\/\/brasserieduclocher.be\/philomene\/celeste\/","title":{"rendered":"Philom\u00e8ne C\u00e9leste"},"content":{"rendered":"[vc_row][vc_column][vc_column_text css=&#8221;.vc_custom_1636532147442{margin-bottom: 0px !important;}&#8221;]\n<h5 style=\"text-align: left;\">Philom\u00e8ne C\u00e9leste<\/h5>\n<p><span style=\"color: #ffffff;\"><em>Philom\u00e8ne C\u00e9leste: Bi\u00e8re triple au go\u00fbt malt\u00e9 l\u00e9g\u00e8rement bois\u00e9 et aux notes soyeuses de vanille et banane bien m\u00fbre.<\/em><\/span><\/p>\n<p><span style=\"color: #ffffff;\"><em><span style=\"color: #ffffff;\"><img loading=\"lazy\" decoding=\"async\" class=\"wp-image-2374 size-medium alignright\" src=\"https:\/\/brasserieduclocher.be\/philomene\/wp-content\/uploads\/2021\/10\/celeste-75cl-front-final-300x300.png\" alt=\"\" width=\"300\" height=\"300\" srcset=\"https:\/\/brasserieduclocher.be\/philomene\/wp-content\/uploads\/2021\/10\/celeste-75cl-front-final-300x300.png 300w, https:\/\/brasserieduclocher.be\/philomene\/wp-content\/uploads\/2021\/10\/celeste-75cl-front-final-150x150.png 150w, https:\/\/brasserieduclocher.be\/philomene\/wp-content\/uploads\/2021\/10\/celeste-75cl-front-final.png 656w\" sizes=\"(max-width: 300px) 100vw, 300px\" \/><\/span><\/em><\/span><\/p>\n<p>La Philom\u00e8ne C\u00e9leste est une bi\u00e8re blonde \u00e0 la robe dor\u00e9e qui titre 9% alc.\/vol.<\/p>\n<p>C&#8217;est une triple \u00e0 la charpente traditionnelle qui met en \u00e9vidence les ar\u00f4mes complexes de c\u00e9r\u00e9ales et de levure aux notes fruit\u00e9es et \u00e9pic\u00e9es, incluant la banane et l\u2019amande.<\/p>\n<p>Son amertume due au houblon belge \u00ab Golding \u00bb est pr\u00e9sente en arri\u00e8re bouche mais reste toutefois plut\u00f4t mod\u00e9r\u00e9e, bien que persistante.<\/p>\n<p>L\u2019ajout d\u2019\u00e9corces d\u2019orange et de houblons sp\u00e9ciaux lui conf\u00e8re un caract\u00e8re soyeux et velout\u00e9 aux touches de vanille et de bois.<\/p>\n<p>La Philom\u00e8ne C\u00e9leste \u00e0 tout ce qu\u2019il faut pour vous donner rendez-vous au 7<sup>\u00e8me<\/sup> ciel !!!<\/p>\n<p>&#8211; A boire avec mod\u00e9ration<em> &#8211;<\/em><\/p>\n<p><img loading=\"lazy\" decoding=\"async\" class=\"wp-image-2414 alignright\" style=\"color: #ffffff;\" src=\"https:\/\/brasserieduclocher.be\/philomene\/wp-content\/uploads\/2021\/11\/7eme-ciel-300x186.png\" alt=\"\" width=\"200\" height=\"124\" srcset=\"https:\/\/brasserieduclocher.be\/philomene\/wp-content\/uploads\/2021\/11\/7eme-ciel-300x186.png 300w, https:\/\/brasserieduclocher.be\/philomene\/wp-content\/uploads\/2021\/11\/7eme-ciel.png 525w\" sizes=\"(max-width: 200px) 100vw, 200px\" \/><\/p>\n<p><span style=\"color: #ffffff;\">&nbsp;<\/span><\/p>\n<p style=\"text-align: left;\"><span style=\"color: #ffffff;\"><img loading=\"lazy\" decoding=\"async\" class=\"wp-image-2378 alignleft\" src=\"https:\/\/brasserieduclocher.be\/philomene\/wp-content\/uploads\/2021\/10\/221058-affiche-a2-philomene-celeste-avec-slogan-def-1-scaled-723x1024.jpg\" alt=\"\" width=\"500\" height=\"708\" srcset=\"https:\/\/brasserieduclocher.be\/philomene\/wp-content\/uploads\/2021\/10\/221058-affiche-a2-philomene-celeste-avec-slogan-def-1-scaled-723x1024.jpg 723w, https:\/\/brasserieduclocher.be\/philomene\/wp-content\/uploads\/2021\/10\/221058-affiche-a2-philomene-celeste-avec-slogan-def-1-scaled-212x300.jpg 212w, https:\/\/brasserieduclocher.be\/philomene\/wp-content\/uploads\/2021\/10\/221058-affiche-a2-philomene-celeste-avec-slogan-def-1-768x1088.jpg 768w, https:\/\/brasserieduclocher.be\/philomene\/wp-content\/uploads\/2021\/10\/221058-affiche-a2-philomene-celeste-avec-slogan-def-1-1084x1536.jpg 1084w, https:\/\/brasserieduclocher.be\/philomene\/wp-content\/uploads\/2021\/10\/221058-affiche-a2-philomene-celeste-avec-slogan-def-1-1445x2048.jpg 1445w, https:\/\/brasserieduclocher.be\/philomene\/wp-content\/uploads\/2021\/10\/221058-affiche-a2-philomene-celeste-avec-slogan-def-1-scaled.jpg 1807w\" sizes=\"(max-width: 500px) 100vw, 500px\" \/><br \/>\nFormat<\/span><\/p>\n<p>Elle est d\u00e9clin\u00e9e en 2 formats de bouteilles :<br \/>\nune de 75cl ferm\u00e9e par un bouchon-muselet (le format id\u00e9al pour partager avec un ami ou offrir en cadeau)<br \/>\net en bouteille de 33cl de type \u00ab longneck \u00bb; ainsi qu\u2019en f\u00fbts de 20 et 30 litres.&nbsp;<br \/>\nLa Philom\u00e8ne C\u00e9leste est facilement reconnaissable \u00e0 son \u00e9tiquette bleu-roi.&nbsp;<\/p>\n<p><span style=\"color: #ffffff;\">En cuisine &#8230;<\/span><br \/>\n&#8230;<\/p>\n<p><span style=\"color: #ffffff;\">Informations techniques<\/span><\/p>\n<ul>\n<li style=\"position: relative; left: 20px;\">ABV : 9,0% alc.\/vol.<\/li>\n<li style=\"position: relative; left: 20px;\">Amertume : 20 IBU<\/li>\n<li style=\"position: relative; left: 20px;\">Couleur : 12 EBC<\/li>\n<li style=\"position: relative; left: 20px;\">Densit\u00e9 : 18 \u00b0P<\/li>\n<li style=\"position: relative; left: 20px;\">Houblon : Golding (BEL), Perle (DEU), HBC 472 (USA)<\/li>\n<\/ul>\n<p>&nbsp;<\/p>\n<p><a href=\"https:\/\/brasserieduclocher.be\/philomene\/index.php\/ou-trouver-nos-bieres\/\">O\u00f9 la trouver ?<\/a><\/p>\n<p><a href=\"https:\/\/brasserieduclocher.be\/philomene\/la-brasserie\/comptoir-de-vente\/\">Venez l&#8217;emporter \u00e0 la brasserie<\/a>[\/vc_column_text][\/vc_column][\/vc_row]\n","protected":false},"excerpt":{"rendered":"<p>[vc_row][vc_column][vc_column_text css=&#8221;.vc_custom_1636532147442{margin-bottom: 0px !important;}&#8221;] Philom\u00e8ne C\u00e9leste Philom\u00e8ne C\u00e9leste: Bi\u00e8re triple au go\u00fbt malt\u00e9 l\u00e9g\u00e8rement bois\u00e9 et aux notes soyeuses de vanille et banane bien m\u00fbre. La Philom\u00e8ne C\u00e9leste est une bi\u00e8re blonde \u00e0 la robe dor\u00e9e qui titre 9% alc.\/vol. C&#8217;est une triple \u00e0 la charpente traditionnelle qui met en \u00e9vidence les ar\u00f4mes complexes de [&hellip;]<\/p>\n","protected":false},"author":4,"featured_media":1784,"parent":0,"menu_order":0,"comment_status":"closed","ping_status":"closed","template":"","meta":{"ngg_post_thumbnail":0,"footnotes":""},"_links":{"self":[{"href":"https:\/\/brasserieduclocher.be\/philomene\/wp-json\/wp\/v2\/pages\/2372"}],"collection":[{"href":"https:\/\/brasserieduclocher.be\/philomene\/wp-json\/wp\/v2\/pages"}],"about":[{"href":"https:\/\/brasserieduclocher.be\/philomene\/wp-json\/wp\/v2\/types\/page"}],"author":[{"embeddable":true,"href":"https:\/\/brasserieduclocher.be\/philomene\/wp-json\/wp\/v2\/users\/4"}],"replies":[{"embeddable":true,"href":"https:\/\/brasserieduclocher.be\/philomene\/wp-json\/wp\/v2\/comments?post=2372"}],"version-history":[{"count":17,"href":"https:\/\/brasserieduclocher.be\/philomene\/wp-json\/wp\/v2\/pages\/2372\/revisions"}],"predecessor-version":[{"id":2416,"href":"https:\/\/brasserieduclocher.be\/philomene\/wp-json\/wp\/v2\/pages\/2372\/revisions\/2416"}],"wp:featuredmedia":[{"embeddable":true,"href":"https:\/\/brasserieduclocher.be\/philomene\/wp-json\/wp\/v2\/media\/1784"}],"wp:attachment":[{"href":"https:\/\/brasserieduclocher.be\/philomene\/wp-json\/wp\/v2\/media?parent=2372"}],"curies":[{"name":"wp","href":"https:\/\/api.w.org\/{rel}","templated":true}]}}