{"id":2310,"date":"2021-08-03T11:15:42","date_gmt":"2021-08-03T09:15:42","guid":{"rendered":"https:\/\/brasserieduclocher.be\/philomene\/?page_id=2310"},"modified":"2024-10-18T16:16:13","modified_gmt":"2024-10-18T14:16:13","slug":"home-2-2-3-2-2","status":"publish","type":"page","link":"https:\/\/brasserieduclocher.be\/philomene\/","title":{"rendered":"Home-post-deconPHInement"},"content":{"rendered":"[vc_row fullwidth=&#8221;true&#8221; css=&#8221;.vc_custom_1474292538238{margin-top: -90px !important;}&#8221;][vc_column][mk_fullwidth_slideshow bg_position=&#8221;center center&#8221; images=&#8221;2263&#8243; stretch_images=&#8221;true&#8221; effect=&#8221;slide&#8221; pause_on_hover=&#8221;true&#8221; direction_nav=&#8221;false&#8221;][\/vc_column][\/vc_row][vc_row css=&#8221;.vc_custom_1464811864319{margin-top: 20px !important;}&#8221;][vc_column width=&#8221;1\/2&#8243;][vc_column_text title=&#8221;Une brasserie dans une chapelle, vous avez d\u00e9j\u00e0 vu \u00e7a ?&#8221;]La Brasserie du Clocher, c\u2019est <a href=\"http:\/\/brasserieduclocher.be\/philomene\/index.php\/la-brasserie\/historique\/\">un projet passion<\/a> qui s\u2019est concr\u00e9tis\u00e9 fin 2015.<\/p>\n<p>Nous avions depuis longtemps l\u2019envie de partager notre passion, de transmettre nos connaissances et de ramener la bi\u00e8re \u00e0 sa juste place de boisson noble.<\/p>\n<p>Nous avons restaur\u00e9 et transform\u00e9 l\u2019<a href=\"http:\/\/brasserieduclocher.be\/philomene\/la-brasserie\/le-batiment-et-sa-cloche\/\">\u00e9glise d\u00e9sacralis\u00e9e du Piroy<\/a> et y avons install\u00e9 nos cuves. Dans ce magnifique berceau est n\u00e9e notre premi\u00e8re <a href=\"http:\/\/brasserieduclocher.be\/philomene\/index.php\/PhiloFlorale\">bi\u00e8re<\/a>, la Philom\u00e8ne Florale. En mai 2017, \u00e0 l&#8217;occasion de l&#8217;inauguration officielle de la brasserie, une grande s\u0153ur ambr\u00e9e, la Philom\u00e8ne HoptimAle est venue la rejoindre. Depuis d\u00e9but 2017 une cha\u00eene d\u2019embouteillage compl\u00e8te l\u2019installation, ce qui rend notre micro-brasserie artisanale 100% autonome.<\/p>\n<p>Chaque \u00e9tape de ce projet s\u2019est construite avec de nombreux <a href=\"http:\/\/brasserieduclocher.be\/philomene\/index.php\/la-brasserie\/lequipe-et-ses-benevoles\/\">b\u00e9n\u00e9voles<\/a>, amateurs de bi\u00e8re et attach\u00e9s \u00e0 leur patrimoine local.<\/p>\n<p>C&#8217;est cette histoire, en marche, que nous vous proposons de d\u00e9couvrir a travers ce site.<\/p>\n<p>&nbsp;<\/p>\n<p><em>Aussi, si vous passez par Malonne et que vous voyez de la lumi\u00e8re, entrez\u2026Venez visiter et d\u00e9guster\u2026<\/em><\/p>\n<p>A bient\u00f4t !<\/p>\n<p><em>&nbsp; &nbsp; &nbsp; &nbsp; &nbsp; &nbsp; &nbsp; &nbsp; &nbsp; &nbsp; &nbsp; &nbsp; &nbsp; &nbsp; &nbsp; &nbsp; &nbsp; &nbsp; &nbsp; &nbsp; &nbsp; &nbsp; &nbsp; &nbsp; &nbsp; &nbsp; Alex &amp; Jean <\/em>[\/vc_column_text][vc_row_inner][vc_column_inner][vc_single_image image=&#8221;1399&#8243; img_size=&#8221;large&#8221; add_caption=&#8221;yes&#8221; onclick=&#8221;custom_link&#8221; img_link_target=&#8221;_blank&#8221; title=&#8221;O\u00f9 trouver nos bi\u00e8res ?&#8221; link=&#8221;https:\/\/brasserieduclocher.be\/philomene\/ou-trouver-nos-bieres\/&#8221;][\/vc_column_inner][\/vc_row_inner][vc_row_inner][vc_column_inner][vc_column_text title=&#8221;Partenaires Touristiques&#8221; css=&#8221;.vc_custom_1676028399306{margin-bottom: 0px !important;}&#8221;]<a href=\"https:\/\/www.namurtourisme.be\/fr\/\" target=\"_blank\" rel=\"noopener\"><img loading=\"lazy\" decoding=\"async\" class=\"alignnone wp-image-2624\" src=\"https:\/\/brasserieduclocher.be\/philomene\/wp-content\/uploads\/2023\/02\/totem-vnot-300x300.jpg\" alt=\"\" width=\"148\" height=\"148\" srcset=\"https:\/\/brasserieduclocher.be\/philomene\/wp-content\/uploads\/2023\/02\/totem-vnot-300x300.jpg 300w, https:\/\/brasserieduclocher.be\/philomene\/wp-content\/uploads\/2023\/02\/totem-vnot-150x150.jpg 150w, https:\/\/brasserieduclocher.be\/philomene\/wp-content\/uploads\/2023\/02\/totem-vnot.jpg 335w\" sizes=\"(max-width: 148px) 100vw, 148px\" \/> &nbsp;<\/a><a href=\"https:\/\/www.exploremeuse.be\/\" target=\"_blank\" rel=\"noopener\"><img loading=\"lazy\" decoding=\"async\" class=\"alignnone wp-image-2621 \" src=\"https:\/\/brasserieduclocher.be\/philomene\/wp-content\/uploads\/2023\/02\/cropped-explore-meuse_logo_rvb_synthese-e1623138020696-300x111-1.png\" alt=\"\" width=\"165\" height=\"61\"><\/a><a href=\"https:\/\/www.kayak.fr\/Namur.18005.guide\" target=\"_blank\" rel=\"noopener\"><img loading=\"lazy\" decoding=\"async\" class=\"alignnone wp-image-2623 \" src=\"https:\/\/brasserieduclocher.be\/philomene\/wp-content\/uploads\/2023\/02\/kayaklogotw-778x600-2-300x71.jpg\" alt=\"\" width=\"160\" height=\"38\" srcset=\"https:\/\/brasserieduclocher.be\/philomene\/wp-content\/uploads\/2023\/02\/kayaklogotw-778x600-2-300x71.jpg 300w, https:\/\/brasserieduclocher.be\/philomene\/wp-content\/uploads\/2023\/02\/kayaklogotw-778x600-2.jpg 434w\" sizes=\"(max-width: 160px) 100vw, 160px\" \/><\/a><a href=\"https:\/\/www.visitardenne.com\/fr\" target=\"_blank\" rel=\"noopener\"><img loading=\"lazy\" decoding=\"async\" class=\"alignnone wp-image-2618 size-thumbnail\" src=\"https:\/\/brasserieduclocher.be\/philomene\/wp-content\/uploads\/2023\/02\/bloc_de_marque_ardenne_6978-150x150.png\" alt=\"\" width=\"150\" height=\"150\" srcset=\"https:\/\/brasserieduclocher.be\/philomene\/wp-content\/uploads\/2023\/02\/bloc_de_marque_ardenne_6978-150x150.png 150w, https:\/\/brasserieduclocher.be\/philomene\/wp-content\/uploads\/2023\/02\/bloc_de_marque_ardenne_6978-1536x1536.png 1536w, https:\/\/brasserieduclocher.be\/philomene\/wp-content\/uploads\/2023\/02\/bloc_de_marque_ardenne_6978-2048x2048.png 2048w\" sizes=\"(max-width: 150px) 100vw, 150px\" \/><\/a>[\/vc_column_text][\/vc_column_inner][\/vc_row_inner][\/vc_column][vc_column width=&#8221;1\/2&#8243;][vc_single_image image=&#8221;2158&#8243; img_size=&#8221;medium&#8221; alignment=&#8221;center&#8221; onclick=&#8221;custom_link&#8221; img_link_target=&#8221;_blank&#8221; link=&#8221;http:\/\/webshop.brasserieduclocher.be&#8221;][vc_column_text title=&#8221;Hot News&#8221; css=&#8221;.vc_custom_1729260967968{margin-bottom: 0px !important;}&#8221;]\n<p style=\"text-align: right;\"><span class=\"_5mfr\" style=\"color: #ff9900;\"><span class=\"_6qdm\">[MAJ 18 octobre 2024]<\/span><\/span><\/p>\n<div class=\"_3x-2\" data-ft=\"{&quot;tn&quot;:&quot;H&quot;}\">\n<div data-ft=\"{&quot;tn&quot;:&quot;H&quot;}\">\n<div class=\"mtm\">\n<div class=\"_5cq3 _1ktf\" data-ft=\"{&quot;tn&quot;:&quot;E&quot;}\">\n<p><span style=\"color: #ffffff;\"><strong><img loading=\"lazy\" decoding=\"async\" class=\"wp-image-2529 alignleft\" src=\"https:\/\/brasserieduclocher.be\/philomene\/wp-content\/uploads\/2022\/04\/attention-300x263.png\" alt=\"\" width=\"24\" height=\"21\" srcset=\"https:\/\/brasserieduclocher.be\/philomene\/wp-content\/uploads\/2022\/04\/attention-300x263.png 300w, https:\/\/brasserieduclocher.be\/philomene\/wp-content\/uploads\/2022\/04\/attention-768x672.png 768w, https:\/\/brasserieduclocher.be\/philomene\/wp-content\/uploads\/2022\/04\/attention.png 836w\" sizes=\"(max-width: 24px) 100vw, 24px\" \/><\/strong><strong>Taverne de ce 20 octobre annul\u00e9e<\/strong><\/span><\/p>\n<p>Suite \u00e0 une d\u00e9fection dans notre \u00e9quipe, nous ne seront pas capables de vous accueillir \u00e0 la brasserie ce dimanche 20 Octobre pour la Taverne de Philo<\/p>\n<p>On vous invite \u00e0 nous suivre sur FB pour \u00eatre au courant de l&#8217;\u00e9volution du projet et des changements \u00e9ventuels dans les activit\u00e9s.<\/p>\n<\/div>\n<\/div>\n<\/div>\n<\/div>\n[\/vc_column_text][\/vc_column][\/vc_row][vc_row fullwidth=&#8221;true&#8221; fullwidth_content=&#8221;false&#8221; css=&#8221;.vc_custom_1474298534819{margin-top: 10px !important;margin-bottom: 10px !important;padding-top: 15px !important;padding-right: 40px !important;padding-bottom: 15px !important;padding-left: 40px !important;background-color: #424242 !important;}&#8221;][vc_column][\/vc_column][\/vc_row][vc_row][vc_column css=&#8221;.vc_custom_1464812156179{padding-bottom: 20px !important;}&#8221;][mk_advanced_gmaps latitude=&#8221;50.418343&#8243; longitude=&#8221;4.792034&#8243; content_font_color=&#8221;#ffffff&#8221; map_type=&#8221;HYBRID&#8221; modify_json=&#8221;true&#8221; map_json=&#8221;JTVCJTdCJTIyZmVhdHVyZVR5cGUlMjIlM0ElMjJ3YXRlciUyMiUyQyUyMmVsZW1lbnRUeXBlJTIyJTNBJTIyZ2VvbWV0cnklMjIlMkMlMjJzdHlsZXJzJTIyJTNBJTVCJTdCJTIydmlzaWJpbGl0eSUyMiUzQSUyMm9uJTIyJTdEJTJDJTdCJTIyY29sb3IlMjIlM0ElMjIlMjNhZWUyZTAlMjIlN0QlNUQlN0QlMkMlN0IlMjJmZWF0dXJlVHlwZSUyMiUzQSUyMmxhbmRzY2FwZSUyMiUyQyUyMmVsZW1lbnRUeXBlJTIyJTNBJTIyZ2VvbWV0cnkuZmlsbCUyMiUyQyUyMnN0eWxlcnMlMjIlM0ElNUIlN0IlMjJjb2xvciUyMiUzQSUyMiUyM2FiY2U4MyUyMiU3RCU1RCU3RCUyQyU3QiUyMmZlYXR1cmVUeXBlJTIyJTNBJTIycG9pJTIyJTJDJTIyZWxlbWVudFR5cGUlMjIlM0ElMjJnZW9tZXRyeS5maWxsJTIyJTJDJTIyc3R5bGVycyUyMiUzQSU1QiU3QiUyMmNvbG9yJTIyJTNBJTIyJTIzNzY5RTcyJTIyJTdEJTVEJTdEJTJDJTdCJTIyZmVhdHVyZVR5cGUlMjIlM0ElMjJwb2klMjIlMkMlMjJlbGVtZW50VHlwZSUyMiUzQSUyMmxhYmVscy50ZXh0LmZpbGwlMjIlMkMlMjJzdHlsZXJzJTIyJTNBJTVCJTdCJTIyY29sb3IlMjIlM0ElMjIlMjM3Qjg3NTglMjIlN0QlNUQlN0QlMkMlN0IlMjJmZWF0dXJlVHlwZSUyMiUzQSUyMnBvaSUyMiUyQyUyMmVsZW1lbnRUeXBlJTIyJTNBJTIybGFiZWxzLnRleHQuc3Ryb2tlJTIyJTJDJTIyc3R5bGVycyUyMiUzQSU1QiU3QiUyMmNvbG9yJTIyJTNBJTIyJTIzRUJGNEE0JTIyJTdEJTVEJTdEJTJDJTdCJTIyZmVhdHVyZVR5cGUlMjIlM0ElMjJwb2kucGFyayUyMiUyQyUyMmVsZW1lbnRUeXBlJTIyJTNBJTIyZ2VvbWV0cnklMjIlMkMlMjJzdHlsZXJzJTIyJTNBJTVCJTdCJTIydmlzaWJpbGl0eSUyMiUzQSUyMnNpbXBsaWZpZWQlMjIlN0QlMkMlN0IlMjJjb2xvciUyMiUzQSUyMiUyMzhkYWI2OCUyMiU3RCU1RCU3RCUyQyU3QiUyMmZlYXR1cmVUeXBlJTIyJTNBJTIycm9hZCUyMiUyQyUyMmVsZW1lbnRUeXBlJTIyJTNBJTIyZ2VvbWV0cnkuZmlsbCUyMiUyQyUyMnN0eWxlcnMlMjIlM0ElNUIlN0IlMjJ2aXNpYmlsaXR5JTIyJTNBJTIyc2ltcGxpZmllZCUyMiU3RCU1RCU3RCUyQyU3QiUyMmZlYXR1cmVUeXBlJTIyJTNBJTIycm9hZCUyMiUyQyUyMmVsZW1lbnRUeXBlJTIyJTNBJTIybGFiZWxzLnRleHQuZmlsbCUyMiUyQyUyMnN0eWxlcnMlMjIlM0ElNUIlN0IlMjJjb2xvciUyMiUzQSUyMiUyMzVCNUIzRiUyMiU3RCU1RCU3RCUyQyU3QiUyMmZlYXR1cmVUeXBlJTIyJTNBJTIycm9hZCUyMiUyQyUyMmVsZW1lbnRUeXBlJTIyJTNBJTIybGFiZWxzLnRleHQuc3Ryb2tlJTIyJTJDJTIyc3R5bGVycyUyMiUzQSU1QiU3QiUyMmNvbG9yJTIyJTNBJTIyJTIzQUJDRTgzJTIyJTdEJTVEJTdEJTJDJTdCJTIyZmVhdHVyZVR5cGUlMjIlM0ElMjJyb2FkJTIyJTJDJTIyZWxlbWVudFR5cGUlMjIlM0ElMjJsYWJlbHMuaWNvbiUyMiUyQyUyMnN0eWxlcnMlMjIlM0ElNUIlN0IlMjJ2aXNpYmlsaXR5JTIyJTNBJTIyb2ZmJTIyJTdEJTVEJTdEJTJDJTdCJTIyZmVhdHVyZVR5cGUlMjIlM0ElMjJyb2FkLmxvY2FsJTIyJTJDJTIyZWxlbWVudFR5cGUlMjIlM0ElMjJnZW9tZXRyeSUyMiUyQyUyMnN0eWxlcnMlMjIlM0ElNUIlN0IlMjJjb2xvciUyMiUzQSUyMiUyM0E0QzY3RCUyMiU3RCU1RCU3RCUyQyU3QiUyMmZlYXR1cmVUeXBlJTIyJTNBJTIycm9hZC5hcnRlcmlhbCUyMiUyQyUyMmVsZW1lbnRUeXBlJTIyJTNBJTIyZ2VvbWV0cnklMjIlMkMlMjJzdHlsZXJzJTIyJTNBJTVCJTdCJTIyY29sb3IlMjIlM0ElMjIlMjM5QkJGNzIlMjIlN0QlNUQlN0QlMkMlN0IlMjJmZWF0dXJlVHlwZSUyMiUzQSUyMnJvYWQuaGlnaHdheSUyMiUyQyUyMmVsZW1lbnRUeXBlJTIyJTNBJTIyZ2VvbWV0cnklMjIlMkMlMjJzdHlsZXJzJTIyJTNBJTVCJTdCJTIyY29sb3IlMjIlM0ElMjIlMjNFQkY0QTQlMjIlN0QlNUQlN0QlMkMlN0IlMjJmZWF0dXJlVHlwZSUyMiUzQSUyMnRyYW5zaXQlMjIlMkMlMjJzdHlsZXJzJTIyJTNBJTVCJTdCJTIydmlzaWJpbGl0eSUyMiUzQSUyMm9mZiUyMiU3RCU1RCU3RCUyQyU3QiUyMmZlYXR1cmVUeXBlJTIyJTNBJTIyYWRtaW5pc3RyYXRpdmUlMjIlMkMlMjJlbGVtZW50VHlwZSUyMiUzQSUyMmdlb21ldHJ5LnN0cm9rZSUyMiUyQyUyMnN0eWxlcnMlMjIlM0ElNUIlN0IlMjJ2aXNpYmlsaXR5JTIyJTNBJTIyb24lMjIlN0QlMkMlN0IlMjJjb2xvciUyMiUzQSUyMiUyMzg3YWU3OSUyMiU3RCU1RCU3RCUyQyU3QiUyMmZlYXR1cmVUeXBlJTIyJTNBJTIyYWRtaW5pc3RyYXRpdmUlMjIlMkMlMjJlbGVtZW50VHlwZSUyMiUzQSUyMmdlb21ldHJ5LmZpbGwlMjIlMkMlMjJzdHlsZXJzJTIyJTNBJTVCJTdCJTIyY29sb3IlMjIlM0ElMjIlMjM3ZjIyMDAlMjIlN0QlMkMlN0IlMjJ2aXNpYmlsaXR5JTIyJTNBJTIyb2ZmJTIyJTdEJTVEJTdEJTJDJTdCJTIyZmVhdHVyZVR5cGUlMjIlM0ElMjJhZG1pbmlzdHJhdGl2ZSUyMiUyQyUyMmVsZW1lbnRUeXBlJTIyJTNBJTIybGFiZWxzLnRleHQuc3Ryb2tlJTIyJTJDJTIyc3R5bGVycyUyMiUzQSU1QiU3QiUyMmNvbG9yJTIyJTNBJTIyJTIzZmZmZmZmJTIyJTdEJTJDJTdCJTIydmlzaWJpbGl0eSUyMiUzQSUyMm9uJTIyJTdEJTJDJTdCJTIyd2VpZ2h0JTIyJTNBNC4xJTdEJTVEJTdEJTJDJTdCJTIyZmVhdHVyZVR5cGUlMjIlM0ElMjJhZG1pbmlzdHJhdGl2ZSUyMiUyQyUyMmVsZW1lbnRUeXBlJTIyJTNBJTIybGFiZWxzLnRleHQuZmlsbCUyMiUyQyUyMnN0eWxlcnMlMjIlM0ElNUIlN0IlMjJjb2xvciUyMiUzQSUyMiUyMzQ5NTQyMSUyMiU3RCU1RCU3RCUyQyU3QiUyMmZlYXR1cmVUeXBlJTIyJTNBJTIyYWRtaW5pc3RyYXRpdmUubmVpZ2hib3Job29kJTIyJTJDJTIyZWxlbWVudFR5cGUlMjIlM0ElMjJsYWJlbHMlMjIlMkMlMjJzdHlsZXJzJTIyJTNBJTVCJTdCJTIydmlzaWJpbGl0eSUyMiUzQSUyMm9mZiUyMiU3RCU1RCU3RCU1RA==&#8221;][\/vc_column][\/vc_row]\n","protected":false},"excerpt":{"rendered":"<p>[vc_row fullwidth=&#8221;true&#8221; css=&#8221;.vc_custom_1474292538238{margin-top: -90px !important;}&#8221;][vc_column][mk_fullwidth_slideshow bg_position=&#8221;center center&#8221; images=&#8221;2263&#8243; stretch_images=&#8221;true&#8221; effect=&#8221;slide&#8221; pause_on_hover=&#8221;true&#8221; direction_nav=&#8221;false&#8221;][\/vc_column][\/vc_row][vc_row css=&#8221;.vc_custom_1464811864319{margin-top: 20px !important;}&#8221;][vc_column width=&#8221;1\/2&#8243;][vc_column_text title=&#8221;Une brasserie dans une chapelle, vous avez d\u00e9j\u00e0 vu \u00e7a ?&#8221;]La Brasserie du Clocher, c\u2019est un projet passion qui s\u2019est concr\u00e9tis\u00e9 fin 2015. Nous avions depuis longtemps l\u2019envie de partager notre passion, de transmettre nos connaissances et de ramener [&hellip;]<\/p>\n","protected":false},"author":1,"featured_media":0,"parent":0,"menu_order":0,"comment_status":"closed","ping_status":"closed","template":"","meta":{"ngg_post_thumbnail":0,"footnotes":""},"_links":{"self":[{"href":"https:\/\/brasserieduclocher.be\/philomene\/wp-json\/wp\/v2\/pages\/2310"}],"collection":[{"href":"https:\/\/brasserieduclocher.be\/philomene\/wp-json\/wp\/v2\/pages"}],"about":[{"href":"https:\/\/brasserieduclocher.be\/philomene\/wp-json\/wp\/v2\/types\/page"}],"author":[{"embeddable":true,"href":"https:\/\/brasserieduclocher.be\/philomene\/wp-json\/wp\/v2\/users\/1"}],"replies":[{"embeddable":true,"href":"https:\/\/brasserieduclocher.be\/philomene\/wp-json\/wp\/v2\/comments?post=2310"}],"version-history":[{"count":40,"href":"https:\/\/brasserieduclocher.be\/philomene\/wp-json\/wp\/v2\/pages\/2310\/revisions"}],"predecessor-version":[{"id":2698,"href":"https:\/\/brasserieduclocher.be\/philomene\/wp-json\/wp\/v2\/pages\/2310\/revisions\/2698"}],"wp:attachment":[{"href":"https:\/\/brasserieduclocher.be\/philomene\/wp-json\/wp\/v2\/media?parent=2310"}],"curies":[{"name":"wp","href":"https:\/\/api.w.org\/{rel}","templated":true}]}}