{"id":2198,"date":"2021-04-13T10:57:19","date_gmt":"2021-04-13T08:57:19","guid":{"rendered":"https:\/\/brasserieduclocher.be\/philomene\/?page_id=2198"},"modified":"2024-03-30T14:55:32","modified_gmt":"2024-03-30T12:55:32","slug":"phi","status":"publish","type":"page","link":"https:\/\/brasserieduclocher.be\/philomene\/phi\/","title":{"rendered":"PHI"},"content":{"rendered":"[vc_row][vc_column][vc_column_text css=&#8221;.vc_custom_1711803315286{margin-bottom: 0px !important;}&#8221;]\n<h5>PHI &#8211; la bi\u00e8re des sportifs et personnes actives&nbsp;<\/h5>\n<p><span style=\"color: #ffffff;\"><em>Bi\u00e8re blonde l\u00e9g\u00e8re au nez fruit\u00e9, 100% orge et houblon Sabro<\/em><\/span><\/p>\n<p><img loading=\"lazy\" decoding=\"async\" class=\"alignright wp-image-2659\" src=\"https:\/\/brasserieduclocher.be\/philomene\/wp-content\/uploads\/2024\/02\/phi-face-300x300.png\" alt=\"\" width=\"400\" height=\"400\" srcset=\"https:\/\/brasserieduclocher.be\/philomene\/wp-content\/uploads\/2024\/02\/phi-face-300x300.png 300w, https:\/\/brasserieduclocher.be\/philomene\/wp-content\/uploads\/2024\/02\/phi-face-1024x1024.png 1024w, https:\/\/brasserieduclocher.be\/philomene\/wp-content\/uploads\/2024\/02\/phi-face-150x150.png 150w, https:\/\/brasserieduclocher.be\/philomene\/wp-content\/uploads\/2024\/02\/phi-face-768x768.png 768w, https:\/\/brasserieduclocher.be\/philomene\/wp-content\/uploads\/2024\/02\/phi-face.png 1051w\" sizes=\"(max-width: 400px) 100vw, 400px\" \/><\/p>\n<p>Une \u00ab <em>church session IPA<\/em> \u00bb offrant un nez franc et fruit\u00e9 (p\u00eache) de houblon Sabro, qui titre \u00e0 4,5% vol.<\/p>\n<p>La PHI est une bi\u00e8re l\u00e9g\u00e8re sp\u00e9cialement con\u00e7ue pour \u00e9tancher la soif des sportifs exigeants.<br \/>\nSa faible teneur en alcool (4,5 % Alc.\/Vol.) et sa composition 100% malt d\u2019orge en font une boisson tr\u00e8s d\u00e9salt\u00e9rante.<br \/>\nUn houblonnage \u00e0 cru bien dos\u00e9 au houblon Sabro lui conf\u00e8re un subtile nez de fruits exotiques avec une dominante de p\u00eache.<br \/>\nUne bi\u00e8re toute en l\u00e9g\u00e8ret\u00e9 et simplicit\u00e9 dont la recette est issue de la bi\u00e8re D\u00e9conPHInement \u00e9labor\u00e9e en 2021 pour c\u00e9l\u00e9brer la fin d\u2019une interminable p\u00e9riode de privation de contacts et de repli forc\u00e9 sur soi.<br \/>\nSon \u00e9tiquette multicolore \u00e9voque \u00ab Holi \u00bb, la f\u00eate des couleurs en Inde qui c\u00e9l\u00e8bre la joie retrouv\u00e9e au sortir de l\u2019hiver.<br \/>\nElle illustre parfaitement la libert\u00e9 de vivre pleinement notre passion du sport et de partager ces moments de bonheur.<\/p>\n<p><strong>Format<\/strong><\/p>\n<p>Elle est d\u00e9clin\u00e9e en un seul format de bouteille, de 33cl de type \u00ab longneck \u00bb et est \u00e9galement disponible en futs de 20L et 30L.<br \/>\nLa PHI est facilement reconnaissable \u00e0 son \u00e9tiquette typique en carr\u00e9 sur pointe \u00e0 l&#8217;arri\u00e8re plan chamarr\u00e9.<\/p>\n<p><strong>En cuisine \u2026<\/strong><\/p>\n<p>il s&#8217;agit d&#8217;un bi\u00e8re tr\u00e8s l\u00e9g\u00e8re qui accompagne facilement les plats simples et festifs comme les BBQ entre amis, les tapas ou l&#8217;ap\u00e9ritif.<\/p>\n<p><strong>Historique<\/strong><\/p>\n<p><img loading=\"lazy\" decoding=\"async\" class=\"size-medium wp-image-2219 alignleft\" src=\"https:\/\/brasserieduclocher.be\/philomene\/wp-content\/uploads\/2021\/04\/img_20210413_123431-scaled-300x225.jpg\" alt=\"\" width=\"300\" height=\"225\" srcset=\"https:\/\/brasserieduclocher.be\/philomene\/wp-content\/uploads\/2021\/04\/img_20210413_123431-scaled-300x225.jpg 300w, https:\/\/brasserieduclocher.be\/philomene\/wp-content\/uploads\/2021\/04\/img_20210413_123431-scaled-1024x768.jpg 1024w, https:\/\/brasserieduclocher.be\/philomene\/wp-content\/uploads\/2021\/04\/img_20210413_123431-768x576.jpg 768w, https:\/\/brasserieduclocher.be\/philomene\/wp-content\/uploads\/2021\/04\/img_20210413_123431-1536x1152.jpg 1536w, https:\/\/brasserieduclocher.be\/philomene\/wp-content\/uploads\/2021\/04\/img_20210413_123431-2048x1536.jpg 2048w\" sizes=\"(max-width: 300px) 100vw, 300px\" \/>Habituellement, c\u2019est Alex, le ma\u00eetre-brasseur, qui d\u00e9veloppe les nouvelles bi\u00e8res. Cette fois, il n\u2019y a pas touch\u00e9. C\u2019est Moheet (brasseur), aid\u00e9 de St\u00e9phane et Diego (stagiaires de l\u2019IFAPME) qui ont con\u00e7u cette nouvelle recette. La collaboration de ces trois jeunes brasseurs donne vie \u00e0 une bi\u00e8re festive et d\u00e9di\u00e9e au partage. Parce qu\u2019on a tous besoin de revoir ses amis, de sortir de ses murs, de se rassembler autour d\u2019un bon verre. Prudemment !<em><img loading=\"lazy\" decoding=\"async\" class=\"alignright wp-image-2200 size-thumbnail\" src=\"https:\/\/brasserieduclocher.be\/philomene\/wp-content\/uploads\/2021\/04\/etiq-visuel-sml-150x150.png\" sizes=\"(max-width: 300px) 100vw, 300px\" srcset=\"https:\/\/brasserieduclocher.be\/philomene\/wp-content\/uploads\/2021\/04\/etiq-visuel-sml-300x300.png 300w, https:\/\/brasserieduclocher.be\/philomene\/wp-content\/uploads\/2021\/04\/etiq-visuel-sml-150x150.png 150w, https:\/\/brasserieduclocher.be\/philomene\/wp-content\/uploads\/2021\/04\/etiq-visuel-sml.png 334w\" alt=\"\" width=\"150\" height=\"150\"><\/em><\/p>\n<p>Mettre de la couleur dans la vie qui revient peu \u00e0 peu. C\u2019est le message de l\u2019\u00e9tiquette cr\u00e9\u00e9e pour l\u2019occasion. Multicolore, elle \u00e9voque Holi, la f\u00eate des couleurs en Inde. Qui c\u00e9l\u00e8bre la fin de l\u2019hiver et le d\u00e9but du printemps. La&nbsp;<em>D\u00e9conPHInement<\/em>&nbsp;veut ainsi marquer la fin d\u2019une interminable p\u00e9riode de privation de contacts, de repli forc\u00e9 sur soi. Ces longues semaines o\u00f9 les bulles n\u2019avaient plus le go\u00fbt de la f\u00eate.<\/p>\n<p>&nbsp;<\/p>\n<p>&nbsp;<\/p>\n<p><a href=\"https:\/\/brasserieduclocher.be\/philomene\/index.php\/ou-trouver-nos-bieres\/\">O\u00f9 la trouver ?<\/a><\/p>\n<p><a href=\"https:\/\/brasserieduclocher.be\/philomene\/la-brasserie\/comptoir-de-vente\/\">Venez l\u2019emporter \u00e0 la brasserie<\/a>[\/vc_column_text][\/vc_column][\/vc_row]\n","protected":false},"excerpt":{"rendered":"<p>[vc_row][vc_column][vc_column_text css=&#8221;.vc_custom_1711803315286{margin-bottom: 0px !important;}&#8221;] PHI &#8211; la bi\u00e8re des sportifs et personnes actives&nbsp; Bi\u00e8re blonde l\u00e9g\u00e8re au nez fruit\u00e9, 100% orge et houblon Sabro Une \u00ab church session IPA \u00bb offrant un nez franc et fruit\u00e9 (p\u00eache) de houblon Sabro, qui titre \u00e0 4,5% vol. La PHI est une bi\u00e8re l\u00e9g\u00e8re sp\u00e9cialement con\u00e7ue pour \u00e9tancher [&hellip;]<\/p>\n","protected":false},"author":1,"featured_media":1507,"parent":0,"menu_order":0,"comment_status":"closed","ping_status":"closed","template":"","meta":{"ngg_post_thumbnail":0,"footnotes":""},"_links":{"self":[{"href":"https:\/\/brasserieduclocher.be\/philomene\/wp-json\/wp\/v2\/pages\/2198"}],"collection":[{"href":"https:\/\/brasserieduclocher.be\/philomene\/wp-json\/wp\/v2\/pages"}],"about":[{"href":"https:\/\/brasserieduclocher.be\/philomene\/wp-json\/wp\/v2\/types\/page"}],"author":[{"embeddable":true,"href":"https:\/\/brasserieduclocher.be\/philomene\/wp-json\/wp\/v2\/users\/1"}],"replies":[{"embeddable":true,"href":"https:\/\/brasserieduclocher.be\/philomene\/wp-json\/wp\/v2\/comments?post=2198"}],"version-history":[{"count":15,"href":"https:\/\/brasserieduclocher.be\/philomene\/wp-json\/wp\/v2\/pages\/2198\/revisions"}],"predecessor-version":[{"id":2681,"href":"https:\/\/brasserieduclocher.be\/philomene\/wp-json\/wp\/v2\/pages\/2198\/revisions\/2681"}],"wp:featuredmedia":[{"embeddable":true,"href":"https:\/\/brasserieduclocher.be\/philomene\/wp-json\/wp\/v2\/media\/1507"}],"wp:attachment":[{"href":"https:\/\/brasserieduclocher.be\/philomene\/wp-json\/wp\/v2\/media?parent=2198"}],"curies":[{"name":"wp","href":"https:\/\/api.w.org\/{rel}","templated":true}]}}