{"id":218,"date":"2015-03-09T09:56:45","date_gmt":"2015-03-09T09:56:45","guid":{"rendered":"http:\/\/demo.athemes.com\/sydney\/?page_id=2"},"modified":"2020-12-06T23:57:29","modified_gmt":"2020-12-06T21:57:29","slug":"philoflorale","status":"publish","type":"page","link":"https:\/\/brasserieduclocher.be\/philomene\/philoflorale\/","title":{"rendered":"Nos bi\u00e8res &#8211; la Philom\u00e8ne Florale"},"content":{"rendered":"<p>&nbsp;<\/p>\n<h5><span style=\"color: #99cc33;\">La Philom\u00e8ne Florale<img loading=\"lazy\" decoding=\"async\" class=\"wp-image-1227 size-medium alignright\" src=\"http:\/\/brasserieduclocher.be\/philomene\/wp-content\/uploads\/2015\/03\/FloralePNG-300x300.png\" alt=\"\" width=\"300\" height=\"300\" srcset=\"https:\/\/brasserieduclocher.be\/philomene\/wp-content\/uploads\/2015\/03\/FloralePNG-300x300.png 300w, https:\/\/brasserieduclocher.be\/philomene\/wp-content\/uploads\/2015\/03\/FloralePNG-150x150.png 150w, https:\/\/brasserieduclocher.be\/philomene\/wp-content\/uploads\/2015\/03\/FloralePNG-250x250.png 250w, https:\/\/brasserieduclocher.be\/philomene\/wp-content\/uploads\/2015\/03\/FloralePNG-550x550.png 550w, https:\/\/brasserieduclocher.be\/philomene\/wp-content\/uploads\/2015\/03\/FloralePNG-500x500.png 500w, https:\/\/brasserieduclocher.be\/philomene\/wp-content\/uploads\/2015\/03\/FloralePNG-225x225.png 225w, https:\/\/brasserieduclocher.be\/philomene\/wp-content\/uploads\/2015\/03\/FloralePNG-200x200.png 200w, https:\/\/brasserieduclocher.be\/philomene\/wp-content\/uploads\/2015\/03\/FloralePNG-400x400.png 400w, https:\/\/brasserieduclocher.be\/philomene\/wp-content\/uploads\/2015\/03\/FloralePNG-260x260.png 260w, https:\/\/brasserieduclocher.be\/philomene\/wp-content\/uploads\/2015\/03\/FloralePNG-600x600.png 600w, https:\/\/brasserieduclocher.be\/philomene\/wp-content\/uploads\/2015\/03\/FloralePNG-414x414.png 414w, https:\/\/brasserieduclocher.be\/philomene\/wp-content\/uploads\/2015\/03\/FloralePNG-60x60.png 60w, https:\/\/brasserieduclocher.be\/philomene\/wp-content\/uploads\/2015\/03\/FloralePNG.png 656w\" sizes=\"(max-width: 300px) 100vw, 300px\" \/><\/span><\/h5>\n<p><span style=\"color: #ffffff;\"> <i>Philom\u00e8ne florale : Bi\u00e8re blonde l\u00e9g\u00e8re de caract\u00e8re, aux senteurs de fleurs et d\u2019agrumes.<\/i><\/span><\/p>\n<p>La Philom\u00e8ne Florale est avant tout une bi\u00e8re de soif, son nez floral est engageant et introduit parfaitement une amertume ma\u00eetris\u00e9e, finie par une toute petite pointe d\u2019astringence qui ass\u00e8che le gosier et invite \u00e0 en reprendre. Malgr\u00e9 son gout riche, elle titre seulement 5,5% alc.\/vol.<\/p>\n<p>De couleur blonde l\u00e9g\u00e8rement dor\u00e9e, telle la ros\u00e9e du matin, la Philom\u00e8ne Florale arbore un l\u00e9ger voile trouble, d\u00fb au froment, qui rappelle les bi\u00e8res blanches d&#8217;autrefois.<br \/>\nOutre quelques \u00e9pices savamment dos\u00e9es, 4 malts diff\u00e9rents ainsi que 3 vari\u00e9t\u00e9s de houblon entrent dans la composition de cette bi\u00e8re d\u00e9salt\u00e9rante, qui gagne \u00e0 \u00eatre bue tr\u00e8s fra\u00eeche (4-6\u00b0C) !<\/p>\n<p><span style=\"color: #ffffff;\"><img loading=\"lazy\" decoding=\"async\" class=\"alignleft wp-image-1387 size-full\" src=\"http:\/\/brasserieduclocher.be\/philomene\/wp-content\/uploads\/2018\/03\/IMG_4205-Medium.jpg\" alt=\"\" width=\"350\" height=\"525\" srcset=\"https:\/\/brasserieduclocher.be\/philomene\/wp-content\/uploads\/2018\/03\/IMG_4205-Medium.jpg 350w, https:\/\/brasserieduclocher.be\/philomene\/wp-content\/uploads\/2018\/03\/IMG_4205-Medium-200x300.jpg 200w\" sizes=\"(max-width: 350px) 100vw, 350px\" \/>Format<\/span><\/p>\n<p>Elle est d\u00e9clin\u00e9e en f\u00fbts de 20 l ainsi qu\u2019en 2 formats de bouteilles; une de 75cl ferm\u00e9e par un bouchon-muselet <i>(le format id\u00e9al pour partager avec un ami ou offrir en cadeau)<\/i> et en bouteille de 33cl de type &#8220;longneck&#8221; <i>(ce qu&#8217;il vous faut en permanence dans le frigo pour ne jamais plus avoir soif !)<\/i><\/p>\n<p><span style=\"color: #ffffff;\">En cuisine &#8230;<\/span><\/p>\n<p>la Philom\u00e8ne Florale s\u2019associe harmonieusement avec les poissons \u00e0 chair blanche, les fruits de mer et les volailles. Elle est gouleyante en accompagnement de plats acides comme les spaghettis bolognaise et merveilleusement surprenante en dessert sous forme de sabayon ou dans une soupe de fruits. Ses \u00e9pices et son dynamisme en bouche en font la bi\u00e8re d&#8217;accompagnement id\u00e9ale de la cuisine asiatique ou indienne.<\/p>\n<p><a href=\"https:\/\/brasserieduclocher.be\/philomene\/index.php\/ou-trouver-nos-bieres\/\">O\u00f9 la trouver ?<\/a><\/p>\n<p><a href=\"https:\/\/brasserieduclocher.be\/philomene\/la-brasserie\/comptoir-de-vente\/\">Venez l&#8217;emporter \u00e0 la brasserie<\/a><\/p>\n","protected":false},"excerpt":{"rendered":"<p>&nbsp; La Philom\u00e8ne Florale Philom\u00e8ne florale : Bi\u00e8re blonde l\u00e9g\u00e8re de caract\u00e8re, aux senteurs de fleurs et d\u2019agrumes. La Philom\u00e8ne Florale est avant tout une bi\u00e8re de soif, son nez floral est engageant et introduit parfaitement une amertume ma\u00eetris\u00e9e, finie par une toute petite pointe d\u2019astringence qui ass\u00e8che le gosier et invite \u00e0 en reprendre. [&hellip;]<\/p>\n","protected":false},"author":1,"featured_media":619,"parent":0,"menu_order":0,"comment_status":"closed","ping_status":"closed","template":"","meta":{"ngg_post_thumbnail":0,"footnotes":""},"_links":{"self":[{"href":"https:\/\/brasserieduclocher.be\/philomene\/wp-json\/wp\/v2\/pages\/218"}],"collection":[{"href":"https:\/\/brasserieduclocher.be\/philomene\/wp-json\/wp\/v2\/pages"}],"about":[{"href":"https:\/\/brasserieduclocher.be\/philomene\/wp-json\/wp\/v2\/types\/page"}],"author":[{"embeddable":true,"href":"https:\/\/brasserieduclocher.be\/philomene\/wp-json\/wp\/v2\/users\/1"}],"replies":[{"embeddable":true,"href":"https:\/\/brasserieduclocher.be\/philomene\/wp-json\/wp\/v2\/comments?post=218"}],"version-history":[{"count":14,"href":"https:\/\/brasserieduclocher.be\/philomene\/wp-json\/wp\/v2\/pages\/218\/revisions"}],"predecessor-version":[{"id":2120,"href":"https:\/\/brasserieduclocher.be\/philomene\/wp-json\/wp\/v2\/pages\/218\/revisions\/2120"}],"wp:featuredmedia":[{"embeddable":true,"href":"https:\/\/brasserieduclocher.be\/philomene\/wp-json\/wp\/v2\/media\/619"}],"wp:attachment":[{"href":"https:\/\/brasserieduclocher.be\/philomene\/wp-json\/wp\/v2\/media?parent=218"}],"curies":[{"name":"wp","href":"https:\/\/api.w.org\/{rel}","templated":true}]}}