{"id":2135,"date":"2020-12-16T11:53:26","date_gmt":"2020-12-16T09:53:26","guid":{"rendered":"https:\/\/brasserieduclocher.be\/philomene\/?page_id=2135"},"modified":"2020-12-21T00:25:49","modified_gmt":"2020-12-20T22:25:49","slug":"home-2-2-2","status":"publish","type":"page","link":"https:\/\/brasserieduclocher.be\/philomene\/home-2-2-2\/","title":{"rendered":"Home-xmas2020"},"content":{"rendered":"[vc_row fullwidth=&#8221;true&#8221; css=&#8221;.vc_custom_1474292538238{margin-top: -90px !important;}&#8221;][vc_column][mk_fullwidth_slideshow padding=&#8221;0&#8243; bg_position=&#8221;center top&#8221; images=&#8221;2141&#8243; effect=&#8221;slide&#8221; pause_on_hover=&#8221;true&#8221; direction_nav=&#8221;false&#8221;][\/vc_column][\/vc_row][vc_row css=&#8221;.vc_custom_1464811864319{margin-top: 20px !important;}&#8221;][vc_column width=&#8221;1\/2&#8243;][vc_column_text title=&#8221;Une brasserie dans une chapelle, vous avez d\u00e9j\u00e0 vu \u00e7a ?&#8221; css=&#8221;.vc_custom_1607291399851{margin-bottom: 0px !important;}&#8221;]La Brasserie du Clocher, c\u2019est <a href=\"https:\/\/brasserieduclocher.be\/philomene\/index.php\/la-brasserie\/historique\/\">un projet passion<\/a> qui s\u2019est concr\u00e9tis\u00e9 fin 2015.<\/p>\n<p>Nous avions depuis longtemps l\u2019envie de partager notre passion, de transmettre nos connaissances et de ramener la bi\u00e8re \u00e0 sa juste place de boisson noble.<\/p>\n<p>Nous avons restaur\u00e9 et transform\u00e9 l\u2019<a href=\"https:\/\/brasserieduclocher.be\/philomene\/la-brasserie\/le-batiment-et-sa-cloche\/\">\u00e9glise d\u00e9sacralis\u00e9e du Piroy<\/a> et y avons install\u00e9 nos cuves. Dans ce magnifique berceau est n\u00e9e notre premi\u00e8re <a href=\"https:\/\/brasserieduclocher.be\/philomene\/index.php\/PhiloFlorale\">bi\u00e8re<\/a>, la Philom\u00e8ne Florale. En mai 2017, \u00e0 l&#8217;occasion de l&#8217;inauguration officielle de la brasserie, une grande s\u0153ur ambr\u00e9e, la Philom\u00e8ne HoptimAle est venue la rejoindre. Depuis d\u00e9but 2017 une cha\u00eene d\u2019embouteillage compl\u00e8te l\u2019installation, ce qui rend notre micro-brasserie artisanale 100% autonome.<\/p>\n<p>Chaque \u00e9tape de ce projet s\u2019est construite avec de nombreux <a href=\"https:\/\/brasserieduclocher.be\/philomene\/index.php\/la-brasserie\/lequipe-et-ses-benevoles\/\">b\u00e9n\u00e9voles<\/a>, amateurs de bi\u00e8re et attach\u00e9s \u00e0 leur patrimoine local.<\/p>\n<p>C&#8217;est cette histoire, en marche, que nous vous proposons de d\u00e9couvrir a travers ce site.<\/p>\n<p>&nbsp;<\/p>\n<p><em>Aussi, si vous passez par Malonne et que vous voyez de la lumi\u00e8re, entrez\u2026Venez visiter et d\u00e9guster\u2026<\/em><\/p>\n<p>A bient\u00f4t !<\/p>\n<p><em>&nbsp; &nbsp; &nbsp; &nbsp; &nbsp; &nbsp; &nbsp; &nbsp; &nbsp; &nbsp; &nbsp; &nbsp; &nbsp; &nbsp; &nbsp; &nbsp; &nbsp; &nbsp; &nbsp; &nbsp; &nbsp; &nbsp; &nbsp; &nbsp; &nbsp; &nbsp; Alex &amp; Jean <\/em>[\/vc_column_text][vc_wp_text title=&#8221;Nos actualit\u00e9s&#8221;]\t  \n\t\t\n\t\t<style type='text\/css' >\n\t\t #psc_divSliderMain69f5ae7ad8cb4 .bx-wrapper .bx-viewport {\n\t\t\t background: none repeat scroll 0 0 #515151 !important;\n\t\t\t border: 0px none !important;\n\t\t\t box-shadow: 0 0 0 0 !important;\n\t\t\t \/*padding:10px !important;*\/\n\t\t   }\n\t\t <\/style><!-- psc_print_post_slider_carousel_func -->\n\t\t \t \t\t\t\t<div id=\"poststuff\">\n\t\t\t\t  <div id=\"post-body\" class=\"metabox-holder columns-2\">\n\t\t\t\t\t<div id=\"post-body-content\">\n\t\t\t\t\t\t <div style=\"clear: both;\"><\/div>\n\t\t\t\t\t\t           \n\t\t\t\t\t\t\n\t\t\t\t\t   \n\t\t\t\t\t\t\t<div style=\"width: auto;postion:relative\" id=\"psc_divSliderMain69f5ae7ad8cb4\">\n\t\t\t\t\t\t\t  <div id=\"psc_thumnail_slider69f5ae7ad8cb3\" class=\"post_slider_carousel\" style=\"margin-top: 2px !important;display:none\">\n\t\t\t\t\t\t\t\t  \n\t\t\t\t\t\t \t\t\t\t\t\t\t\t\t\t  \n\t\t\t\t\t\t\t\t  <div class=\"bx_pst_slider\">   \n\t\t\t\t\t\t\t\t\t                                                                                                                                                                                                                                                                                       \n\t\t\t\t\t\t\t\t\t\t<a data-post_id=\"2477\" \n\t\t\t\t\t\t\t\t\t\t\t\t\t\t\t\t\t\t\t\t\t\t\t\t\t\t\t\ttarget=\"_blank\"   href=\"https:\/\/brasserieduclocher.be\/philomene\/events\/test-evenement-recurent-2022-08-21\/\" title=\"Taverne de Philo\" ><img decoding=\"async\" src=\"https:\/\/brasserieduclocher.be\/philomene\/wp-content\/uploads\/psc_post_slider_carousel\/taverne-annulee_200_238.png\" alt=\"Taverne de Philo\" title=\"Taverne de Philo\"   \/><\/a>\n\t\t\t\t\t\t\t\t\t   \n\t\t\t\t\t\t\t\t   <\/div>\n\t\t\t\t\t\t\t   \n\t\t\t\t\t\t   \t\t\t\t\t\t\t\t\t\t  \n\t\t\t\t\t\t\t\t  <div class=\"bx_pst_slider\">   \n\t\t\t\t\t\t\t\t\t                                                                                                                                                                                                                                                                                       \n\t\t\t\t\t\t\t\t\t\t<a data-post_id=\"2478\" \n\t\t\t\t\t\t\t\t\t\t\t\t\t\t\t\t\t\t\t\t\t\t\t\t\t\t\t\ttarget=\"_blank\"   href=\"https:\/\/brasserieduclocher.be\/philomene\/events\/test-evenement-recurent-2022-09-18\/\" title=\"Taverne de Philo\" ><img decoding=\"async\" src=\"https:\/\/brasserieduclocher.be\/philomene\/wp-content\/uploads\/psc_post_slider_carousel\/taverne_200_238.png\" alt=\"Taverne de Philo\" title=\"Taverne de Philo\"   \/><\/a>\n\t\t\t\t\t\t\t\t\t   \n\t\t\t\t\t\t\t\t   <\/div>\n\t\t\t\t\t\t\t   \n\t\t\t\t\t\t      \n\t\t\t\t\t\t\t\t\t\t\t\t\t\t \n\t\t\t\t\t<\/div>\n\t\t\t\t\t\t<\/div>\n\t\t\t\t\t<script>\n\t\t\t\t\n\t\t\t\t   \t\t\t   \n\t\t\t\t\tvar interval_69f5ae7ada579 = setInterval(function() {\n\t\t\t\t\tvar psc_slider='';    \n\t\t\t\t\tif(document.readyState === 'complete') {\n\n\t\t\t\t\t   clearInterval(interval_69f5ae7ada579);\n\t\t\t\t\t   \n\t\t\t\t\t\t\t\n\t\t\t\t\t\t   jQuery(\"#psc_thumnail_slider69f5ae7ad8cb3\").show();\n\t\t\t\t\t\t\tvar rand_69f5ae7ad8cb5=psc_slider=jQuery('#psc_divSliderMain69f5ae7ad8cb4').html();   \n\t\t\t\t\t\t\tjQuery('#psc_thumnail_slider69f5ae7ad8cb3').bxSlider({\n\t\t\t\t\t\t\t\t\t\t\t\t\t\t\t\t  slideWidth: 238,\n\t\t\t\t\t\t\t\t   minSlides: 1,\n\t\t\t\t\t\t\t\t   maxSlides: 2,\n\t\t\t\t\t\t\t\t   moveSlides: 1,\n\t\t\t\t\t\t\t\t   slideMargin:10,  \n\t\t\t\t\t\t\t\t   speed:1500,\n\t\t\t\t\t\t\t\t   pause:3000,\n\t\t\t\t\t\t\t\t   adaptiveHeight:false,\n\t\t\t\t\t\t\t\t   preventDefaultSwipeY: false,\n\t\t\t\t\t\t\t\t   \t\t\t\t\t\t\t\t\t autoHover: true,\n\t\t\t\t\t\t\t\t\t\t\t\t\t\t\t\t\t\t   \t\t\t\t\t\t\t\t\tcontrols:false,\n\t\t\t\t\t\t\t\t   \t\t\t\t\t\t\t\t   pager:false,\n\t\t\t\t\t\t\t\t   useCSS:false,\n\t\t\t\t\t\t\t\t   \t\t\t\t\t\t\t\t\tautoStart:true,\n\t\t\t\t\t\t\t\t\tautoDelay:200,\n\t\t\t\t\t\t\t\t\tauto:true,       \n\t\t\t\t\t\t\t\t   \t\t\t\t\t\t\t\t    \n\t\t\t\t\t\t\t\t\tinfiniteLoop: true,\n\t\t\t\t\t\t\t\t   \t\t\t\t\t\t\t\t   \t\t\t\t\t\t\t\t\t captions:true,  \n\t\t\t\t\t\t\t\t   \t\t\t\t\t\t\t\t   \t\t\t\t\t\t\t\t\t pager:true,\n\t\t\t\t\t\t\t\t   \t\t\t\t\t\t\t\t\t onSlideBefore: function(slideElement){\n\t\t\t\t\t\t\t\t\t\t\t\t\t\t\n\t\t\t\t\t\t\t\t\t\tjQuery(slideElement).find('img').each(function(index, elm) {\n\n\t\t\t\t\t\t\t\t\t\t\t\tif(!elm.complete || elm.naturalWidth === 0){\n\n\t\t\t\t\t\t\t\t\t\t\t\t   var toload='';\n\t\t\t\t\t\t\t\t\t\t\t\t   var toloadval='';\n\t\t\t\t\t\t\t\t\t\t\t\t   jQuery.each(elm.attributes, function(i, attrib){\n\n\t\t\t\t\t\t\t\t\t\t\t\t\t   var value = attrib.value;\n\t\t\t\t\t\t\t\t\t\t\t\t\t   var aname=attrib.name;\n\n\t\t\t\t\t\t\t\t\t\t\t\t\t   var pattern = \/^((http|https):\\\/\\\/)\/;\n\n\t\t\t\t\t\t\t\t\t\t\t\t\t   if(pattern.test(value) && aname!='src' && aname.indexOf('data-html5_vurl')==-1) {\n\n\t\t\t\t\t\t\t\t\t\t\t\t\t\t   toload=aname;\n\t\t\t\t\t\t\t\t\t\t\t\t\t\t   toloadval=value;\n\t\t\t\t\t\t\t\t\t\t\t\t\t\t   }\n\t\t\t\t\t\t\t\t\t\t\t\t\t   \/\/ do your magic :-)\n\t\t\t\t\t\t\t\t\t\t\t\t   });\n\n\t\t\t\t\t\t\t\t\t\t\t\t   vsrc= jQuery(elm).attr(\"src\");\n\t\t\t\t\t\t\t\t\t\t\t\t   jQuery(elm).removeAttr(\"src\");\n\t\t\t\t\t\t\t\t\t\t\t\t   dsrc= jQuery(elm).attr(\"data-src\");\n\t\t\t\t\t\t\t\t\t\t\t\t   lsrc= jQuery(elm).attr(\"data-lazy-src\");\n\n\t\t\t\t\t\t\t\t\t\t\t\t   if(dsrc!== undefined && dsrc!='' && dsrc!=vsrc){\n\t\t\t\t\t\t\t\t\t\t\t\t\t\t\tjQuery(elm).attr(\"src\",dsrc);\n\t\t\t\t\t\t\t\t\t\t\t\t\t   }\n\t\t\t\t\t\t\t\t\t\t\t\t\t   else if(lsrc!== undefined && lsrc!=vsrc){\n\n\t\t\t\t\t\t\t\t\t\t\t\t\t\t\tjQuery(elm).attr(\"src\",lsrc);\n\t\t\t\t\t\t\t\t\t\t\t\t\t   }\n\t\t\t\t\t\t\t\t\t\t\t\t\t\telse if(toload!='' && toload!='srcset' && toloadval!='' && toloadval!=vsrc){\n\n\t\t\t\t\t\t\t\t\t\t\t\t\t\t   $(elm).attr(\"src\",toloadval);\n\n\n\t\t\t\t\t\t\t\t\t\t\t\t\t\t   } \n\t\t\t\t\t\t\t\t\t\t\t\t\t   else{\n\n\t\t\t\t\t\t\t\t\t\t\t\t\t\t\tjQuery(elm).attr(\"src\",vsrc);\n\n\t\t\t\t\t\t\t\t\t\t\t\t\t   }   \n\n\t\t\t\t\t\t\t\t\t\t\t\t   elm= jQuery(elm)[0];      \n\t\t\t\t\t\t\t\t\t\t\t\t   if(!elm.complete && elm.naturalHeight == 0){\n\n\t\t\t\t\t\t\t\t\t\t\t\t\t\tjQuery(elm).removeAttr('loading');\n\t\t\t\t\t\t\t\t\t\t\t\t\t\tjQuery(elm).removeAttr('data-lazy-type');\n\n\n\t\t\t\t\t\t\t\t\t\t\t\t\t\tjQuery(elm).removeClass('lazy');\n\n\t\t\t\t\t\t\t\t\t\t\t\t\t\tjQuery(elm).removeClass('lazyLoad');\n\t\t\t\t\t\t\t\t\t\t\t\t\t\tjQuery(elm).removeClass('lazy-loaded');\n\t\t\t\t\t\t\t\t\t\t\t\t\t\tjQuery(elm).removeClass('jetpack-lazy-image');\n\t\t\t\t\t\t\t\t\t\t\t\t\t\tjQuery(elm).removeClass('jetpack-lazy-image--handled');\n\t\t\t\t\t\t\t\t\t\t\t\t\t\tjQuery(elm).removeClass('lazy-hidden');\n\n\t\t\t\t\t\t\t\t\t\t\t   }\n\n\n\t\t\t\t\t\t\t\t\t\t   }\n\n\t\t\t\t\t\t\t\t\t\t});\n\n\t\t\t\t\t\t\t\t  },   \n\t\t\t\t\t\t\t\tonSliderLoad: function(){\n\n\n\t\t\t\t\t\t\t\t}\n\n\n\t\t\t\t\t });\n\n\t\t\t\t\t\t\t \n\t\t\t\t\t\t  \n\t\t\t\t\t\t  \n\t\t\t\t\t\t\t\n\t\t\t\t   }    \n\t\t\t\t}, 100);         \n\t\t\t\t\t\n\t\t\t\t\t\n\t\t\t\t\t  window.addEventListener('load', function() {\n\n\n\t\t\t\t\t\t\t\t\tsetTimeout(function(){ \n\n\t\t\t\t\t\t\t\t\t\t\tif(jQuery(\"#psc_thumnail_slider69f5ae7ad8cb3\").find('.bx-loading').length>0){\n\n\t\t\t\t\t\t\t\t\t\t\t\t\tjQuery(\"#psc_thumnail_slider69f5ae7ad8cb3\").find('img').each(function(index, elm) {\n\n\t\t\t\t\t\t\t\t\t\t\t\t\t\t\t if(!elm.complete || elm.naturalWidth === 0){\n\n\t\t\t\t\t\t\t\t\t\t\t\t\t\t\t\tvar toload='';\n\t\t\t\t\t\t\t\t\t\t\t\t\t\t\t\tvar toloadval='';\n\t\t\t\t\t\t\t\t\t\t\t\t\t\t\t\tjQuery.each(this.attributes, function(i, attrib){\n\n\t\t\t\t\t\t\t\t\t\t\t\t\t\t\t\t\t\tvar value = attrib.value;\n\t\t\t\t\t\t\t\t\t\t\t\t\t\t\t\t\t\tvar aname=attrib.name;\n\n\t\t\t\t\t\t\t\t\t\t\t\t\t\t\t\t\t\tvar pattern = \/^((http|https):\\\/\\\/)\/;\n\n\t\t\t\t\t\t\t\t\t\t\t\t\t\t\t\t\t\tif(pattern.test(value) && aname!='src') {\n\n\t\t\t\t\t\t\t\t\t\t\t\t\t\t\t\t\t\t\t\ttoload=aname;\n\t\t\t\t\t\t\t\t\t\t\t\t\t\t\t\t\t\t\t\ttoloadval=value;\n\t\t\t\t\t\t\t\t\t\t\t\t\t\t\t\t\t\t }\n\t\t\t\t\t\t\t\t\t\t\t\t\t\t\t\t\t\t\/\/ do your magic :-)\n\t\t\t\t\t\t\t\t\t\t\t\t\t\t\t\t });\n\n\t\t\t\t\t\t\t\t\t\t\t\t\t\t\t\t\t\tvsrc=jQuery(elm).attr(\"src\");\n\t\t\t\t\t\t\t\t\t\t\t\t\t\t\t\t\t\tjQuery(elm).removeAttr(\"src\");\n\t\t\t\t\t\t\t\t\t\t\t\t\t\t\t\t\t\tdsrc=jQuery(elm).attr(\"data-src\");\n\t\t\t\t\t\t\t\t\t\t\t\t\t\t\t\t\t\tlsrc=jQuery(elm).attr(\"data-lazy-src\");\n\n\n\t\t\t\t\t\t\t\t\t\t\t\t\t\t\t\t\t\t   if(dsrc!== undefined && dsrc!='' && dsrc!=vsrc){\n\t\t\t\t\t\t\t\t\t\t\t\t\t\t\t\t\t\t\t\t\t\t\t\t\t\t jQuery(elm).attr(\"src\",dsrc);\n\t\t\t\t\t\t\t\t\t\t\t\t\t\t\t\t\t\t\t\t}\n\t\t\t\t\t\t\t\t\t\t\t\t\t\t\t\t\t\t\t\telse if(lsrc!== undefined && lsrc!=vsrc){\n\n\t\t\t\t\t\t\t\t\t\t\t\t\t\t\t\t\t\t\t\t\t\t\t\t jQuery(elm).attr(\"src\",lsrc);\n\t\t\t\t\t\t\t\t\t\t\t\t\t\t\t\t\t\t\t\t}\n\t\t\t\t\t\t\t\t\t\t\t\t\t\t\t\t\t\t\t\telse if(toload!='' && toload!='srcset' && toloadval!='' && toloadval!=vsrc){\n\n\t\t\t\t\t\t\t\t\t\t\t\t\t\t\t\t\t\t\t\t\t\tjQuery(elm).removeAttr(toload);\n\t\t\t\t\t\t\t\t\t\t\t\t\t\t\t\t\t\t\t\t\t\tjQuery(elm).attr(\"src\",toloadval);\n\n\n\t\t\t\t\t\t\t\t\t\t\t\t\t\t\t\t\t\t\t\t\t} \n\t\t\t\t\t\t\t\t\t\t\t\t\t\t\t\t\t\t\t\telse{\n\n\t\t\t\t\t\t\t\t\t\t\t\t\t\t\t\t\t\t\t\t\t\t\t\tjQuery(elm).attr(\"src\",vsrc);\n\n\t\t\t\t\t\t\t\t\t\t\t\t\t\t\t\t\t\t   }   \n\n\t\t\t\t\t\t\t\t\t\t\t\t\t\t\t\t\t\telm=jQuery(elm)[0];      \n\t\t\t\t\t\t\t\t\t\t\t\t\t\t\t\t\t\t if(!elm.complete && elm.naturalHeight == 0){\n\n\t\t\t\t\t\t\t\t\t\t\t\t\t\t\t\t\t\t\t\t\t\t jQuery(elm).removeAttr('loading');\n\t\t\t\t\t\t\t\t\t\t\t\t\t\t\t\t\t\t\t\t\t\t jQuery(elm).removeAttr('data-lazy-type');\n\n\n\t\t\t\t\t\t\t\t\t\t\t\t\t\t\t\t\t\t\t\t\t\t jQuery(elm).removeClass('lazy');\n\n\t\t\t\t\t\t\t\t\t\t\t\t\t\t\t\t\t\t\t\t\t\t jQuery(elm).removeClass('lazyLoad');\n\t\t\t\t\t\t\t\t\t\t\t\t\t\t\t\t\t\t\t\t\t\t jQuery(elm).removeClass('lazy-loaded');\n\t\t\t\t\t\t\t\t\t\t\t\t\t\t\t\t\t\t\t\t\t\t jQuery(elm).removeClass('jetpack-lazy-image');\n\t\t\t\t\t\t\t\t\t\t\t\t\t\t\t\t\t\t\t\t\t\t jQuery(elm).removeClass('jetpack-lazy-image--handled');\n\t\t\t\t\t\t\t\t\t\t\t\t\t\t\t\t\t\t\t\t\t\t jQuery(elm).removeClass('lazy-hidden');\n\n\t\t\t\t\t\t\t\t\t\t\t\t\t\t\t\t\t\t}\n\t\t\t\t\t\t\t\t\t\t\t\t\t\t\t }\n\n\t\t\t\t\t\t\t\t\t\t\t\t\t\t}).promise().done( function(){ \n\n\t\t\t\t\t\t\t\t\t\t\t\t\t\t\t\tjQuery(\"#psc_divSliderMain69f5ae7ad8cb4\").find('.bx-loading').remove();\n\t\t\t\t\t\t\t\t\t\t\t\t\t\t} );\n\n\t\t\t\t\t\t\t\t\t\t\t\t}\n\n\n\t\t\t\t\t\t\t\t\t   }, 6000);\n\n\t\t\t\t\t\t\t});\n\t\t\t\t\t <\/script>         \n\t\t\t\t\t\t\n\t\t\t\t\t<\/div>\n\t\t\t  <\/div>\n\t\t\t<\/div>  \n\t <!-- end psc_print_post_slider_carousel_func -->\n\t [\/vc_wp_text][\/vc_column][vc_column width=&#8221;1\/2&#8243;][mk_image src=&#8221;http:\/\/brasserieduclocher.be\/philomene\/wp-content\/uploads\/2018\/06\/trouver-bi\u00e8res.png&#8221; image_size=&#8221;large&#8221; link=&#8221;https:\/\/brasserieduclocher.be\/philomene\/ou-trouver-nos-bieres&#8221; target=&#8221;_blank&#8221;][vc_column_text title=&#8221;Hot News&#8221; css=&#8221;.vc_custom_1608503143755{margin-bottom: 0px !important;}&#8221;]\n<h2><span class=\"_5mfr\"><span class=\"_6qdm\">&#x2622;&#xfe0f;<\/span><\/span>&nbsp;Covid 19 <strong>VS<\/strong> Philom\u00e8ne&nbsp;<span class=\"_5mfr\"><span class=\"_6qdm\">&#x26a0;&#xfe0f;&nbsp;<\/span><\/span><\/h2>\n<div id=\"js_j\" class=\"_5pbx userContent _3576\" data-testid=\"post_message\" data-ft=\"{&quot;tn&quot;:&quot;K&quot;}\">\n<p><strong>LE COMBAT CONTINUE !&nbsp; &nbsp; &nbsp; &nbsp; &nbsp; &nbsp; <span style=\"color: #ffff00;\">&nbsp; &nbsp; [MAJ 20 DEC 2020]<\/span><\/strong><\/p>\n<p>Apr\u00e8s seulement quelques mois de retour \u00e0 la normale, nous voici \u00e0 nouveau dans une situation tr\u00e8s d\u00e9licate suite \u00e0 la fermeture de l&#8217;HORECA et au reconfinement.<\/p>\n<p>Cette fermeture aussi brutale qu&#8217;incompr\u00e9hensible nous prive d&#8217;une partie importante de nos rentr\u00e9es financi\u00e8res, bien n\u00e9cessaires pour assumer nos engagements financiers et la p\u00e9rennit\u00e9 de notre projet. C&#8217;est pourquoi nous allons devoir \u00e0 nouveau faire appel \u00e0 votre soutien et&nbsp; \u00e0 votre soif de Philom\u00e8ne. <strong>A partir de ce 1er novembre<\/strong>, nous activons \u00e0 nouveau notre site de vente en ligne et&nbsp; vous proposons de nous soutenir en achetant un <strong>&#8220;<a href=\"https:\/\/brasserieduclocher.odoo.com\/shop\/category\/covid-1\" target=\"_blank\" rel=\"noopener noreferrer\">kit de survie<\/a>&#8220;<\/strong>.<br \/>\nCette initiative est organis\u00e9e en partenariat avec nos distributeurs, qui ont eux aussi bien besoin qu&#8217;on les soutienne<span class=\"_5mfr\"><span class=\"_6qdm\">&#x1f609;<\/span><\/span><span class=\"_5mfr\"><span class=\"_6qdm\">&#x1f44c;<\/span><\/span><\/p>\n<p>N&#8217;h\u00e9sitez pas \u00e0 consulter notre <a href=\"https:\/\/brasserieduclocher.odoo.com\/shop\/\" target=\"_blank\" rel=\"noopener noreferrer\">boutique en ligne<\/a><a href=\"https:\/\/brasserieduclocher.logicasoft.eu\/\" target=\"_blank\" rel=\"noopener noreferrer\">&nbsp;<\/a>!<\/p>\n<p><strong>VISITER LA BRASSERIE ?<\/strong><\/p>\n<p>Pour l&#8217;instant, il est toujours possible de r\u00e9server des visites guid\u00e9es de la brasserie, en groupe &#8220;bulle&#8221; de 8 personnes.<\/p>\n<p><strong>LE MAGASIN RESTE OUVERT&nbsp;<\/strong><span class=\"_5mfr\"><span class=\"_6qdm\"><br \/>\n<\/span><\/span><br \/>\nLe magasin est ouvert tous les samedis matin comme d&#8217;habitude, entre 10h et 12h30.<br \/>\nVous pouvez y acheter tous les produits et packs en vente sur notre boutique en ligne, et bien plus encore !<\/p>\n<p>Nous vous demanderons bien s\u00fbr de respecter quelques consignes simples :<\/p>\n<ul>\n<li>port du masque obligatoire pour entrer dans la brasserie&nbsp;<\/li>\n<li>pas de service de boisson<\/li>\n<li>d\u00e9sinfection des mains \u00e0 l&#8217;entr\u00e9e<\/li>\n<li>respect des distances (1,5 m)<\/li>\n<\/ul>\n<p><span style=\"color: #ffff00;\"><em>Exceptionnellement, pour les f\u00eates de fin d\u2019ann\u00e9e, le magasin sera ouvert de 16h \u00e0 19h ces lundi 21\/12 , mardi 22\/12 et mercredi 23\/12.<br \/>\nLe magasin sera \u00e9galement ouvert ce jeudi 24\/12 de 10h \u00e0 12h30.<\/em><\/span><\/p>\n<p><strong>TAVERNE ANNUL\u00c9E<\/strong><\/p>\n<p>Les mesures actuelles li\u00e9es au COVID nous interdisent d&#8217;organiser la Taverne mensuelle<\/p>\n<p><span style=\"color: #ffff00;\">Prenez soin de vous !<\/span><\/p>\n<\/div>\n<div class=\"_3x-2\" data-ft=\"{&quot;tn&quot;:&quot;H&quot;}\">\n<div data-ft=\"{&quot;tn&quot;:&quot;H&quot;}\">\n<div class=\"mtm\">\n<div class=\"_5cq3 _1ktf\" data-ft=\"{&quot;tn&quot;:&quot;E&quot;}\">\n<div id=\"u_0_12\" class=\"uiScaledImageContainer _4-ep\">&nbsp;<\/div>\n<\/div>\n<\/div>\n<\/div>\n<\/div>\n[\/vc_column_text][\/vc_column][\/vc_row][vc_row fullwidth=&#8221;true&#8221; fullwidth_content=&#8221;false&#8221; css=&#8221;.vc_custom_1474298534819{margin-top: 10px !important;margin-bottom: 10px !important;padding-top: 15px !important;padding-right: 40px !important;padding-bottom: 15px !important;padding-left: 40px !important;background-color: #424242 !important;}&#8221;][vc_column][\/vc_column][\/vc_row][vc_row][vc_column css=&#8221;.vc_custom_1464812156179{padding-bottom: 20px !important;}&#8221;][mk_advanced_gmaps latitude=&#8221;50.418343&#8243; longitude=&#8221;4.792034&#8243; content_font_color=&#8221;#ffffff&#8221; map_type=&#8221;HYBRID&#8221; modify_json=&#8221;true&#8221; map_json=&#8221;JTVCJTdCJTIyZmVhdHVyZVR5cGUlMjIlM0ElMjJ3YXRlciUyMiUyQyUyMmVsZW1lbnRUeXBlJTIyJTNBJTIyZ2VvbWV0cnklMjIlMkMlMjJzdHlsZXJzJTIyJTNBJTVCJTdCJTIydmlzaWJpbGl0eSUyMiUzQSUyMm9uJTIyJTdEJTJDJTdCJTIyY29sb3IlMjIlM0ElMjIlMjNhZWUyZTAlMjIlN0QlNUQlN0QlMkMlN0IlMjJmZWF0dXJlVHlwZSUyMiUzQSUyMmxhbmRzY2FwZSUyMiUyQyUyMmVsZW1lbnRUeXBlJTIyJTNBJTIyZ2VvbWV0cnkuZmlsbCUyMiUyQyUyMnN0eWxlcnMlMjIlM0ElNUIlN0IlMjJjb2xvciUyMiUzQSUyMiUyM2FiY2U4MyUyMiU3RCU1RCU3RCUyQyU3QiUyMmZlYXR1cmVUeXBlJTIyJTNBJTIycG9pJTIyJTJDJTIyZWxlbWVudFR5cGUlMjIlM0ElMjJnZW9tZXRyeS5maWxsJTIyJTJDJTIyc3R5bGVycyUyMiUzQSU1QiU3QiUyMmNvbG9yJTIyJTNBJTIyJTIzNzY5RTcyJTIyJTdEJTVEJTdEJTJDJTdCJTIyZmVhdHVyZVR5cGUlMjIlM0ElMjJwb2klMjIlMkMlMjJlbGVtZW50VHlwZSUyMiUzQSUyMmxhYmVscy50ZXh0LmZpbGwlMjIlMkMlMjJzdHlsZXJzJTIyJTNBJTVCJTdCJTIyY29sb3IlMjIlM0ElMjIlMjM3Qjg3NTglMjIlN0QlNUQlN0QlMkMlN0IlMjJmZWF0dXJlVHlwZSUyMiUzQSUyMnBvaSUyMiUyQyUyMmVsZW1lbnRUeXBlJTIyJTNBJTIybGFiZWxzLnRleHQuc3Ryb2tlJTIyJTJDJTIyc3R5bGVycyUyMiUzQSU1QiU3QiUyMmNvbG9yJTIyJTNBJTIyJTIzRUJGNEE0JTIyJTdEJTVEJTdEJTJDJTdCJTIyZmVhdHVyZVR5cGUlMjIlM0ElMjJwb2kucGFyayUyMiUyQyUyMmVsZW1lbnRUeXBlJTIyJTNBJTIyZ2VvbWV0cnklMjIlMkMlMjJzdHlsZXJzJTIyJTNBJTVCJTdCJTIydmlzaWJpbGl0eSUyMiUzQSUyMnNpbXBsaWZpZWQlMjIlN0QlMkMlN0IlMjJjb2xvciUyMiUzQSUyMiUyMzhkYWI2OCUyMiU3RCU1RCU3RCUyQyU3QiUyMmZlYXR1cmVUeXBlJTIyJTNBJTIycm9hZCUyMiUyQyUyMmVsZW1lbnRUeXBlJTIyJTNBJTIyZ2VvbWV0cnkuZmlsbCUyMiUyQyUyMnN0eWxlcnMlMjIlM0ElNUIlN0IlMjJ2aXNpYmlsaXR5JTIyJTNBJTIyc2ltcGxpZmllZCUyMiU3RCU1RCU3RCUyQyU3QiUyMmZlYXR1cmVUeXBlJTIyJTNBJTIycm9hZCUyMiUyQyUyMmVsZW1lbnRUeXBlJTIyJTNBJTIybGFiZWxzLnRleHQuZmlsbCUyMiUyQyUyMnN0eWxlcnMlMjIlM0ElNUIlN0IlMjJjb2xvciUyMiUzQSUyMiUyMzVCNUIzRiUyMiU3RCU1RCU3RCUyQyU3QiUyMmZlYXR1cmVUeXBlJTIyJTNBJTIycm9hZCUyMiUyQyUyMmVsZW1lbnRUeXBlJTIyJTNBJTIybGFiZWxzLnRleHQuc3Ryb2tlJTIyJTJDJTIyc3R5bGVycyUyMiUzQSU1QiU3QiUyMmNvbG9yJTIyJTNBJTIyJTIzQUJDRTgzJTIyJTdEJTVEJTdEJTJDJTdCJTIyZmVhdHVyZVR5cGUlMjIlM0ElMjJyb2FkJTIyJTJDJTIyZWxlbWVudFR5cGUlMjIlM0ElMjJsYWJlbHMuaWNvbiUyMiUyQyUyMnN0eWxlcnMlMjIlM0ElNUIlN0IlMjJ2aXNpYmlsaXR5JTIyJTNBJTIyb2ZmJTIyJTdEJTVEJTdEJTJDJTdCJTIyZmVhdHVyZVR5cGUlMjIlM0ElMjJyb2FkLmxvY2FsJTIyJTJDJTIyZWxlbWVudFR5cGUlMjIlM0ElMjJnZW9tZXRyeSUyMiUyQyUyMnN0eWxlcnMlMjIlM0ElNUIlN0IlMjJjb2xvciUyMiUzQSUyMiUyM0E0QzY3RCUyMiU3RCU1RCU3RCUyQyU3QiUyMmZlYXR1cmVUeXBlJTIyJTNBJTIycm9hZC5hcnRlcmlhbCUyMiUyQyUyMmVsZW1lbnRUeXBlJTIyJTNBJTIyZ2VvbWV0cnklMjIlMkMlMjJzdHlsZXJzJTIyJTNBJTVCJTdCJTIyY29sb3IlMjIlM0ElMjIlMjM5QkJGNzIlMjIlN0QlNUQlN0QlMkMlN0IlMjJmZWF0dXJlVHlwZSUyMiUzQSUyMnJvYWQuaGlnaHdheSUyMiUyQyUyMmVsZW1lbnRUeXBlJTIyJTNBJTIyZ2VvbWV0cnklMjIlMkMlMjJzdHlsZXJzJTIyJTNBJTVCJTdCJTIyY29sb3IlMjIlM0ElMjIlMjNFQkY0QTQlMjIlN0QlNUQlN0QlMkMlN0IlMjJmZWF0dXJlVHlwZSUyMiUzQSUyMnRyYW5zaXQlMjIlMkMlMjJzdHlsZXJzJTIyJTNBJTVCJTdCJTIydmlzaWJpbGl0eSUyMiUzQSUyMm9mZiUyMiU3RCU1RCU3RCUyQyU3QiUyMmZlYXR1cmVUeXBlJTIyJTNBJTIyYWRtaW5pc3RyYXRpdmUlMjIlMkMlMjJlbGVtZW50VHlwZSUyMiUzQSUyMmdlb21ldHJ5LnN0cm9rZSUyMiUyQyUyMnN0eWxlcnMlMjIlM0ElNUIlN0IlMjJ2aXNpYmlsaXR5JTIyJTNBJTIyb24lMjIlN0QlMkMlN0IlMjJjb2xvciUyMiUzQSUyMiUyMzg3YWU3OSUyMiU3RCU1RCU3RCUyQyU3QiUyMmZlYXR1cmVUeXBlJTIyJTNBJTIyYWRtaW5pc3RyYXRpdmUlMjIlMkMlMjJlbGVtZW50VHlwZSUyMiUzQSUyMmdlb21ldHJ5LmZpbGwlMjIlMkMlMjJzdHlsZXJzJTIyJTNBJTVCJTdCJTIyY29sb3IlMjIlM0ElMjIlMjM3ZjIyMDAlMjIlN0QlMkMlN0IlMjJ2aXNpYmlsaXR5JTIyJTNBJTIyb2ZmJTIyJTdEJTVEJTdEJTJDJTdCJTIyZmVhdHVyZVR5cGUlMjIlM0ElMjJhZG1pbmlzdHJhdGl2ZSUyMiUyQyUyMmVsZW1lbnRUeXBlJTIyJTNBJTIybGFiZWxzLnRleHQuc3Ryb2tlJTIyJTJDJTIyc3R5bGVycyUyMiUzQSU1QiU3QiUyMmNvbG9yJTIyJTNBJTIyJTIzZmZmZmZmJTIyJTdEJTJDJTdCJTIydmlzaWJpbGl0eSUyMiUzQSUyMm9uJTIyJTdEJTJDJTdCJTIyd2VpZ2h0JTIyJTNBNC4xJTdEJTVEJTdEJTJDJTdCJTIyZmVhdHVyZVR5cGUlMjIlM0ElMjJhZG1pbmlzdHJhdGl2ZSUyMiUyQyUyMmVsZW1lbnRUeXBlJTIyJTNBJTIybGFiZWxzLnRleHQuZmlsbCUyMiUyQyUyMnN0eWxlcnMlMjIlM0ElNUIlN0IlMjJjb2xvciUyMiUzQSUyMiUyMzQ5NTQyMSUyMiU3RCU1RCU3RCUyQyU3QiUyMmZlYXR1cmVUeXBlJTIyJTNBJTIyYWRtaW5pc3RyYXRpdmUubmVpZ2hib3Job29kJTIyJTJDJTIyZWxlbWVudFR5cGUlMjIlM0ElMjJsYWJlbHMlMjIlMkMlMjJzdHlsZXJzJTIyJTNBJTVCJTdCJTIydmlzaWJpbGl0eSUyMiUzQSUyMm9mZiUyMiU3RCU1RCU3RCU1RA==&#8221;][\/vc_column][\/vc_row]\n","protected":false},"excerpt":{"rendered":"<p>18\/09\/2022 @ 11 h 00 min &#8211; 19 h 00 min &#8211; VISITE DE LA BRASSERIE ET TAVERNE \u00c9PH\u00c9M\u00c8RE LES 3\u00c8MES DIMANCHES DU MOIS \u00c7a faisait partie de nos bonnes r\u00e9solutions pour 2018 : nous avons d\u00e9cid\u00e9 d\u2019ouvrir la brasserie au public tous les 3\u00e8mes dimanches du mois. Pour l\u2019occasion, la brasserie est accessible entre 11h00 et 19h00 en mode \u2018 Taverne \u2018 et nous vous y [&#8230;]<\/p>\n","protected":false},"author":1,"featured_media":0,"parent":0,"menu_order":0,"comment_status":"closed","ping_status":"closed","template":"","meta":{"ngg_post_thumbnail":0,"footnotes":""},"_links":{"self":[{"href":"https:\/\/brasserieduclocher.be\/philomene\/wp-json\/wp\/v2\/pages\/2135"}],"collection":[{"href":"https:\/\/brasserieduclocher.be\/philomene\/wp-json\/wp\/v2\/pages"}],"about":[{"href":"https:\/\/brasserieduclocher.be\/philomene\/wp-json\/wp\/v2\/types\/page"}],"author":[{"embeddable":true,"href":"https:\/\/brasserieduclocher.be\/philomene\/wp-json\/wp\/v2\/users\/1"}],"replies":[{"embeddable":true,"href":"https:\/\/brasserieduclocher.be\/philomene\/wp-json\/wp\/v2\/comments?post=2135"}],"version-history":[{"count":7,"href":"https:\/\/brasserieduclocher.be\/philomene\/wp-json\/wp\/v2\/pages\/2135\/revisions"}],"predecessor-version":[{"id":2146,"href":"https:\/\/brasserieduclocher.be\/philomene\/wp-json\/wp\/v2\/pages\/2135\/revisions\/2146"}],"wp:attachment":[{"href":"https:\/\/brasserieduclocher.be\/philomene\/wp-json\/wp\/v2\/media?parent=2135"}],"curies":[{"name":"wp","href":"https:\/\/api.w.org\/{rel}","templated":true}]}}