{"id":1768,"date":"2019-05-15T21:24:26","date_gmt":"2019-05-15T19:24:26","guid":{"rendered":"http:\/\/brasserieduclocher.be\/philomene\/?page_id=1768"},"modified":"2020-12-07T00:00:12","modified_gmt":"2020-12-06T22:00:12","slug":"ephimere-estivale","status":"publish","type":"page","link":"https:\/\/brasserieduclocher.be\/philomene\/ephimere-estivale\/","title":{"rendered":"\u00e9PHIm\u00e8re estivAle"},"content":{"rendered":"<h5 style=\"text-align: left;\">\u00e9PHIm\u00e8re estivAle<\/h5>\n<p><span style=\"color: #ffffff;\"><em><span style=\"color: #ffffff;\">\u00e9P<span style=\"color: #000000;\"><span style=\"color: #ffffff;\">HIm\u00e8re estivAle: Bi\u00e8re blanche ambr\u00e9e \u00e0 l\u2019amertume&nbsp;l\u00e9g\u00e8re et au gout savoureux de froment.<\/span><\/span><\/span><span style=\"color: #ffffff;\"><img loading=\"lazy\" decoding=\"async\" class=\"wp-image-1702 size-medium alignright\" src=\"http:\/\/brasserieduclocher.be\/philomene\/wp-content\/uploads\/2019\/04\/ephimre-estivale-face-visuel-1-300x300.png\" alt=\"\" width=\"300\" height=\"300\" srcset=\"https:\/\/brasserieduclocher.be\/philomene\/wp-content\/uploads\/2019\/04\/ephimre-estivale-face-visuel-1-300x300.png 300w, https:\/\/brasserieduclocher.be\/philomene\/wp-content\/uploads\/2019\/04\/ephimre-estivale-face-visuel-1-150x150.png 150w, https:\/\/brasserieduclocher.be\/philomene\/wp-content\/uploads\/2019\/04\/ephimre-estivale-face-visuel-1-768x768.png 768w, https:\/\/brasserieduclocher.be\/philomene\/wp-content\/uploads\/2019\/04\/ephimre-estivale-face-visuel-1-1024x1024.png 1024w, https:\/\/brasserieduclocher.be\/philomene\/wp-content\/uploads\/2019\/04\/ephimre-estivale-face-visuel-1-250x250.png 250w, https:\/\/brasserieduclocher.be\/philomene\/wp-content\/uploads\/2019\/04\/ephimre-estivale-face-visuel-1-60x60.png 60w, https:\/\/brasserieduclocher.be\/philomene\/wp-content\/uploads\/2019\/04\/ephimre-estivale-face-visuel-1.png 915w\" sizes=\"(max-width: 300px) 100vw, 300px\" \/><\/span><\/em><\/span><\/p>\n<p>Premi\u00e8re n\u00e9e de la nouvelle gamme de bi\u00e8res de saison de la Brasserie du Clocher, l\u2019\u00e9PHIm\u00e8re estivAle est une blanche ambr\u00e9e.<\/p>\n<p>Avec son assemblage de grains compos\u00e9 de 50% de froment et 50% d\u2019orge, c\u2019est une v\u00e9ritable blanche, mais dont la couleur est ambr\u00e9e. Une couleur surprenante qui est le fruit de l&#8217;incorporation de malt caram\u00e9lis\u00e9s dans la recette ! L\u2019estivAle est une bi\u00e8re atypique qui remplit bien son contrat : surprendre et d\u00e9salt\u00e9rer.<\/p>\n<p>En effet, une fois n&#8217;est pas coutume, le subtil nez houblonn\u00e9 des bi\u00e8res Philom\u00e8ne fait ici place aux senteurs, \u00e0 la l\u00e9g\u00e8ret\u00e9 et au c\u00f4t\u00e9 cr\u00e9meux du froment &#8230;un d\u00e9lice qui n\u2019est disponible qu\u2019en \u00e9t\u00e9.<\/p>\n<p style=\"text-align: left;\"><span style=\"color: #ffffff;\"><img loading=\"lazy\" decoding=\"async\" class=\"wp-image-1784  alignleft\" src=\"http:\/\/brasserieduclocher.be\/philomene\/wp-content\/uploads\/2019\/05\/g12-212x300.png\" alt=\"\" width=\"480\" height=\"679\" srcset=\"https:\/\/brasserieduclocher.be\/philomene\/wp-content\/uploads\/2019\/05\/g12-212x300.png 212w, https:\/\/brasserieduclocher.be\/philomene\/wp-content\/uploads\/2019\/05\/g12-768x1087.png 768w, https:\/\/brasserieduclocher.be\/philomene\/wp-content\/uploads\/2019\/05\/g12-724x1024.png 724w\" sizes=\"(max-width: 480px) 100vw, 480px\" \/>F<\/span><span style=\"color: #ffffff;\">ormat<\/span><\/p>\n<p>Elle est d\u00e9clin\u00e9e en f\u00fbts de 20 et 30 litres ainsi qu\u2019en 2 formats de bouteilles; une de 75cl ferm\u00e9e par un bouchon-muselet (le format id\u00e9al pour partager avec un ami ou offrir en cadeau) et en bouteille de 33cl de type \u00ab longneck \u00bb. L\u2019\u00e9PHIm\u00e8re estivAle est facilement reconnaissable \u00e0 son \u00e9tiquette jaune ocre.<\/p>\n<p>&nbsp;<\/p>\n<p><span style=\"color: #ffffff;\">En cuisine &#8230;<\/span><\/p>\n<p>&#8230;<\/p>\n<p><span style=\"color: #ffffff;\">Informations techniques<\/span><\/p>\n<ul>\n<li>ABV&nbsp;: 5,5% alc.\/vol.<\/li>\n<li>Amertume&nbsp;: 18 IBU<\/li>\n<li>Couleur&nbsp;: 20 EBC<\/li>\n<li>Densit\u00e9&nbsp;: 12 \u00b0P<\/li>\n<li>Houblon&nbsp;: Glacier (USA)<\/li>\n<\/ul>\n<p><a href=\"https:\/\/brasserieduclocher.be\/philomene\/index.php\/ou-trouver-nos-bieres\/\">O\u00f9 la trouver ?<\/a><\/p>\n<p><a href=\"https:\/\/brasserieduclocher.be\/philomene\/la-brasserie\/comptoir-de-vente\/\">Venez l&#8217;emporter \u00e0 la brasserie<\/a><\/p>\n","protected":false},"excerpt":{"rendered":"<p>\u00e9PHIm\u00e8re estivAle \u00e9PHIm\u00e8re estivAle: Bi\u00e8re blanche ambr\u00e9e \u00e0 l\u2019amertume&nbsp;l\u00e9g\u00e8re et au gout savoureux de froment. Premi\u00e8re n\u00e9e de la nouvelle gamme de bi\u00e8res de saison de la Brasserie du Clocher, l\u2019\u00e9PHIm\u00e8re estivAle est une blanche ambr\u00e9e. Avec son assemblage de grains compos\u00e9 de 50% de froment et 50% d\u2019orge, c\u2019est une v\u00e9ritable blanche, mais dont [&hellip;]<\/p>\n","protected":false},"author":1,"featured_media":1784,"parent":0,"menu_order":0,"comment_status":"closed","ping_status":"closed","template":"","meta":{"ngg_post_thumbnail":0,"footnotes":""},"_links":{"self":[{"href":"https:\/\/brasserieduclocher.be\/philomene\/wp-json\/wp\/v2\/pages\/1768"}],"collection":[{"href":"https:\/\/brasserieduclocher.be\/philomene\/wp-json\/wp\/v2\/pages"}],"about":[{"href":"https:\/\/brasserieduclocher.be\/philomene\/wp-json\/wp\/v2\/types\/page"}],"author":[{"embeddable":true,"href":"https:\/\/brasserieduclocher.be\/philomene\/wp-json\/wp\/v2\/users\/1"}],"replies":[{"embeddable":true,"href":"https:\/\/brasserieduclocher.be\/philomene\/wp-json\/wp\/v2\/comments?post=1768"}],"version-history":[{"count":17,"href":"https:\/\/brasserieduclocher.be\/philomene\/wp-json\/wp\/v2\/pages\/1768\/revisions"}],"predecessor-version":[{"id":2123,"href":"https:\/\/brasserieduclocher.be\/philomene\/wp-json\/wp\/v2\/pages\/1768\/revisions\/2123"}],"wp:featuredmedia":[{"embeddable":true,"href":"https:\/\/brasserieduclocher.be\/philomene\/wp-json\/wp\/v2\/media\/1784"}],"wp:attachment":[{"href":"https:\/\/brasserieduclocher.be\/philomene\/wp-json\/wp\/v2\/media?parent=1768"}],"curies":[{"name":"wp","href":"https:\/\/api.w.org\/{rel}","templated":true}]}}