{"id":1724,"date":"2019-04-29T11:16:35","date_gmt":"2019-04-29T09:16:35","guid":{"rendered":"http:\/\/brasserieduclocher.be\/philomene\/?page_id=1724"},"modified":"2019-04-29T14:07:04","modified_gmt":"2019-04-29T12:07:04","slug":"la-table-du-brasseur","status":"publish","type":"page","link":"https:\/\/brasserieduclocher.be\/philomene\/la-table-du-brasseur\/","title":{"rendered":"la table du brasseur"},"content":{"rendered":"[vc_row][vc_column][vc_column_text css=&#8221;.vc_custom_1556539618113{margin-bottom: 0px !important;}&#8221;]\n<h2>&nbsp;<\/h2>\n<h3>Samedi 11 mai 2019 \u00e0 19h30.<\/h3>\n<p><span style=\"color: rgb(255, 255, 255); font-size: 18px;\"><em>Au printemps, partagez la table du brasseur pour un repas \u00e0 la bi\u00e8re servi dans une taverne \u00e9ph\u00e9m\u00e8re install\u00e9e au c\u0153ur m\u00eame de la zone de brassage.&nbsp;<br \/>\nEn effet, de l\u2019ap\u00e9ritif au dessert, en passant par l\u2019entr\u00e9e et le plat de r\u00e9sistance, nous vous proposons au travers d&#8217;un menu 4 services, une cuisine simple et savoureuse qui int\u00e8gre la bi\u00e8re et fait la part belle \u00e0 nos creations.<\/em><\/span><\/p>\n<p><strong><u>Quand&nbsp;?<\/u><\/strong> le samedi 11 mai au soir (19h30)<\/p>\n<p><span style=\"text-decoration: underline;\"><strong>Le menu ?<\/strong><\/span>&nbsp;<\/p>\n<ul style='list-style-image: url(\"http:\/\/brasserieduclocher.be\/philomene\/wp-content\/uploads\/2019\/04\/picto-icone-e1556527306296.png\");'>\n<li style=\"font-size: 16px;\"><span style=\"color: rgb(255, 204, 0);\">Mises en bouche&nbsp;:<\/span> <em>Scampis sauce Sambre et Meuse \u00e0 la Philom\u00e8ne Florale, poulet sauce sat\u00e9 \u00e0 la Philom\u00e8ne Cointessence, Cr\u00e8me de chicons \u00e0 la Philom\u00e8ne Hoptimale<\/em><\/li>\n<li style=\"font-size: 16px;\"><span style=\"color: rgb(255, 204, 0);\">Entr\u00e9e&nbsp;:<\/span> <em>Cannelloni de boeuf vinaigrette \u00e0 la Philom\u00e8ne florale<\/em><\/li>\n<li style=\"font-size: 16px;\"><span style=\"color: rgb(255, 204, 0);\">Plat&nbsp;:<\/span> <em>Pintadeau sauce tha\u00ef \u00e0 la Philom\u00e8ne Hoptimale<\/em><\/li>\n<li style=\"font-size: 16px;\"><span style=\"color: rgb(255, 204, 0);\">Dessert&nbsp;:<\/span> <em>Poire poch\u00e9e \u00e0 la Philom\u00e8ne Cointessence et chocolat<\/em><\/li>\n<\/ul>\n<p><strong><u>O\u00f9 ?<\/u> <\/strong>\u00e0 la Brasserie du Clocher, dans l\u2019ancienne Chapelle du Piroy \u00e0 Malonne<\/p>\n<p><strong><u>Combien&nbsp;?<\/u><\/strong> le menu 4 services, hors boissons est \u00e0 35 eur\/personne. Le nombre de convives est strictement limit\u00e9 \u00e0 70 personnes; ne tardez pas a reserver !<\/p>\n<p><strong><u>S\u2019inscrire ?<\/u><\/strong>&nbsp; R\u00e9servation uniquement par email \u00e0 <a href=\"mailto:repas@brasserieduclocher.be\">repas@brasserieduclocher.be<\/a> en pr\u00e9cisant vos nom et pr\u00e9nom et le nombre de repas que vous r\u00e9servez. Les r\u00e9servations seront prises en compte dans l\u2019ordre des paiements. Celles-ci devront imp\u00e9rativement avoir \u00e9t\u00e9 confirm\u00e9es par un email de retour pour \u00eatre valables.<br \/>\nPaiement \u00e0 r\u00e9aliser sur le compte BE13 3631 5138 7839 avec la communication &#8220;Tabel du Brasseur &#8211; vos nom et pr\u00e9nom &#8211; xx personnes&#8221; <strong><u>&nbsp;<\/u><\/strong><\/p>\n<p><strong>Etat des r\u00e9servations :&nbsp; <\/strong>il reste 60 places<\/p>\n<p><strong><u>Quoi d\u2019autre&nbsp;?<\/u><\/strong><\/p>\n<p>Chaque plat peut \u00eatre assorti de mani\u00e8re harmonieuse avec une de nos bi\u00e8res(en suppl\u00e9ment); n&#8217;h\u00e9sitez pas \u00e0 nous demander conseil !<br \/>\nLa brasserie n\u2019est malheureusement pas accessible aux personnes \u00e0 mobilit\u00e9 r\u00e9duite.<br \/>\nNotez qu\u2019il s\u2019agit d\u2019un menu unique&nbsp;; nous ne pouvons pr\u00e9voir <span style=\"text-decoration: underline;\">aucun<\/span> plat alternatif. Si vous pr\u00e9sentez des allergies alimentaires, il est de votre responsabilit\u00e9 de nous les communiquer <u>\u00e0 la r\u00e9servation<\/u> afin que nous vous indiquions les \u00e9l\u00e9ments du menu qui pourraient poser probl\u00e8me.[\/vc_column_text][\/vc_column][\/vc_row]\n","protected":false},"excerpt":{"rendered":"<p>[vc_row][vc_column][vc_column_text css=&#8221;.vc_custom_1556539618113{margin-bottom: 0px !important;}&#8221;] &nbsp; Samedi 11 mai 2019 \u00e0 19h30. Au printemps, partagez la table du brasseur pour un repas \u00e0 la bi\u00e8re servi dans une taverne \u00e9ph\u00e9m\u00e8re install\u00e9e au c\u0153ur m\u00eame de la zone de brassage.&nbsp; En effet, de l\u2019ap\u00e9ritif au dessert, en passant par l\u2019entr\u00e9e et le plat de r\u00e9sistance, nous vous [&hellip;]<\/p>\n","protected":false},"author":1,"featured_media":0,"parent":0,"menu_order":0,"comment_status":"closed","ping_status":"closed","template":"","meta":{"ngg_post_thumbnail":0,"footnotes":""},"_links":{"self":[{"href":"https:\/\/brasserieduclocher.be\/philomene\/wp-json\/wp\/v2\/pages\/1724"}],"collection":[{"href":"https:\/\/brasserieduclocher.be\/philomene\/wp-json\/wp\/v2\/pages"}],"about":[{"href":"https:\/\/brasserieduclocher.be\/philomene\/wp-json\/wp\/v2\/types\/page"}],"author":[{"embeddable":true,"href":"https:\/\/brasserieduclocher.be\/philomene\/wp-json\/wp\/v2\/users\/1"}],"replies":[{"embeddable":true,"href":"https:\/\/brasserieduclocher.be\/philomene\/wp-json\/wp\/v2\/comments?post=1724"}],"version-history":[{"count":30,"href":"https:\/\/brasserieduclocher.be\/philomene\/wp-json\/wp\/v2\/pages\/1724\/revisions"}],"predecessor-version":[{"id":1765,"href":"https:\/\/brasserieduclocher.be\/philomene\/wp-json\/wp\/v2\/pages\/1724\/revisions\/1765"}],"wp:attachment":[{"href":"https:\/\/brasserieduclocher.be\/philomene\/wp-json\/wp\/v2\/media?parent=1724"}],"curies":[{"name":"wp","href":"https:\/\/api.w.org\/{rel}","templated":true}]}}