{"id":1485,"date":"2018-11-30T22:21:38","date_gmt":"2018-11-30T20:21:38","guid":{"rendered":"http:\/\/brasserieduclocher.be\/philomene\/?page_id=1485"},"modified":"2020-12-06T23:59:24","modified_gmt":"2020-12-06T21:59:24","slug":"cointessence","status":"publish","type":"page","link":"https:\/\/brasserieduclocher.be\/philomene\/cointessence\/","title":{"rendered":"Philom\u00e8ne Cointessence"},"content":{"rendered":"<h5>PHILOM\u00c8NE COINTESSENCE&nbsp;<\/h5>\n<p><span style=\"color: #ffffff;\"><em>Philom\u00e8ne Cointessence: Bi\u00e8re brune intense aux notes malt\u00e9es et au jus de coing.<img loading=\"lazy\" decoding=\"async\" class=\"alignright wp-image-1488\" src=\"http:\/\/brasserieduclocher.be\/philomene\/wp-content\/uploads\/2018\/11\/philomene-cointessence-1-300x300.png\" alt=\"\" width=\"400\" height=\"400\" srcset=\"https:\/\/brasserieduclocher.be\/philomene\/wp-content\/uploads\/2018\/11\/philomene-cointessence-1-300x300.png 300w, https:\/\/brasserieduclocher.be\/philomene\/wp-content\/uploads\/2018\/11\/philomene-cointessence-1-150x150.png 150w, https:\/\/brasserieduclocher.be\/philomene\/wp-content\/uploads\/2018\/11\/philomene-cointessence-1-768x768.png 768w, https:\/\/brasserieduclocher.be\/philomene\/wp-content\/uploads\/2018\/11\/philomene-cointessence-1-1024x1024.png 1024w, https:\/\/brasserieduclocher.be\/philomene\/wp-content\/uploads\/2018\/11\/philomene-cointessence-1-250x250.png 250w, https:\/\/brasserieduclocher.be\/philomene\/wp-content\/uploads\/2018\/11\/philomene-cointessence-1-60x60.png 60w, https:\/\/brasserieduclocher.be\/philomene\/wp-content\/uploads\/2018\/11\/philomene-cointessence-1.png 1311w\" sizes=\"(max-width: 400px) 100vw, 400px\" \/><\/em><\/span><\/p>\n<p>Une v\u00e9ritable bi\u00e8re brune aux notes malt\u00e9es et caramel, contrast\u00e9es par une pointe l\u00e9g\u00e8rement&nbsp;acidul\u00e9e venant de l\u2019ajout de jus de Coing \u00e0 la recette.<\/p>\n<p>Sa couleur brune intense provient d\u2019un m\u00e9lange 100% malt d\u2019orge dont certains malts sp\u00e9ciaux \u00e0 double torr\u00e9faction qui donnent \u00e0 la bi\u00e8re des saveurs caram\u00e9lis\u00e9es, de noix et de raisin sans&nbsp;&nbsp;toutefois lui conf\u00e9rer l\u2019amertume d\u2019un stout.<br \/>\nLa Philom\u00e8ne Cointessence est une v\u00e9ritable bi\u00e8re de d\u00e9gustation \u00e0 l\u2019amertume discr\u00e8te (24 IBU) qui&nbsp; pr\u00e9sente une mousse onctueuse de couleur ivoire. Quelques notes fruit\u00e9es rappelant le poir\u00e9 viennent bousculer gentiment les papilles avec une pointe rafra\u00eechissante; d\u00e9licate alchimie due \u00e0 la quintessence du jus de coing qui entre dans sa recette.<\/p>\n<p>Avec ces 8,3% Alc., elle est id\u00e9ale pour r\u00e9chauffer le corps et le c\u0153ur en attendant le printemps.<br \/>\nUne temp\u00e9rature de service de 8-10\u00b0C (la sortir du frigo un peu avant d\u2019ouvrir) est id\u00e9ale pour mettre en avant toutes ses saveurs et son gout souple et gourmand.<\/p>\n<p>&nbsp;<\/p>\n<p style=\"text-align: left;\"><span style=\"color: #ffffff;\"><img loading=\"lazy\" decoding=\"async\" class=\"alignleft wp-image-1516\" src=\"http:\/\/brasserieduclocher.be\/philomene\/wp-content\/uploads\/2018\/12\/218131-affiche-a2-philomene-cointessence-sml-725x1024.jpg\" alt=\"\" width=\"600\" height=\"847\" srcset=\"https:\/\/brasserieduclocher.be\/philomene\/wp-content\/uploads\/2018\/12\/218131-affiche-a2-philomene-cointessence-sml-725x1024.jpg 725w, https:\/\/brasserieduclocher.be\/philomene\/wp-content\/uploads\/2018\/12\/218131-affiche-a2-philomene-cointessence-sml-212x300.jpg 212w, https:\/\/brasserieduclocher.be\/philomene\/wp-content\/uploads\/2018\/12\/218131-affiche-a2-philomene-cointessence-sml-768x1085.jpg 768w, https:\/\/brasserieduclocher.be\/philomene\/wp-content\/uploads\/2018\/12\/218131-affiche-a2-philomene-cointessence-sml.jpg 1552w\" sizes=\"(max-width: 600px) 100vw, 600px\" \/>F<\/span><span style=\"color: #ffffff;\">ormat<\/span><\/p>\n<p>Elle est d\u00e9clin\u00e9e en f\u00fbts de 20 litres ainsi qu\u2019en 2 formats de bouteilles; une de 75cl ferm\u00e9e par un bouchon-muselet (le format id\u00e9al pour partager avec un ami ou offrir en cadeau) et en bouteille de 33cl de type \u00ab longneck \u00bb. La Philom\u00e8ne Cointessence est facilement reconnaissable \u00e0 son \u00e9tiquette rouge fonc\u00e9.<\/p>\n<p>&nbsp;<\/p>\n<p><span style=\"color: #ffffff;\">En cuisine &#8230;<\/span><\/p>\n<p>La Philom\u00e8ne Cointessence est particuli\u00e8rement harmonieuse avec des fromages forts comme le bleu ou un camembert bien fait.<\/p>\n<p>Elle est exquise en accompagnement d\u2019un dessert au chocolat et est parfaite avec du gibier.<\/p>\n<p><a href=\"https:\/\/brasserieduclocher.be\/philomene\/index.php\/ou-trouver-nos-bieres\/\">O\u00f9 la trouver ?<\/a><\/p>\n<p><a href=\"https:\/\/brasserieduclocher.be\/philomene\/la-brasserie\/comptoir-de-vente\/\">Venez l&#8217;emporter \u00e0 la brasserie<\/a><\/p>\n","protected":false},"excerpt":{"rendered":"<p>PHILOM\u00c8NE COINTESSENCE&nbsp; Philom\u00e8ne Cointessence: Bi\u00e8re brune intense aux notes malt\u00e9es et au jus de coing. Une v\u00e9ritable bi\u00e8re brune aux notes malt\u00e9es et caramel, contrast\u00e9es par une pointe l\u00e9g\u00e8rement&nbsp;acidul\u00e9e venant de l\u2019ajout de jus de Coing \u00e0 la recette. Sa couleur brune intense provient d\u2019un m\u00e9lange 100% malt d\u2019orge dont certains malts sp\u00e9ciaux \u00e0 double [&hellip;]<\/p>\n","protected":false},"author":1,"featured_media":1507,"parent":0,"menu_order":0,"comment_status":"closed","ping_status":"closed","template":"","meta":{"ngg_post_thumbnail":0,"footnotes":""},"_links":{"self":[{"href":"https:\/\/brasserieduclocher.be\/philomene\/wp-json\/wp\/v2\/pages\/1485"}],"collection":[{"href":"https:\/\/brasserieduclocher.be\/philomene\/wp-json\/wp\/v2\/pages"}],"about":[{"href":"https:\/\/brasserieduclocher.be\/philomene\/wp-json\/wp\/v2\/types\/page"}],"author":[{"embeddable":true,"href":"https:\/\/brasserieduclocher.be\/philomene\/wp-json\/wp\/v2\/users\/1"}],"replies":[{"embeddable":true,"href":"https:\/\/brasserieduclocher.be\/philomene\/wp-json\/wp\/v2\/comments?post=1485"}],"version-history":[{"count":25,"href":"https:\/\/brasserieduclocher.be\/philomene\/wp-json\/wp\/v2\/pages\/1485\/revisions"}],"predecessor-version":[{"id":2122,"href":"https:\/\/brasserieduclocher.be\/philomene\/wp-json\/wp\/v2\/pages\/1485\/revisions\/2122"}],"wp:featuredmedia":[{"embeddable":true,"href":"https:\/\/brasserieduclocher.be\/philomene\/wp-json\/wp\/v2\/media\/1507"}],"wp:attachment":[{"href":"https:\/\/brasserieduclocher.be\/philomene\/wp-json\/wp\/v2\/media?parent=1485"}],"curies":[{"name":"wp","href":"https:\/\/api.w.org\/{rel}","templated":true}]}}