{"id":1361,"date":"2018-03-18T14:54:03","date_gmt":"2018-03-18T13:54:03","guid":{"rendered":"http:\/\/brasserieduclocher.be\/philomene\/?page_id=1361"},"modified":"2025-11-28T11:10:41","modified_gmt":"2025-11-28T09:10:41","slug":"taverne","status":"publish","type":"page","link":"https:\/\/brasserieduclocher.be\/philomene\/taverne\/","title":{"rendered":"Taverne de Philo"},"content":{"rendered":"[vc_row][vc_column][vc_column_text css=&#8221;.vc_custom_1764320601432{margin-bottom: 0px !important;}&#8221;]\n<h4>Visite de la brasserie et taverne \u00e9ph\u00e9m\u00e8re les 3\u00e8mes dimanches du mois<\/h4>\n<p>\u00c7a faisait partie de nos bonnes r\u00e9solutions pour 2018 : nous avons d\u00e9cid\u00e9 d&#8217;ouvrir la brasserie au public tous <strong>les 3\u00e8mes dimanches du mois<\/strong>.<\/p>\n<p>Pour l&#8217;occasion, la <strong>brasserie est accessible entre 11h00 et 19h00 en mode &#8216; Taverne &#8216;<\/strong> et nous vous y accueillons dans un espace d\u00e9gustation sp\u00e9cialement am\u00e9nag\u00e9 o\u00f9 vous pourrez siroter nos bi\u00e8res Philom\u00e8ne mais aussi d\u00e9guster des assiettes ap\u00e9ritives de produits du terroir local.&nbsp;<\/p>\n<p>C&#8217;est l&#8217;occasion de (re)d\u00e9couvrir notre brasserie install\u00e9e dans une \u00e9glise r\u00e9affect\u00e9e, avec ses all\u00e9es de cuves de fermentation menant au ch\u0153ur de la chapelle o\u00f9 tr\u00f4ne majestueusement la salle de brassage.<\/p>\n<p>Vous aurez \u00e9galement la possibilit\u00e9 de suivre une <strong>visite guit\u00e9e de nos installations \u00e0 11h30 ou 16h00<\/strong> . La visite (en Fran\u00e7ais uniquement) comprend l\u2019explication du projet, un bref historique du b\u00e2timent ainsi qu\u2019une visite comment\u00e9e des installations de production. A l\u2019issue de celle-ci nous vous offrons un petit verre &#8211; voir conditions ci-dessous.<br \/>\n<strong><em>Pas besoin de r\u00e9server, soyez juste \u00e0 l&#8217;heure\u2026<\/em><\/strong><\/p>\n<p>Au plaisir de vous rencontrer !<\/p>\n<h4><img loading=\"lazy\" decoding=\"async\" class=\"alignright wp-image-2638 size-large\" style=\"font-weight: 400;\" src=\"https:\/\/brasserieduclocher.be\/philomene\/wp-content\/uploads\/2024\/01\/taverne-2-1024x725.png\" alt=\"\" width=\"1024\" height=\"725\" srcset=\"https:\/\/brasserieduclocher.be\/philomene\/wp-content\/uploads\/2024\/01\/taverne-2-1024x725.png 1024w, https:\/\/brasserieduclocher.be\/philomene\/wp-content\/uploads\/2024\/01\/taverne-2-300x212.png 300w, https:\/\/brasserieduclocher.be\/philomene\/wp-content\/uploads\/2024\/01\/taverne-2-768x543.png 768w\" sizes=\"(max-width: 1024px) 100vw, 1024px\" \/><\/h4>\n<p>&nbsp;<\/p>\n<h4>DATES<\/h4>\n<p><strong><span style=\"color: #ff0000;\">H\u00e9las, suite au changement de direction, les tavernes du dimanche sont pour l&#8217;instant suspendues&nbsp;<\/span><\/strong><\/p>\n<h4>CONDITIONS<\/h4>\n<p>La visite co\u00fbte 8 eur\/personne et dure environ 45\u2019 \u00e0 60\u2032.<br \/>\nSi vous le souhaitez, il est possible de combiner la visite \u00e0 une palette de d\u00e9gustation de toutes nos bi\u00e8res (5 verres de 10cl) pour 12 eur, visite comprise.<\/p>\n<p>Paiement \u00e9lectronique disponible.<br \/>\nPour l\u2019instant, la brasserie n\u2019est malheureusement pas accessible aux personnes \u00e0 mobilit\u00e9 r\u00e9duite (acc\u00e8s de plain-pied possible sur demande mais pas de toilette PMR).<\/p>\n<h4>ADRESSE<\/h4>\n<p><a href=\"https:\/\/brasserieduclocher.be\/philomene\/rejoindre-la-brasserie\/\" target=\"_blank\" rel=\"noopener noreferrer\">Brasserie du Clocher<\/a> (ancienne Chapelle du Piroy), rue du Petit Babin 156 \u00e0 Malonne.[\/vc_column_text][\/vc_column][\/vc_row]\n","protected":false},"excerpt":{"rendered":"<p>[vc_row][vc_column][vc_column_text css=&#8221;.vc_custom_1764320601432{margin-bottom: 0px !important;}&#8221;] Visite de la brasserie et taverne \u00e9ph\u00e9m\u00e8re les 3\u00e8mes dimanches du mois \u00c7a faisait partie de nos bonnes r\u00e9solutions pour 2018 : nous avons d\u00e9cid\u00e9 d&#8217;ouvrir la brasserie au public tous les 3\u00e8mes dimanches du mois. Pour l&#8217;occasion, la brasserie est accessible entre 11h00 et 19h00 en mode &#8216; Taverne &#8216; [&hellip;]<\/p>\n","protected":false},"author":1,"featured_media":1369,"parent":0,"menu_order":0,"comment_status":"closed","ping_status":"closed","template":"","meta":{"ngg_post_thumbnail":0,"footnotes":""},"_links":{"self":[{"href":"https:\/\/brasserieduclocher.be\/philomene\/wp-json\/wp\/v2\/pages\/1361"}],"collection":[{"href":"https:\/\/brasserieduclocher.be\/philomene\/wp-json\/wp\/v2\/pages"}],"about":[{"href":"https:\/\/brasserieduclocher.be\/philomene\/wp-json\/wp\/v2\/types\/page"}],"author":[{"embeddable":true,"href":"https:\/\/brasserieduclocher.be\/philomene\/wp-json\/wp\/v2\/users\/1"}],"replies":[{"embeddable":true,"href":"https:\/\/brasserieduclocher.be\/philomene\/wp-json\/wp\/v2\/comments?post=1361"}],"version-history":[{"count":44,"href":"https:\/\/brasserieduclocher.be\/philomene\/wp-json\/wp\/v2\/pages\/1361\/revisions"}],"predecessor-version":[{"id":2702,"href":"https:\/\/brasserieduclocher.be\/philomene\/wp-json\/wp\/v2\/pages\/1361\/revisions\/2702"}],"wp:featuredmedia":[{"embeddable":true,"href":"https:\/\/brasserieduclocher.be\/philomene\/wp-json\/wp\/v2\/media\/1369"}],"wp:attachment":[{"href":"https:\/\/brasserieduclocher.be\/philomene\/wp-json\/wp\/v2\/media?parent=1361"}],"curies":[{"name":"wp","href":"https:\/\/api.w.org\/{rel}","templated":true}]}}