{"id":1221,"date":"2017-05-08T16:28:42","date_gmt":"2017-05-08T15:28:42","guid":{"rendered":"http:\/\/brasserieduclocher.be\/philomene\/?page_id=1221"},"modified":"2020-12-06T23:58:20","modified_gmt":"2020-12-06T21:58:20","slug":"philomene-hoptimale","status":"publish","type":"page","link":"https:\/\/brasserieduclocher.be\/philomene\/philomene-hoptimale\/","title":{"rendered":"Philom\u00e8ne HoptimAle"},"content":{"rendered":"<h5><span style=\"color: #99cc33;\">La Philom\u00e8ne&nbsp;HoptimAle<\/span><\/h5>\n<p><span style=\"color: #ffffff;\"> <i><span style=\"color: #ffffff;\">Philom\u00e8ne HoptimAle : Bi\u00e8re ambr\u00e9e-cuivr\u00e9e&nbsp;de caract\u00e8re, \u00e0 l&#8217;amertume vive et au nez fruit\u00e9<\/span><img loading=\"lazy\" decoding=\"async\" class=\"size-medium wp-image-1223 alignright\" src=\"http:\/\/brasserieduclocher.be\/philomene\/wp-content\/uploads\/2017\/05\/hoptimalePNG-300x300.png\" alt=\"\" width=\"300\" height=\"300\" srcset=\"https:\/\/brasserieduclocher.be\/philomene\/wp-content\/uploads\/2017\/05\/hoptimalePNG-300x300.png 300w, https:\/\/brasserieduclocher.be\/philomene\/wp-content\/uploads\/2017\/05\/hoptimalePNG-150x150.png 150w, https:\/\/brasserieduclocher.be\/philomene\/wp-content\/uploads\/2017\/05\/hoptimalePNG-250x250.png 250w, https:\/\/brasserieduclocher.be\/philomene\/wp-content\/uploads\/2017\/05\/hoptimalePNG-550x550.png 550w, https:\/\/brasserieduclocher.be\/philomene\/wp-content\/uploads\/2017\/05\/hoptimalePNG-500x500.png 500w, https:\/\/brasserieduclocher.be\/philomene\/wp-content\/uploads\/2017\/05\/hoptimalePNG-225x225.png 225w, https:\/\/brasserieduclocher.be\/philomene\/wp-content\/uploads\/2017\/05\/hoptimalePNG-200x200.png 200w, https:\/\/brasserieduclocher.be\/philomene\/wp-content\/uploads\/2017\/05\/hoptimalePNG-400x400.png 400w, https:\/\/brasserieduclocher.be\/philomene\/wp-content\/uploads\/2017\/05\/hoptimalePNG-260x260.png 260w, https:\/\/brasserieduclocher.be\/philomene\/wp-content\/uploads\/2017\/05\/hoptimalePNG-600x600.png 600w, https:\/\/brasserieduclocher.be\/philomene\/wp-content\/uploads\/2017\/05\/hoptimalePNG-414x414.png 414w, https:\/\/brasserieduclocher.be\/philomene\/wp-content\/uploads\/2017\/05\/hoptimalePNG-60x60.png 60w, https:\/\/brasserieduclocher.be\/philomene\/wp-content\/uploads\/2017\/05\/hoptimalePNG.png 656w\" sizes=\"(max-width: 300px) 100vw, 300px\" \/> <\/i><\/span><\/p>\n<p>La Philom\u00e8ne HoptimAle est une bi\u00e8re de d\u00e9gustation inspir\u00e9e de la tradition anglaise des &#8220;pale-ale&#8221; \u00e0 laquelle notre brasseur a voulu donner une touche de modernit\u00e9.<\/p>\n<p>C\u2019est une bi\u00e8re de caract\u00e8re \u00e0 la robe cuivr\u00e9e, pure malt d\u2019orge, sans \u00e9pices, qui titre 7,2 % alc.\/vol. et ne contient plus aucun sucre r\u00e9siduel. Son amertume vive (+\/- 30 IBU) est contrebalanc\u00e9e par des notes de fruits suaves donn\u00e9es par un subtil assemblage de houblons. Temp\u00e9rature de service conseill\u00e9e : 8-10\u00b0C.<\/p>\n<p><img loading=\"lazy\" decoding=\"async\" class=\"wp-image-1385 size-full alignleft\" style=\"color: #ffffff;\" src=\"http:\/\/brasserieduclocher.be\/philomene\/wp-content\/uploads\/2018\/03\/IMG_4197-Medium.jpg\" alt=\"\" width=\"365\" height=\"548\" srcset=\"https:\/\/brasserieduclocher.be\/philomene\/wp-content\/uploads\/2018\/03\/IMG_4197-Medium.jpg 365w, https:\/\/brasserieduclocher.be\/philomene\/wp-content\/uploads\/2018\/03\/IMG_4197-Medium-200x300.jpg 200w\" sizes=\"(max-width: 365px) 100vw, 365px\" \/><\/p>\n<p style=\"text-align: left;\"><span style=\"color: #ffffff;\">F<\/span><span style=\"color: #ffffff;\">ormat<\/span><\/p>\n<p>Elle est d\u00e9clin\u00e9e en f\u00fbts de 20 l ainsi qu\u2019en 2 formats de bouteilles; une de 75cl ferm\u00e9e par un bouchon-muselet <i>(le format id\u00e9al pour partager avec un ami ou offrir en cadeau)<\/i> et en bouteille de 33cl de type &#8220;longneck&#8221; <i>(ce qu&#8217;il vous faut en permanence dans le frigo pour ne jamais plus avoir soif !)<\/i><\/p>\n<p>&nbsp;<\/p>\n<p><span style=\"color: #ffffff;\">En cuisine &#8230;<\/span><\/p>\n<p>La Philom\u00e8ne HoptimAle s\u2019associe harmonieusement avec des plats de viande rouge comme le canard, le b\u0153uf ou du&nbsp;gibier (biche, sanglier, autruche ,\u2026).<\/p>\n<p><a href=\"https:\/\/brasserieduclocher.be\/philomene\/index.php\/ou-trouver-nos-bieres\/\">O\u00f9 la trouver ?<\/a><\/p>\n<p><a href=\"https:\/\/brasserieduclocher.be\/philomene\/la-brasserie\/comptoir-de-vente\/\">Venez l&#8217;emporter \u00e0 la brasserie<\/a><\/p>\n","protected":false},"excerpt":{"rendered":"<p>La Philom\u00e8ne&nbsp;HoptimAle Philom\u00e8ne HoptimAle : Bi\u00e8re ambr\u00e9e-cuivr\u00e9e&nbsp;de caract\u00e8re, \u00e0 l&#8217;amertume vive et au nez fruit\u00e9 La Philom\u00e8ne HoptimAle est une bi\u00e8re de d\u00e9gustation inspir\u00e9e de la tradition anglaise des &#8220;pale-ale&#8221; \u00e0 laquelle notre brasseur a voulu donner une touche de modernit\u00e9. C\u2019est une bi\u00e8re de caract\u00e8re \u00e0 la robe cuivr\u00e9e, pure malt d\u2019orge, sans \u00e9pices, [&hellip;]<\/p>\n","protected":false},"author":1,"featured_media":619,"parent":0,"menu_order":0,"comment_status":"closed","ping_status":"closed","template":"","meta":{"ngg_post_thumbnail":0,"footnotes":""},"_links":{"self":[{"href":"https:\/\/brasserieduclocher.be\/philomene\/wp-json\/wp\/v2\/pages\/1221"}],"collection":[{"href":"https:\/\/brasserieduclocher.be\/philomene\/wp-json\/wp\/v2\/pages"}],"about":[{"href":"https:\/\/brasserieduclocher.be\/philomene\/wp-json\/wp\/v2\/types\/page"}],"author":[{"embeddable":true,"href":"https:\/\/brasserieduclocher.be\/philomene\/wp-json\/wp\/v2\/users\/1"}],"replies":[{"embeddable":true,"href":"https:\/\/brasserieduclocher.be\/philomene\/wp-json\/wp\/v2\/comments?post=1221"}],"version-history":[{"count":9,"href":"https:\/\/brasserieduclocher.be\/philomene\/wp-json\/wp\/v2\/pages\/1221\/revisions"}],"predecessor-version":[{"id":2121,"href":"https:\/\/brasserieduclocher.be\/philomene\/wp-json\/wp\/v2\/pages\/1221\/revisions\/2121"}],"wp:featuredmedia":[{"embeddable":true,"href":"https:\/\/brasserieduclocher.be\/philomene\/wp-json\/wp\/v2\/media\/619"}],"wp:attachment":[{"href":"https:\/\/brasserieduclocher.be\/philomene\/wp-json\/wp\/v2\/media?parent=1221"}],"curies":[{"name":"wp","href":"https:\/\/api.w.org\/{rel}","templated":true}]}}