{"id":1171,"date":"2017-04-21T11:15:59","date_gmt":"2017-04-21T10:15:59","guid":{"rendered":"http:\/\/brasserieduclocher.be\/philomene\/?page_id=1171"},"modified":"2017-04-24T09:39:40","modified_gmt":"2017-04-24T08:39:40","slug":"inauguration-de-la-brasserie-56-7-mai","status":"publish","type":"page","link":"https:\/\/brasserieduclocher.be\/philomene\/inauguration-de-la-brasserie-56-7-mai\/","title":{"rendered":"Inauguration de la brasserie &#8211; 5,6 &#038; 7 mai"},"content":{"rendered":"<p>&nbsp;<\/p>\n<p><img loading=\"lazy\" decoding=\"async\" class=\"alignnone wp-image-1177 size-large\" src=\"http:\/\/brasserieduclocher.be\/philomene\/wp-content\/uploads\/2017\/04\/banner-inauguration-1024x375.png\" alt=\"\" width=\"1024\" height=\"375\"><\/p>\n<p>&nbsp;<\/p>\n<h3>Invitation \u00e0 tous<\/h3>\n<p>&nbsp;<\/p>\n<p>Un peu plus d\u2019un an apr\u00e8s la sortie de notre premi\u00e8re bi\u00e8re, voici venu le moment d\u2019inaugurer officiellement notre brasserie.<\/p>\n<p>Vous \u00eates cordialement invit\u00e9s \u00e0 participer \u00e0 la s\u00e9ance publique qui aura lieu le <strong>dimanche 7 mai entre 10h30 et 18h00<\/strong>. Le vendredi \u00e9tant r\u00e9serv\u00e9 \u00e0 la s\u00e9ance acad\u00e9mique et le samedi \u00e0 nos partenaires et aux souscripteurs de notre campagne de financement participatif.<\/p>\n<p>Diverses animations ainsi qu\u2019une petite restauration sont pr\u00e9vues. Il sera possible entre autres de voir les installations, rencontrer les brasseurs et visionner une exposition de photos retra\u00e7ant l\u2019\u00e9volution du projet depuis ses d\u00e9buts et de la restauration du b\u00e2timent.<\/p>\n<p>Nous vous r\u00e9servons \u00e9galement quelques surprises comme la <strong>possibilit\u00e9 de d\u00e9couvrir &#8211; en primeur &#8211; la nouvelle Philom\u00e8ne ambr\u00e9e<\/strong>, tout juste sortie de nos cuves et dont le nom reste secret jusque-l\u00e0 !<\/p>\n<p>Afin de faire connaissance avec cette nouvelle venue dans le village, une d\u00e9gustation gratuite de notre nouvelle bi\u00e8re vous sera offerte\u2026 une occasion \u00e0 ne pas manquer donc !!!<\/p>\n<p>Nous avons h\u00e2te de vous y retrouver<\/p>\n<p>Alex &amp; Jean<\/p>\n","protected":false},"excerpt":{"rendered":"<p>&nbsp; &nbsp; Invitation \u00e0 tous &nbsp; Un peu plus d\u2019un an apr\u00e8s la sortie de notre premi\u00e8re bi\u00e8re, voici venu le moment d\u2019inaugurer officiellement notre brasserie. Vous \u00eates cordialement invit\u00e9s \u00e0 participer \u00e0 la s\u00e9ance publique qui aura lieu le dimanche 7 mai entre 10h30 et 18h00. Le vendredi \u00e9tant r\u00e9serv\u00e9 \u00e0 la s\u00e9ance acad\u00e9mique [&hellip;]<\/p>\n","protected":false},"author":1,"featured_media":1177,"parent":0,"menu_order":0,"comment_status":"closed","ping_status":"closed","template":"","meta":{"ngg_post_thumbnail":0,"footnotes":""},"_links":{"self":[{"href":"https:\/\/brasserieduclocher.be\/philomene\/wp-json\/wp\/v2\/pages\/1171"}],"collection":[{"href":"https:\/\/brasserieduclocher.be\/philomene\/wp-json\/wp\/v2\/pages"}],"about":[{"href":"https:\/\/brasserieduclocher.be\/philomene\/wp-json\/wp\/v2\/types\/page"}],"author":[{"embeddable":true,"href":"https:\/\/brasserieduclocher.be\/philomene\/wp-json\/wp\/v2\/users\/1"}],"replies":[{"embeddable":true,"href":"https:\/\/brasserieduclocher.be\/philomene\/wp-json\/wp\/v2\/comments?post=1171"}],"version-history":[{"count":21,"href":"https:\/\/brasserieduclocher.be\/philomene\/wp-json\/wp\/v2\/pages\/1171\/revisions"}],"predecessor-version":[{"id":1214,"href":"https:\/\/brasserieduclocher.be\/philomene\/wp-json\/wp\/v2\/pages\/1171\/revisions\/1214"}],"wp:featuredmedia":[{"embeddable":true,"href":"https:\/\/brasserieduclocher.be\/philomene\/wp-json\/wp\/v2\/media\/1177"}],"wp:attachment":[{"href":"https:\/\/brasserieduclocher.be\/philomene\/wp-json\/wp\/v2\/media?parent=1171"}],"curies":[{"name":"wp","href":"https:\/\/api.w.org\/{rel}","templated":true}]}}