{"id":1070,"date":"2017-02-25T18:53:12","date_gmt":"2017-02-25T17:53:12","guid":{"rendered":"http:\/\/brasserieduclocher.be\/philomene\/?page_id=1070"},"modified":"2017-11-10T20:52:54","modified_gmt":"2017-11-10T19:52:54","slug":"rejoindre-la-brasserie","status":"publish","type":"page","link":"https:\/\/brasserieduclocher.be\/philomene\/la-brasserie\/rejoindre-la-brasserie\/","title":{"rendered":"Rejoindre la brasserie"},"content":{"rendered":"<h2>Adresse<\/h2>\n<p>La brasserie se trouve \u00e0 Malonne au No 156 de la rue du Petit Babin&#8230; cherchez une \u00e9glise !<\/p>\n<div style=\"width: 100%;\"><iframe loading=\"lazy\" style=\"border: 0;\" src=\"https:\/\/www.google.com\/maps\/embed?pb=!1m18!1m12!1m3!1d2433.637392660775!2d4.789821615490878!3d50.418332397560135!2m3!1f0!2f0!3f0!3m2!1i1024!2i768!4f13.1!3m3!1m2!1s0x47c19a7ee85671ff%3A0x5879fcd0fe845f61!2sBrasserie+du+Clocher!5e1!3m2!1sfr!2sbe!4v1488043452471\" width=\"400\" height=\"400\" frameborder=\"0\" allowfullscreen=\"allowfullscreen\"><\/iframe><\/div>\n<p>&nbsp;<\/p>\n<p>&nbsp;<\/p>\n<h2>Bus<\/h2>\n<p>Il est tr\u00e8s facile d&#8217;y venir en bus au d\u00e9part de Namur : prendre le bus No <a href=\"https:\/\/www.infotec.be\/published\/Document.axd?document=7261\" target=\"_blank\" rel=\"noopener\">28 NAMUR &#8211; FLOREFFE (BUZET &#8211; SOVIMONT)<\/a> en direction de Floreffe et arr\u00e8tez vous \u00e0 l&#8217;arr\u00eat <a href=\"https:\/\/www.infotec.be\/fr-be\/medeplacer\/horaires\/arret.aspx?arret=MALONNE+Le+Piroy+%C3%A9glise&amp;id=N528awa\" target=\"_blank\" rel=\"noopener\">&#8220;MALONNE Le Piroy \u00e9glise&#8221;<\/a>, vous \u00eates \u00e0 20 m\u00e8tres de la brasserie.<\/p>\n<p>D&#8217;autres lignes&nbsp;passent \u00e0 proximit\u00e9 :<\/p>\n<p>&#8211; ligne 6 (Namur &#8211; Mettet, direction Mettet) : descendre \u00e0 l&#8217;arr\u00eat <a href=\"https:\/\/www.infotec.be\/fr-be\/medeplacer\/horaires\/arret.aspx?arret=MALONNE+Petit-Bois&amp;id=N528asa\" target=\"_blank\" rel=\"noopener\">&#8220;MALONNE Petit-Bois&#8221;<\/a>,&nbsp;vous n&#8217;\u00eates qu&#8217;\u00e0 1400 m\u00e8tres du but !<\/p>\n<p>&#8211; ligne 6b (Namur &#8211; Malonne (Malpas)) : descendre \u00e0 l&#8217;arr\u00eat <a href=\"https:\/\/www.infotec.be\/fr-be\/medeplacer\/horaires\/arret.aspx?arret=MALONNE%20Malpas%20place\" target=\"_blank\" rel=\"noopener\">&#8220;MALONNE Malpas place&#8221;<\/a>,&nbsp;vous n&#8217;\u00eates qu&#8217;\u00e0 1600 m\u00e8tres du but !<\/p>\n<h1 class=\"pa_arret\">&nbsp;<\/h1>\n<h1 id=\"nomLigne\" class=\"pa_arret\">&nbsp;<\/h1>\n<p>&nbsp;<\/p>\n<div class=\"ligneDirInfos\">&nbsp;<\/div>\n","protected":false},"excerpt":{"rendered":"<p>Adresse La brasserie se trouve \u00e0 Malonne au No 156 de la rue du Petit Babin&#8230; cherchez une \u00e9glise ! &nbsp; &nbsp; Bus Il est tr\u00e8s facile d&#8217;y venir en bus au d\u00e9part de Namur : prendre le bus No 28 NAMUR &#8211; FLOREFFE (BUZET &#8211; SOVIMONT) en direction de Floreffe et arr\u00e8tez vous \u00e0 [&hellip;]<\/p>\n","protected":false},"author":1,"featured_media":0,"parent":145,"menu_order":0,"comment_status":"closed","ping_status":"closed","template":"","meta":{"ngg_post_thumbnail":0,"footnotes":""},"_links":{"self":[{"href":"https:\/\/brasserieduclocher.be\/philomene\/wp-json\/wp\/v2\/pages\/1070"}],"collection":[{"href":"https:\/\/brasserieduclocher.be\/philomene\/wp-json\/wp\/v2\/pages"}],"about":[{"href":"https:\/\/brasserieduclocher.be\/philomene\/wp-json\/wp\/v2\/types\/page"}],"author":[{"embeddable":true,"href":"https:\/\/brasserieduclocher.be\/philomene\/wp-json\/wp\/v2\/users\/1"}],"replies":[{"embeddable":true,"href":"https:\/\/brasserieduclocher.be\/philomene\/wp-json\/wp\/v2\/comments?post=1070"}],"version-history":[{"count":17,"href":"https:\/\/brasserieduclocher.be\/philomene\/wp-json\/wp\/v2\/pages\/1070\/revisions"}],"predecessor-version":[{"id":1310,"href":"https:\/\/brasserieduclocher.be\/philomene\/wp-json\/wp\/v2\/pages\/1070\/revisions\/1310"}],"up":[{"embeddable":true,"href":"https:\/\/brasserieduclocher.be\/philomene\/wp-json\/wp\/v2\/pages\/145"}],"wp:attachment":[{"href":"https:\/\/brasserieduclocher.be\/philomene\/wp-json\/wp\/v2\/media?parent=1070"}],"curies":[{"name":"wp","href":"https:\/\/api.w.org\/{rel}","templated":true}]}}